{"id":103137,"date":"2020-02-11T18:08:31","date_gmt":"2020-02-11T17:08:31","guid":{"rendered":"https:\/\/weenat.com\/mentions-legales\/"},"modified":"2026-01-08T11:58:53","modified_gmt":"2026-01-08T10:58:53","slug":"impressum","status":"publish","type":"page","link":"https:\/\/weenat.com\/de\/impressum\/","title":{"rendered":"DE &#8211; Mentions l\u00e9gales"},"content":{"rendered":"<p>[et_pb_section fb_built=&#8220;1&#8243; _builder_version=&#8220;4.19.5&#8243; custom_padding=&#8220;||0px|||&#8220; locked=&#8220;off&#8220; collapsed=&#8220;off&#8220; global_colors_info=&#8220;{}&#8220;][et_pb_row _builder_version=&#8220;4.17.4&#8243; global_colors_info=&#8220;{}&#8220;][et_pb_column type=&#8220;4_4&#8243; _builder_version=&#8220;4.16&#8243; global_colors_info=&#8220;{}&#8220;][et_pb_code _builder_version=&#8220;4.16&#8243; global_colors_info=&#8220;{}&#8220;]<span><span><a href=\"https:\/\/weenat.com\/de\/\">Weenat<\/a><\/span><\/span>[\/et_pb_code][\/et_pb_column][\/et_pb_row][et_pb_row _builder_version=&#8220;4.19.5&#8243; global_colors_info=&#8220;{}&#8220;][et_pb_column type=&#8220;4_4&#8243; _builder_version=&#8220;4.16&#8243; global_colors_info=&#8220;{}&#8220;][et_pb_text _builder_version=&#8220;4.27.4&#8243; _dynamic_attributes=&#8220;link_option_url&#8220; _module_preset=&#8220;9b2e0bcf-ed2e-43c7-9b84-aff5d7e930b2&#8243; link_option_url=&#8220;@ET-DC@eyJkeW5hbWljIjp0cnVlLCJjb250ZW50IjoicG9zdF9saW5rX3VybF9wYWdlIiwic2V0dGluZ3MiOnsicG9zdF9pZCI6IjgzMSJ9fQ==@&#8220; global_colors_info=&#8220;{}&#8220;]<\/p>\n<h1>Impressum<\/h1>\n<p>[\/et_pb_text][\/et_pb_column][\/et_pb_row][\/et_pb_section][et_pb_section fb_built=&#8220;1&#8243; _builder_version=&#8220;4.16&#8243; custom_padding=&#8220;0px|||||&#8220; global_colors_info=&#8220;{}&#8220;][et_pb_row _builder_version=&#8220;4.19.5&#8243; global_colors_info=&#8220;{}&#8220;][et_pb_column type=&#8220;4_4&#8243; _builder_version=&#8220;4.16&#8243; custom_padding=&#8220;|||&#8220; global_colors_info=&#8220;{}&#8220; custom_padding__hover=&#8220;|||&#8220;][et_pb_text _builder_version=&#8220;4.27.4&#8243; _module_preset=&#8220;a911bbfb-d5ea-4b1c-a805-a3c8d79268a7&#8243; custom_margin=&#8220;||20px||false|false&#8220; global_colors_info=&#8220;{}&#8220;]<\/p>\n<h2><strong>Unternehmen<\/strong><\/h2>\n<p>[\/et_pb_text][et_pb_text _builder_version=&#8220;4.27.4&#8243; global_colors_info=&#8220;{}&#8220;]<\/p>\n<p>WEENAT S.A.S., vereinfachte Aktiengesellschaft mit einem Stammkapital von 92\u00a0862,40 \u20ac \u20ac \u2013 Eintrag im frz. Handelsregister RCS Nantes unter der Nr. 803 450 287<br \/>USt-IdNr. (VAT-ID): FR07 803 450 287<\/p>\n<p>[\/et_pb_text][et_pb_text _builder_version=&#8220;4.27.4&#8243; _module_preset=&#8220;a911bbfb-d5ea-4b1c-a805-a3c8d79268a7&#8243; custom_margin=&#8220;||1px||false|false&#8220; global_colors_info=&#8220;{}&#8220;]<\/p>\n<h2><span><span class=\"ui-provider cge cgf c d e f g h i j k l m n o p q r s t cgg cgh w x y z ab ac ae af ag ah ai aj ak\" dir=\"ltr\">Niederlassung in Deutschland<\/span><\/span><\/h2>\n<p>[\/et_pb_text][et_pb_text _builder_version=&#8220;4.27.5&#8243; custom_margin=&#8220;||20px||false|false&#8220; hover_enabled=&#8220;0&#8243; global_colors_info=&#8220;{}&#8220; sticky_enabled=&#8220;0&#8243;]<\/p>\n<p>Weenat GmbH<\/p>\n<p>Gewerbepark Bliesen 1a, 66606 St. Wendel, Germany<\/p>\n<p>[\/et_pb_text][et_pb_text _builder_version=&#8220;4.27.4&#8243; _module_preset=&#8220;a911bbfb-d5ea-4b1c-a805-a3c8d79268a7&#8243; custom_margin=&#8220;||1px||false|false&#8220; global_colors_info=&#8220;{}&#8220;]<\/p>\n<h2>Kontakt in Deutschland<\/h2>\n<p>[\/et_pb_text][et_pb_text _builder_version=&#8220;4.27.4&#8243; custom_margin=&#8220;||20px||false|false&#8220; global_colors_info=&#8220;{}&#8220;]<\/p>\n<p>Verantwortlicher der Ver\u00f6ffentlichung : J\u00e9r\u00f4me Le Roy<\/p>\n<p><strong><a href=\"tel:+4917676859991\">+49 (0)176 76859991<\/a><\/strong><\/p>\n<p><strong><a href=\"mailto:contact@weenat.com\">contact@weenat.com<\/a><\/strong><\/p>\n<p>[\/et_pb_text][et_pb_text _builder_version=&#8220;4.27.4&#8243; _module_preset=&#8220;a911bbfb-d5ea-4b1c-a805-a3c8d79268a7&#8243; custom_margin=&#8220;||1px||false|false&#8220; global_colors_info=&#8220;{}&#8220;]<\/p>\n<h2>Host<\/h2>\n<p>[\/et_pb_text][et_pb_text _builder_version=&#8220;4.27.4&#8243; custom_margin=&#8220;||20px||false|false&#8220; global_colors_info=&#8220;{}&#8220;]<\/p>\n<p>Die Website weenat.com wird von<strong> WPX Hosting K Media Tech (Eigent\u00fcmer von WPX) gehostet.<\/strong><\/p>\n<p>VAT: BG202249002<\/p>\n<p>bl. 68, entr. B, fl. 2, ap. 12,<\/p>\n<p>Manastirski livadi, 1404 Sofia,<\/p>\n<p>Bulgaria<\/p>\n<p>+359 87 766 3990<\/p>\n<p>[\/et_pb_text][et_pb_text _builder_version=&#8220;4.27.4&#8243; _module_preset=&#8220;a911bbfb-d5ea-4b1c-a805-a3c8d79268a7&#8243; custom_margin=&#8220;||1px||false|false&#8220; global_colors_info=&#8220;{}&#8220;]<\/p>\n<h2>Credits<\/h2>\n<p>[\/et_pb_text][et_pb_text _builder_version=&#8220;4.27.4&#8243; custom_margin=&#8220;||20px||false|false&#8220; global_colors_info=&#8220;{}&#8220;]<\/p>\n<p>Bilder: iStock, Unsplash, Adobe stock, Weenat<\/p>\n<p>Piktogramme: Streamline<\/p>\n<p><a href=\"https:\/\/kwalt-digital.com\/\">Erstellung der Website<\/a>: Kwalt Digital<\/p>\n<p>[\/et_pb_text][\/et_pb_column][\/et_pb_row][\/et_pb_section]<\/p>\n","protected":false},"excerpt":{"rendered":"<p><span><span><a href=\"https:\/\/weenat.com\/de\/\">Weenat<\/a><\/span><\/span>ImpressumUnternehmenWEENAT S.A.S., vereinfachte Aktiengesellschaft mit einem Stammkapital von 92\u00a0862,40 \u20ac \u20ac \u2013 Eintrag im frz. Handelsregister RCS Nantes unter der Nr. 803 450 287USt-IdNr. (VAT-ID): FR07 803 450 287Niederlassung in DeutschlandWeenat GmbH Gewerbepark Bliesen 1a, 66606 St. Wendel, GermanyKontakt in DeutschlandVerantwortlicher der Ver\u00f6ffentlichung : J\u00e9r\u00f4me Le Roy +49 (0)176 76859991 contact@weenat.comHostDie Website weenat.com wird von [&hellip;]<\/p>\n","protected":false},"author":5,"featured_media":0,"parent":0,"menu_order":0,"comment_status":"closed","ping_status":"closed","template":"","meta":{"_acf_changed":false,"_et_pb_use_builder":"on","_et_pb_old_content":"","_et_gb_content_width":"","footnotes":""},"class_list":["post-103137","page","type-page","status-publish","hentry"],"acf":[],"yoast_head":"<!-- This site is optimized with the Yoast SEO plugin v27.3 - https:\/\/yoast.com\/product\/yoast-seo-wordpress\/ -->\n<title>Impressum | Weenat<\/title>\n<meta name=\"robots\" content=\"index, follow, max-snippet:-1, max-image-preview:large, max-video-preview:-1\" \/>\n<link rel=\"canonical\" href=\"https:\/\/weenat.com\/de\/impressum\/\" \/>\n<meta property=\"og:locale\" content=\"de_DE\" \/>\n<meta property=\"og:type\" content=\"article\" \/>\n<meta property=\"og:title\" content=\"Impressum | Weenat\" \/>\n<meta property=\"og:description\" content=\"ImpressumUnternehmenWEENAT S.A.S., vereinfachte Aktiengesellschaft mit einem Stammkapital von 92\u00a0862,40 \u20ac \u20ac \u2013 Eintrag im frz. Handelsregister RCS Nantes unter der Nr. 803 450 287USt-IdNr. (VAT-ID): FR07 803 450 287Niederlassung in DeutschlandWeenat GmbH Gewerbepark Bliesen 1a, 66606 St. Wendel, GermanyKontakt in DeutschlandVerantwortlicher der Ver\u00f6ffentlichung : J\u00e9r\u00f4me Le Roy +49 (0)176 76859991 contact@weenat.comHostDie Website weenat.com wird von [&hellip;]\" \/>\n<meta property=\"og:url\" content=\"https:\/\/weenat.com\/de\/impressum\/\" \/>\n<meta property=\"og:site_name\" content=\"Weenat\" \/>\n<meta property=\"article:modified_time\" content=\"2026-01-08T10:58:53+00:00\" \/>\n<meta name=\"twitter:card\" content=\"summary_large_image\" \/>\n<meta name=\"twitter:label1\" content=\"Gesch\u00e4tzte Lesezeit\" \/>\n\t<meta name=\"twitter:data1\" content=\"1\u00a0Minute\" \/>\n<script type=\"application\/ld+json\" class=\"yoast-schema-graph\">{\"@context\":\"https:\\\/\\\/schema.org\",\"@graph\":[{\"@type\":\"WebPage\",\"@id\":\"https:\\\/\\\/weenat.com\\\/de\\\/impressum\\\/\",\"url\":\"https:\\\/\\\/weenat.com\\\/de\\\/impressum\\\/\",\"name\":\"Impressum | Weenat\",\"isPartOf\":{\"@id\":\"https:\\\/\\\/weenat.com\\\/de\\\/#website\"},\"datePublished\":\"2020-02-11T17:08:31+00:00\",\"dateModified\":\"2026-01-08T10:58:53+00:00\",\"breadcrumb\":{\"@id\":\"https:\\\/\\\/weenat.com\\\/de\\\/impressum\\\/#breadcrumb\"},\"inLanguage\":\"de\",\"potentialAction\":[{\"@type\":\"ReadAction\",\"target\":[\"https:\\\/\\\/weenat.com\\\/de\\\/impressum\\\/\"]}]},{\"@type\":\"BreadcrumbList\",\"@id\":\"https:\\\/\\\/weenat.com\\\/de\\\/impressum\\\/#breadcrumb\",\"itemListElement\":[{\"@type\":\"ListItem\",\"position\":1,\"name\":\"Weenat\",\"item\":\"https:\\\/\\\/weenat.com\\\/de\\\/\"},{\"@type\":\"ListItem\",\"position\":2,\"name\":\"Impressum\"}]},{\"@type\":\"WebSite\",\"@id\":\"https:\\\/\\\/weenat.com\\\/de\\\/#website\",\"url\":\"https:\\\/\\\/weenat.com\\\/de\\\/\",\"name\":\"Weenat\",\"description\":\"\",\"potentialAction\":[{\"@type\":\"SearchAction\",\"target\":{\"@type\":\"EntryPoint\",\"urlTemplate\":\"https:\\\/\\\/weenat.com\\\/de\\\/?s={search_term_string}\"},\"query-input\":{\"@type\":\"PropertyValueSpecification\",\"valueRequired\":true,\"valueName\":\"search_term_string\"}}],\"inLanguage\":\"de\"}]}<\/script>\n<!-- \/ Yoast SEO plugin. -->","yoast_head_json":{"title":"Impressum | Weenat","robots":{"index":"index","follow":"follow","max-snippet":"max-snippet:-1","max-image-preview":"max-image-preview:large","max-video-preview":"max-video-preview:-1"},"canonical":"https:\/\/weenat.com\/de\/impressum\/","og_locale":"de_DE","og_type":"article","og_title":"Impressum | Weenat","og_description":"ImpressumUnternehmenWEENAT S.A.S., vereinfachte Aktiengesellschaft mit einem Stammkapital von 92\u00a0862,40 \u20ac \u20ac \u2013 Eintrag im frz. Handelsregister RCS Nantes unter der Nr. 803 450 287USt-IdNr. (VAT-ID): FR07 803 450 287Niederlassung in DeutschlandWeenat GmbH Gewerbepark Bliesen 1a, 66606 St. Wendel, GermanyKontakt in DeutschlandVerantwortlicher der Ver\u00f6ffentlichung : J\u00e9r\u00f4me Le Roy +49 (0)176 76859991 contact@weenat.comHostDie Website weenat.com wird von [&hellip;]","og_url":"https:\/\/weenat.com\/de\/impressum\/","og_site_name":"Weenat","article_modified_time":"2026-01-08T10:58:53+00:00","twitter_card":"summary_large_image","twitter_misc":{"Gesch\u00e4tzte Lesezeit":"1\u00a0Minute"},"schema":{"@context":"https:\/\/schema.org","@graph":[{"@type":"WebPage","@id":"https:\/\/weenat.com\/de\/impressum\/","url":"https:\/\/weenat.com\/de\/impressum\/","name":"Impressum | Weenat","isPartOf":{"@id":"https:\/\/weenat.com\/de\/#website"},"datePublished":"2020-02-11T17:08:31+00:00","dateModified":"2026-01-08T10:58:53+00:00","breadcrumb":{"@id":"https:\/\/weenat.com\/de\/impressum\/#breadcrumb"},"inLanguage":"de","potentialAction":[{"@type":"ReadAction","target":["https:\/\/weenat.com\/de\/impressum\/"]}]},{"@type":"BreadcrumbList","@id":"https:\/\/weenat.com\/de\/impressum\/#breadcrumb","itemListElement":[{"@type":"ListItem","position":1,"name":"Weenat","item":"https:\/\/weenat.com\/de\/"},{"@type":"ListItem","position":2,"name":"Impressum"}]},{"@type":"WebSite","@id":"https:\/\/weenat.com\/de\/#website","url":"https:\/\/weenat.com\/de\/","name":"Weenat","description":"","potentialAction":[{"@type":"SearchAction","target":{"@type":"EntryPoint","urlTemplate":"https:\/\/weenat.com\/de\/?s={search_term_string}"},"query-input":{"@type":"PropertyValueSpecification","valueRequired":true,"valueName":"search_term_string"}}],"inLanguage":"de"}]}},"_links":{"self":[{"href":"https:\/\/weenat.com\/de\/wp-json\/wp\/v2\/pages\/103137","targetHints":{"allow":["GET"]}}],"collection":[{"href":"https:\/\/weenat.com\/de\/wp-json\/wp\/v2\/pages"}],"about":[{"href":"https:\/\/weenat.com\/de\/wp-json\/wp\/v2\/types\/page"}],"author":[{"embeddable":true,"href":"https:\/\/weenat.com\/de\/wp-json\/wp\/v2\/users\/5"}],"replies":[{"embeddable":true,"href":"https:\/\/weenat.com\/de\/wp-json\/wp\/v2\/comments?post=103137"}],"version-history":[{"count":3,"href":"https:\/\/weenat.com\/de\/wp-json\/wp\/v2\/pages\/103137\/revisions"}],"predecessor-version":[{"id":295626,"href":"https:\/\/weenat.com\/de\/wp-json\/wp\/v2\/pages\/103137\/revisions\/295626"}],"wp:attachment":[{"href":"https:\/\/weenat.com\/de\/wp-json\/wp\/v2\/media?parent=103137"}],"curies":[{"name":"wp","href":"https:\/\/api.w.org\/{rel}","templated":true}]}}