{"id":104355,"date":"2021-03-25T17:13:17","date_gmt":"2021-03-25T16:13:17","guid":{"rendered":"https:\/\/weenat.com\/cap-precision\/"},"modified":"2026-04-01T09:33:41","modified_gmt":"2026-04-01T07:33:41","slug":"prazise-bewassern","status":"publish","type":"page","link":"https:\/\/weenat.com\/de\/prazise-bewassern\/","title":{"rendered":"DE &#8211; livre blanc irrigation &#8211; Pr\u00e4zise bew\u00e4ssern"},"content":{"rendered":"<p>[et_pb_section fb_built=&#8220;1&#8243; _builder_version=&#8220;4.17.4&#8243; background_color=&#8220;#ffffff&#8220; background_color_gradient_direction=&#8220;225deg&#8220; background_enable_image=&#8220;off&#8220; custom_margin=&#8220;1.4%||||false|false&#8220; custom_padding=&#8220;0%||0%||false|false&#8220; collapsed=&#8220;off&#8220; global_colors_info=&#8220;{}&#8220;][et_pb_row column_structure=&#8220;2_5,3_5&#8243; _builder_version=&#8220;4.24.0&#8243; global_colors_info=&#8220;{}&#8220;][et_pb_column type=&#8220;2_5&#8243; _builder_version=&#8220;4.16&#8243; global_colors_info=&#8220;{}&#8220;][et_pb_image src=&#8220;https:\/\/weenat.com\/wp-content\/uploads\/2024\/02\/Prazise-bewassern-guide-cover.webp&#8220; title_text=&#8220;livre-blanc-irrigation-2&#8243; url=&#8220;#formulaire&#8220; _builder_version=&#8220;4.27.4&#8243; _module_preset=&#8220;default&#8220; border_radii=&#8220;on|10px|10px|10px|10px&#8220; global_colors_info=&#8220;{}&#8220;][\/et_pb_image][\/et_pb_column][et_pb_column type=&#8220;3_5&#8243; _builder_version=&#8220;4.16&#8243; global_colors_info=&#8220;{}&#8220;][et_pb_text _builder_version=&#8220;4.27.5&#8243; _module_preset=&#8220;9b2e0bcf-ed2e-43c7-9b84-aff5d7e930b2&#8243; header_text_align=&#8220;center&#8220; header_line_height=&#8220;1.3em&#8220; background_enable_color=&#8220;off&#8220; custom_padding=&#8220;0px|||||&#8220; hover_enabled=&#8220;0&#8243; global_colors_info=&#8220;{}&#8220; sticky_enabled=&#8220;0&#8243;]<\/p>\n<h1 style=\"text-align: left;\"><strong>Schluss mit Wasserstress und unn\u00f6tiger <span style=\"color: #0172a4;\">Bew\u00e4sserung<\/span><\/strong><\/h1>\n<p>[\/et_pb_text][et_pb_text _builder_version=&#8220;4.16&#8243; header_text_align=&#8220;center&#8220; header_line_height=&#8220;1.3em&#8220; background_enable_color=&#8220;off&#8220; custom_padding=&#8220;0px|||||&#8220; global_colors_info=&#8220;{}&#8220;]<\/p>\n<p><strong>Sie m\u00f6chten keine Entscheidungen mehr \u00fcber den Daumen gepeilt treffen?<\/strong><\/p>\n<p>Entdecken Sie jetzt, wie Sie mit den Sonden zur Bew\u00e4sserungssteuerung weniger und effektiver bew\u00e4ssern k\u00f6nnen.<span style=\"font-size: 18px;\"><\/span><\/p>\n<p><span style=\"font-size: 18px;\"><\/span><\/p>\n<p>[\/et_pb_text][et_pb_text _builder_version=&#8220;4.19.5&#8243; _module_preset=&#8220;default&#8220; header_text_align=&#8220;center&#8220; header_line_height=&#8220;1.3em&#8220; background_enable_color=&#8220;off&#8220; custom_padding=&#8220;0px|||||&#8220; global_colors_info=&#8220;{}&#8220;]<\/p>\n<p><span><span class=\"ui-provider a b c d e f g h i j k l m n o p q r s t u v w x y z ab ac ae af ag ah ai aj ak\" dir=\"ltr\"><strong>Was <\/strong><strong>Sie k\u00f6nnen werden<\/strong><strong>, wenn Sie diesen Leitfaden gelesen haben:<\/strong><\/span><\/span><\/p>\n<p>\ud83d\ude80 Sich f\u00fcr die an Ihre Bed\u00fcrfnisse am besten passende L\u00f6sung zur Bew\u00e4sserungssteuerung entscheiden.<br \/>\ud83d\udcaa Ihre Sonden zur Bew\u00e4sserungssteuerung wie ein Profi und ohne Hilfe eines Experten installieren.<br \/>\ud83c\udf27 Beobachten und mitverfolgen, was in Ihren B\u00f6den nach Regen oder einer Bew\u00e4sserung passiert.<br \/>\ud83c\udf31 Ihre Pflanzen und deren Wasserkonsum besser verstehen.<br \/>\ud83d\udcc9 Zeit, Geld und Wasser sparen. <br \/>\ud83d\udca7 Und den Nachbar-Betrieben sowie den Beh\u00f6rden ein f\u00fcr alle Mal beweisen, dass Sie pr\u00e4zise und gezielt bew\u00e4ssern.<\/p>\n<p>[\/et_pb_text][et_pb_button button_url=&#8220;#formulaire&#8220; button_text=&#8220;ICH M\u00d6CHTE MEINE BEW\u00c4SSERUNG STEUERN&#8220; _builder_version=&#8220;4.27.5&#8243; _module_preset=&#8220;_initial&#8220; button_bg_color_gradient_stops=&#8220;rgba(255,255,255,0) 0%|rgba(255,255,255,0) 100%&#8220; custom_margin=&#8220;||17px|||&#8220; hover_enabled=&#8220;0&#8243; global_colors_info=&#8220;{}&#8220; sticky_enabled=&#8220;0&#8243;][\/et_pb_button][\/et_pb_column][\/et_pb_row][\/et_pb_section][et_pb_section fb_built=&#8220;1&#8243; module_id=&#8220;formulaire&#8220; _builder_version=&#8220;4.27.4&#8243; _module_preset=&#8220;default&#8220; global_colors_info=&#8220;{}&#8220;][et_pb_row _builder_version=&#8220;4.16&#8243; _module_preset=&#8220;default&#8220; global_colors_info=&#8220;{}&#8220;][et_pb_column type=&#8220;4_4&#8243; _builder_version=&#8220;4.16&#8243; _module_preset=&#8220;default&#8220; global_colors_info=&#8220;{}&#8220;][et_pb_text _builder_version=&#8220;4.27.4&#8243; _dynamic_attributes=&#8220;link_option_url&#8220; _module_preset=&#8220;a911bbfb-d5ea-4b1c-a805-a3c8d79268a7&#8243; link_option_url=&#8220;@ET-DC@eyJkeW5hbWljIjp0cnVlLCJjb250ZW50IjoicG9zdF9saW5rX3VybF9wYWdlIiwic2V0dGluZ3MiOnsicG9zdF9pZCI6IjgzMSJ9fQ==@&#8220; global_colors_info=&#8220;{}&#8220;]<\/p>\n<h2 style=\"text-align: center;\">Fragen Sie unsern kostenlosen Leitfaden an<\/h2>\n<p>[\/et_pb_text][et_pb_text _builder_version=&#8220;4.27.4&#8243; _module_preset=&#8220;default&#8220; text_font_size=&#8220;20px&#8220; text_line_height=&#8220;1.8em&#8220; header_text_align=&#8220;center&#8220; header_line_height=&#8220;1.3em&#8220; background_enable_color=&#8220;off&#8220; custom_padding=&#8220;0px|||||&#8220; locked=&#8220;off&#8220; global_colors_info=&#8220;{}&#8220;]<\/p>\n<p style=\"text-align: center;\">Das beste Lehrbuch, das Ihnen Schritt f\u00fcr Schritt erl\u00e4utert, wie Sie mit den Sonden zur Bew\u00e4sserungssteuerung Ihre Wassergabe um vieles leistungsf\u00e4higer machen k\u00f6nnen..<\/p>\n<p>[\/et_pb_text][et_pb_code _builder_version=&#8220;4.27.4&#8243; _module_preset=&#8220;default&#8220; min_height=&#8220;490px&#8220; global_colors_info=&#8220;{}&#8220;]<script src=\"https:\/\/js-eu1.hsforms.net\/forms\/embed\/145695827.js\" defer><\/script><!-- [et_pb_line_break_holder] --><\/p>\n<div class=\"hs-form-frame\" data-region=\"eu1\" data-form-id=\"ff9eb039-6d7d-409a-8496-542e01cd797a\" data-portal-id=\"145695827\"><\/div>\n<p>[\/et_pb_code][\/et_pb_column][\/et_pb_row][\/et_pb_section][et_pb_section fb_built=&#8220;1&#8243; _builder_version=&#8220;4.27.4&#8243; use_background_color_gradient=&#8220;on&#8220; background_color_gradient_stops=&#8220;rgba(255,255,255,0) 0%|rgba(1,114,164,0.1) 100%&#8220; locked=&#8220;off&#8220; collapsed=&#8220;off&#8220; global_colors_info=&#8220;{}&#8220;][et_pb_row column_structure=&#8220;2_3,1_3&#8243; _builder_version=&#8220;4.27.4&#8243; global_colors_info=&#8220;{}&#8220;][et_pb_column type=&#8220;2_3&#8243; _builder_version=&#8220;4.27.4&#8243; background_color=&#8220;#FFFFFF&#8220; custom_padding=&#8220;3%|5%|3%|5%|true|true&#8220; border_radii=&#8220;on|10px|10px|10px|10px&#8220; box_shadow_style=&#8220;preset3&#8243; global_colors_info=&#8220;{}&#8220;][et_pb_text _builder_version=&#8220;4.24.0&#8243; text_text_color=&#8220;#002635&#8243; text_font_size=&#8220;25px&#8220; custom_margin=&#8220;||-6px|||&#8220; custom_margin_tablet=&#8220;||20px||false|false&#8220; custom_margin_phone=&#8220;&#8220; custom_margin_last_edited=&#8220;on|phone&#8220; custom_padding=&#8220;||0px|||&#8220; global_colors_info=&#8220;{}&#8220;]<\/p>\n<p><strong><em>Eine realit\u00e4tsnahe Methode<\/em><\/strong><\/p>\n<p><span style=\"font-size: 18px;\"><\/span><\/p>\n<p>[\/et_pb_text][et_pb_text _builder_version=&#8220;4.24.0&#8243; header_text_align=&#8220;center&#8220; header_line_height=&#8220;1.3em&#8220; background_enable_color=&#8220;off&#8220; custom_padding=&#8220;0px|||||&#8220; global_colors_info=&#8220;{}&#8220;]<\/p>\n<p><em>\u201eFr\u00fcher haben wir nach Augenma\u00df bew\u00e4ssert. Mit den Sonden k\u00f6nnen wir die Wasserversorgung der Wurzeln visuell mitverfolgen. Eine realit\u00e4tsnahe Methode, dank der ich wei\u00df, wann und ob bew\u00e4ssert werden muss.\u201d<\/em><\/p>\n<p><strong><em>Thierry Baillet<br \/><\/em><\/strong><em>Landwirt<\/em><\/p>\n<p>[\/et_pb_text][\/et_pb_column][et_pb_column type=&#8220;1_3&#8243; _builder_version=&#8220;4.16&#8243; global_colors_info=&#8220;{}&#8220;][et_pb_image src=&#8220;https:\/\/weenat.com\/wp-content\/uploads\/2021\/03\/thierry-baillet-agriculteur-aujourdhui.jpg&#8220; alt=&#8220;Thierry Bailley testimony&#8220; _builder_version=&#8220;4.27.4&#8243; _module_preset=&#8220;default&#8220; custom_margin=&#8220;2%||||false|false&#8220; border_radii=&#8220;on|10px|10px|10px|10px&#8220; box_shadow_style=&#8220;preset3&#8243; global_colors_info=&#8220;{}&#8220;][\/et_pb_image][\/et_pb_column][\/et_pb_row][\/et_pb_section]<\/p>\n","protected":false},"excerpt":{"rendered":"<p>Schluss mit Wasserstress und unn\u00f6tiger Bew\u00e4sserungSie m\u00f6chten keine Entscheidungen mehr \u00fcber den Daumen gepeilt treffen? Entdecken Sie jetzt, wie Sie mit den Sonden zur Bew\u00e4sserungssteuerung weniger und effektiver bew\u00e4ssern k\u00f6nnen. Was Sie k\u00f6nnen werden, wenn Sie diesen Leitfaden gelesen haben: \ud83d\ude80 Sich f\u00fcr die an Ihre Bed\u00fcrfnisse am besten passende L\u00f6sung zur Bew\u00e4sserungssteuerung entscheiden.\ud83d\udcaa Ihre [&hellip;]<\/p>\n","protected":false},"author":4,"featured_media":274846,"parent":0,"menu_order":0,"comment_status":"closed","ping_status":"closed","template":"","meta":{"_acf_changed":false,"_et_pb_use_builder":"on","_et_pb_old_content":"","_et_gb_content_width":"","footnotes":""},"class_list":["post-104355","page","type-page","status-publish","has-post-thumbnail","hentry"],"acf":[],"yoast_head":"<!-- This site is optimized with the Yoast SEO plugin v27.3 - https:\/\/yoast.com\/product\/yoast-seo-wordpress\/ -->\n<title>der Leitfaden zur Bew\u00e4sserung : Pr\u00e4zise bew\u00e4ssern | Weenat<\/title>\n<meta name=\"description\" content=\"Sind Sie es leid, Ihre Entscheidungen &quot;mit dem nassen Finger&quot; zu treffen? Finden Sie heraus, wie Sie mithilfe von Steuerungssonden weniger und besser bew\u00e4ssern k\u00f6nnen.\" \/>\n<meta name=\"robots\" content=\"index, follow, max-snippet:-1, max-image-preview:large, max-video-preview:-1\" \/>\n<link rel=\"canonical\" href=\"https:\/\/weenat.com\/de\/prazise-bewassern\/\" \/>\n<meta property=\"og:locale\" content=\"de_DE\" \/>\n<meta property=\"og:type\" content=\"article\" \/>\n<meta property=\"og:title\" content=\"der Leitfaden zur Bew\u00e4sserung : Pr\u00e4zise bew\u00e4ssern | Weenat\" \/>\n<meta property=\"og:description\" content=\"Sind Sie es leid, Ihre Entscheidungen &quot;mit dem nassen Finger&quot; zu treffen? Finden Sie heraus, wie Sie mithilfe von Steuerungssonden weniger und besser bew\u00e4ssern k\u00f6nnen.\" \/>\n<meta property=\"og:url\" content=\"https:\/\/weenat.com\/de\/prazise-bewassern\/\" \/>\n<meta property=\"og:site_name\" content=\"Weenat\" \/>\n<meta property=\"article:modified_time\" content=\"2026-04-01T07:33:41+00:00\" \/>\n<meta property=\"og:image\" content=\"https:\/\/weenat.com\/wp-content\/uploads\/2024\/02\/Prazise-bewassern-guide-cover.webp\" \/>\n\t<meta property=\"og:image:width\" content=\"1500\" \/>\n\t<meta property=\"og:image:height\" content=\"1800\" \/>\n\t<meta property=\"og:image:type\" content=\"image\/webp\" \/>\n<meta name=\"twitter:card\" content=\"summary_large_image\" \/>\n<meta name=\"twitter:label1\" content=\"Gesch\u00e4tzte Lesezeit\" \/>\n\t<meta name=\"twitter:data1\" content=\"2\u00a0Minuten\" \/>\n<script type=\"application\/ld+json\" class=\"yoast-schema-graph\">{\"@context\":\"https:\\\/\\\/schema.org\",\"@graph\":[{\"@type\":\"WebPage\",\"@id\":\"https:\\\/\\\/weenat.com\\\/de\\\/prazise-bewassern\\\/\",\"url\":\"https:\\\/\\\/weenat.com\\\/de\\\/prazise-bewassern\\\/\",\"name\":\"der Leitfaden zur Bew\u00e4sserung : Pr\u00e4zise bew\u00e4ssern | Weenat\",\"isPartOf\":{\"@id\":\"https:\\\/\\\/weenat.com\\\/de\\\/#website\"},\"primaryImageOfPage\":{\"@id\":\"https:\\\/\\\/weenat.com\\\/de\\\/prazise-bewassern\\\/#primaryimage\"},\"image\":{\"@id\":\"https:\\\/\\\/weenat.com\\\/de\\\/prazise-bewassern\\\/#primaryimage\"},\"thumbnailUrl\":\"https:\\\/\\\/weenat.com\\\/wp-content\\\/uploads\\\/2024\\\/02\\\/Prazise-bewassern-guide-cover.webp\",\"datePublished\":\"2021-03-25T16:13:17+00:00\",\"dateModified\":\"2026-04-01T07:33:41+00:00\",\"description\":\"Sind Sie es leid, Ihre Entscheidungen \\\"mit dem nassen Finger\\\" zu treffen? Finden Sie heraus, wie Sie mithilfe von Steuerungssonden weniger und besser bew\u00e4ssern k\u00f6nnen.\",\"breadcrumb\":{\"@id\":\"https:\\\/\\\/weenat.com\\\/de\\\/prazise-bewassern\\\/#breadcrumb\"},\"inLanguage\":\"de\",\"potentialAction\":[{\"@type\":\"ReadAction\",\"target\":[\"https:\\\/\\\/weenat.com\\\/de\\\/prazise-bewassern\\\/\"]}]},{\"@type\":\"ImageObject\",\"inLanguage\":\"de\",\"@id\":\"https:\\\/\\\/weenat.com\\\/de\\\/prazise-bewassern\\\/#primaryimage\",\"url\":\"https:\\\/\\\/weenat.com\\\/wp-content\\\/uploads\\\/2024\\\/02\\\/Prazise-bewassern-guide-cover.webp\",\"contentUrl\":\"https:\\\/\\\/weenat.com\\\/wp-content\\\/uploads\\\/2024\\\/02\\\/Prazise-bewassern-guide-cover.webp\",\"width\":1500,\"height\":1800},{\"@type\":\"BreadcrumbList\",\"@id\":\"https:\\\/\\\/weenat.com\\\/de\\\/prazise-bewassern\\\/#breadcrumb\",\"itemListElement\":[{\"@type\":\"ListItem\",\"position\":1,\"name\":\"Weenat\",\"item\":\"https:\\\/\\\/weenat.com\\\/de\\\/\"},{\"@type\":\"ListItem\",\"position\":2,\"name\":\"Pr\u00e4zise bew\u00e4ssern\"}]},{\"@type\":\"WebSite\",\"@id\":\"https:\\\/\\\/weenat.com\\\/de\\\/#website\",\"url\":\"https:\\\/\\\/weenat.com\\\/de\\\/\",\"name\":\"Weenat\",\"description\":\"\",\"potentialAction\":[{\"@type\":\"SearchAction\",\"target\":{\"@type\":\"EntryPoint\",\"urlTemplate\":\"https:\\\/\\\/weenat.com\\\/de\\\/?s={search_term_string}\"},\"query-input\":{\"@type\":\"PropertyValueSpecification\",\"valueRequired\":true,\"valueName\":\"search_term_string\"}}],\"inLanguage\":\"de\"}]}<\/script>\n<!-- \/ Yoast SEO plugin. -->","yoast_head_json":{"title":"der Leitfaden zur Bew\u00e4sserung : Pr\u00e4zise bew\u00e4ssern | Weenat","description":"Sind Sie es leid, Ihre Entscheidungen \"mit dem nassen Finger\" zu treffen? Finden Sie heraus, wie Sie mithilfe von Steuerungssonden weniger und besser bew\u00e4ssern k\u00f6nnen.","robots":{"index":"index","follow":"follow","max-snippet":"max-snippet:-1","max-image-preview":"max-image-preview:large","max-video-preview":"max-video-preview:-1"},"canonical":"https:\/\/weenat.com\/de\/prazise-bewassern\/","og_locale":"de_DE","og_type":"article","og_title":"der Leitfaden zur Bew\u00e4sserung : Pr\u00e4zise bew\u00e4ssern | Weenat","og_description":"Sind Sie es leid, Ihre Entscheidungen \"mit dem nassen Finger\" zu treffen? Finden Sie heraus, wie Sie mithilfe von Steuerungssonden weniger und besser bew\u00e4ssern k\u00f6nnen.","og_url":"https:\/\/weenat.com\/de\/prazise-bewassern\/","og_site_name":"Weenat","article_modified_time":"2026-04-01T07:33:41+00:00","og_image":[{"width":1500,"height":1800,"url":"https:\/\/weenat.com\/wp-content\/uploads\/2024\/02\/Prazise-bewassern-guide-cover.webp","type":"image\/webp"}],"twitter_card":"summary_large_image","twitter_misc":{"Gesch\u00e4tzte Lesezeit":"2\u00a0Minuten"},"schema":{"@context":"https:\/\/schema.org","@graph":[{"@type":"WebPage","@id":"https:\/\/weenat.com\/de\/prazise-bewassern\/","url":"https:\/\/weenat.com\/de\/prazise-bewassern\/","name":"der Leitfaden zur Bew\u00e4sserung : Pr\u00e4zise bew\u00e4ssern | Weenat","isPartOf":{"@id":"https:\/\/weenat.com\/de\/#website"},"primaryImageOfPage":{"@id":"https:\/\/weenat.com\/de\/prazise-bewassern\/#primaryimage"},"image":{"@id":"https:\/\/weenat.com\/de\/prazise-bewassern\/#primaryimage"},"thumbnailUrl":"https:\/\/weenat.com\/wp-content\/uploads\/2024\/02\/Prazise-bewassern-guide-cover.webp","datePublished":"2021-03-25T16:13:17+00:00","dateModified":"2026-04-01T07:33:41+00:00","description":"Sind Sie es leid, Ihre Entscheidungen \"mit dem nassen Finger\" zu treffen? Finden Sie heraus, wie Sie mithilfe von Steuerungssonden weniger und besser bew\u00e4ssern k\u00f6nnen.","breadcrumb":{"@id":"https:\/\/weenat.com\/de\/prazise-bewassern\/#breadcrumb"},"inLanguage":"de","potentialAction":[{"@type":"ReadAction","target":["https:\/\/weenat.com\/de\/prazise-bewassern\/"]}]},{"@type":"ImageObject","inLanguage":"de","@id":"https:\/\/weenat.com\/de\/prazise-bewassern\/#primaryimage","url":"https:\/\/weenat.com\/wp-content\/uploads\/2024\/02\/Prazise-bewassern-guide-cover.webp","contentUrl":"https:\/\/weenat.com\/wp-content\/uploads\/2024\/02\/Prazise-bewassern-guide-cover.webp","width":1500,"height":1800},{"@type":"BreadcrumbList","@id":"https:\/\/weenat.com\/de\/prazise-bewassern\/#breadcrumb","itemListElement":[{"@type":"ListItem","position":1,"name":"Weenat","item":"https:\/\/weenat.com\/de\/"},{"@type":"ListItem","position":2,"name":"Pr\u00e4zise bew\u00e4ssern"}]},{"@type":"WebSite","@id":"https:\/\/weenat.com\/de\/#website","url":"https:\/\/weenat.com\/de\/","name":"Weenat","description":"","potentialAction":[{"@type":"SearchAction","target":{"@type":"EntryPoint","urlTemplate":"https:\/\/weenat.com\/de\/?s={search_term_string}"},"query-input":{"@type":"PropertyValueSpecification","valueRequired":true,"valueName":"search_term_string"}}],"inLanguage":"de"}]}},"_links":{"self":[{"href":"https:\/\/weenat.com\/de\/wp-json\/wp\/v2\/pages\/104355","targetHints":{"allow":["GET"]}}],"collection":[{"href":"https:\/\/weenat.com\/de\/wp-json\/wp\/v2\/pages"}],"about":[{"href":"https:\/\/weenat.com\/de\/wp-json\/wp\/v2\/types\/page"}],"author":[{"embeddable":true,"href":"https:\/\/weenat.com\/de\/wp-json\/wp\/v2\/users\/4"}],"replies":[{"embeddable":true,"href":"https:\/\/weenat.com\/de\/wp-json\/wp\/v2\/comments?post=104355"}],"version-history":[{"count":1,"href":"https:\/\/weenat.com\/de\/wp-json\/wp\/v2\/pages\/104355\/revisions"}],"predecessor-version":[{"id":297308,"href":"https:\/\/weenat.com\/de\/wp-json\/wp\/v2\/pages\/104355\/revisions\/297308"}],"wp:featuredmedia":[{"embeddable":true,"href":"https:\/\/weenat.com\/de\/wp-json\/wp\/v2\/media\/274846"}],"wp:attachment":[{"href":"https:\/\/weenat.com\/de\/wp-json\/wp\/v2\/media?parent=104355"}],"curies":[{"name":"wp","href":"https:\/\/api.w.org\/{rel}","templated":true}]}}