{"id":296782,"date":"2022-10-14T10:14:33","date_gmt":"2022-10-14T08:14:33","guid":{"rendered":"https:\/\/weenat.com\/livre-blanc-gestion-risque-gel-agriculture\/"},"modified":"2026-03-09T17:50:14","modified_gmt":"2026-03-09T16:50:14","slug":"leitfaden-risikomanagement-frost-landwirtschaft","status":"publish","type":"page","link":"https:\/\/weenat.com\/de\/leitfaden-risikomanagement-frost-landwirtschaft\/","title":{"rendered":"DE &#8211; ebook gel : La gestion du risque de gel en agriculture"},"content":{"rendered":"<p>[et_pb_section fb_built=&#8220;1&#8243; _builder_version=&#8220;4.27.4&#8243; background_color=&#8220;#ffffff&#8220; background_color_gradient_direction=&#8220;225deg&#8220; background_image=&#8220;https:\/\/weenat.com\/wp-content\/uploads\/2022\/10\/Fond-flocons@2x.png&#8220; background_size=&#8220;contain&#8220; background_position=&#8220;top_center&#8220; background_vertical_offset=&#8220;-28%&#8220; min_height=&#8220;901px&#8220; custom_margin=&#8220;||||false|false&#8220; custom_padding=&#8220;||||false|false&#8220; collapsed=&#8220;off&#8220; global_colors_info=&#8220;{}&#8220;][et_pb_row column_structure=&#8220;1_2,1_2&#8243; _builder_version=&#8220;4.17.4&#8243; _module_preset=&#8220;default&#8220; background_color=&#8220;rgba(255,255,255,0.66)&#8220; width=&#8220;89%&#8220; global_colors_info=&#8220;{}&#8220;][et_pb_column type=&#8220;1_2&#8243; _builder_version=&#8220;4.17.4&#8243; _module_preset=&#8220;default&#8220; global_colors_info=&#8220;{}&#8220;][et_pb_text _builder_version=&#8220;4.27.5&#8243; _dynamic_attributes=&#8220;link_option_url&#8220; _module_preset=&#8220;9b2e0bcf-ed2e-43c7-9b84-aff5d7e930b2&#8243; link_option_url=&#8220;@ET-DC@eyJkeW5hbWljIjp0cnVlLCJjb250ZW50IjoicG9zdF9saW5rX3VybF9wYWdlIiwic2V0dGluZ3MiOnsicG9zdF9pZCI6IjgzMSJ9fQ==@&#8220; global_colors_info=&#8220;{}&#8220;]<\/p>\n<h1>Schluss mit schlaflosen N\u00e4chten und Frostsch\u00e4den<\/h1>\n<p>[\/et_pb_text][et_pb_text _builder_version=&#8220;4.27.5&#8243; global_colors_info=&#8220;{}&#8220;]<\/p>\n<p><strong>Sind Sie es leid, bei drohendem Sp\u00e4tfrost im Fr\u00fchjahr st\u00e4ndig unter Stress zu stehen?<\/strong><\/p>\n<p>Wie Sie Ihre Kulturen besser vor Frost sch\u00fctzen k\u00f6nnen, erfahren Sie mit unserem Leitfaden:<\/p>\n<p>\u2705 Was ist der Unterschied zwischen Advektionsfrost und Strahlungsfrost?<\/p>\n<p>\u2705 Warum k\u00f6nnen klassische Wettervorhersagen Frost nur schwer vorhersagen?<\/p>\n<p>\u2705 Was ist DIE L\u00f6sung, um Frost in Ihren Parzellen zu \u00fcberwachen und fr\u00fchzeitig zu erkennen?<\/p>\n<p>\u2705 Den RICHTIGEN MOMENT f\u00fcr Ihre Frostschutzma\u00dfnahmen zum optimalen Schutz erkennen<\/p>\n<p>Und vieles mehr!<\/p>\n<p>[\/et_pb_text][et_pb_button button_url=&#8220;#formulaire&#8220; button_text=&#8220;Ich m\u00f6chte meinen Leitfaden &#8220; button_alignment=&#8220;left&#8220; _builder_version=&#8220;4.27.5&#8243; _module_preset=&#8220;_initial&#8220; global_colors_info=&#8220;{}&#8220;][\/et_pb_button][\/et_pb_column][et_pb_column type=&#8220;1_2&#8243; _builder_version=&#8220;4.17.4&#8243; _module_preset=&#8220;default&#8220; global_colors_info=&#8220;{}&#8220;][et_pb_image src=&#8220;https:\/\/weenat.com\/wp-content\/uploads\/2026\/03\/Frost-EbookDE_Cover_Mockup_2.webp&#8220; alt=&#8220;FrostEBook_DECover_Mockup&#8220; title_text=&#8220;Frost-EbookDE_Cover_Mockup_2&#8243; _builder_version=&#8220;4.27.5&#8243; _module_preset=&#8220;default&#8220; background_enable_color=&#8220;off&#8220; hover_enabled=&#8220;0&#8243; border_radii=&#8220;on|10px|10px|10px|10px&#8220; global_colors_info=&#8220;{}&#8220; sticky_enabled=&#8220;0&#8243;][\/et_pb_image][\/et_pb_column][\/et_pb_row][\/et_pb_section][et_pb_section fb_built=&#8220;1&#8243; _builder_version=&#8220;4.27.4&#8243; _module_preset=&#8220;default&#8220; background_color=&#8220;rgba(1,114,164,0.1)&#8220; global_colors_info=&#8220;{}&#8220;][et_pb_row _builder_version=&#8220;4.17.4&#8243; global_colors_info=&#8220;{}&#8220;][et_pb_column type=&#8220;4_4&#8243; _builder_version=&#8220;4.16&#8243; global_colors_info=&#8220;{}&#8220;][et_pb_text _builder_version=&#8220;4.27.5&#8243; _dynamic_attributes=&#8220;link_option_url&#8220; _module_preset=&#8220;a911bbfb-d5ea-4b1c-a805-a3c8d79268a7&#8243; link_option_url=&#8220;@ET-DC@eyJkeW5hbWljIjp0cnVlLCJjb250ZW50IjoicG9zdF9saW5rX3VybF9wYWdlIiwic2V0dGluZ3MiOnsicG9zdF9pZCI6IjgzMSJ9fQ==@&#8220; global_colors_info=&#8220;{}&#8220;]<\/p>\n<h2 style=\"text-align: center;\"><strong>Fordern Sie Ihren Leitfaden an \u2013 100 % kostenlos<\/strong><\/h2>\n<p>[\/et_pb_text][et_pb_text _builder_version=&#8220;4.27.5&#8243; _module_preset=&#8220;default&#8220; locked=&#8220;off&#8220; global_colors_info=&#8220;{}&#8220;]<\/p>\n<p style=\"text-align: center;\">Ein praktischer Leitfaden zur Optimierung Ihrer Frostschutzstrategie. \ud83d\udc47<\/p>\n<p>[\/et_pb_text][et_pb_code module_id=&#8220;formulaire&#8220; _builder_version=&#8220;4.27.5&#8243; _module_preset=&#8220;default&#8220; width=&#8220;89%&#8220; max_width=&#8220;92%&#8220; module_alignment=&#8220;center&#8220; border_radii=&#8220;on|10px|10px|10px|10px&#8220; global_colors_info=&#8220;{}&#8220;]<script src=\"https:\/\/js-eu1.hsforms.net\/forms\/embed\/145695827.js\" defer><\/script><!-- [et_pb_line_break_holder] --><\/p>\n<div class=\"hs-form-frame\" data-region=\"eu1\" data-form-id=\"91953a00-15f6-4719-a600-36549867d872\" data-portal-id=\"145695827\"><\/div>\n<p>[\/et_pb_code][\/et_pb_column][\/et_pb_row][\/et_pb_section][et_pb_section fb_built=&#8220;1&#8243; _builder_version=&#8220;4.17.4&#8243; _module_preset=&#8220;default&#8220; use_background_color_gradient=&#8220;on&#8220; background_color_gradient_stops=&#8220;rgba(255,255,255,0) 0%|rgba(1,114,164,0.1) 99%&#8220; custom_margin=&#8220;||||false|false&#8220; custom_padding=&#8220;||||false|false&#8220; locked=&#8220;off&#8220; global_colors_info=&#8220;{}&#8220;][et_pb_row _builder_version=&#8220;4.17.4&#8243; _module_preset=&#8220;default&#8220; global_colors_info=&#8220;{}&#8220;][et_pb_column type=&#8220;4_4&#8243; _builder_version=&#8220;4.17.4&#8243; _module_preset=&#8220;default&#8220; global_colors_info=&#8220;{}&#8220;][et_pb_divider _builder_version=&#8220;4.17.4&#8243; _module_preset=&#8220;default&#8220; global_colors_info=&#8220;{}&#8220;][\/et_pb_divider][et_pb_text _builder_version=&#8220;4.27.4&#8243; _module_preset=&#8220;a911bbfb-d5ea-4b1c-a805-a3c8d79268a7&#8243; global_colors_info=&#8220;{}&#8220;]<\/p>\n<h2>Die Autoren<\/h2>\n<p>[\/et_pb_text][et_pb_text _builder_version=&#8220;4.27.5&#8243; global_colors_info=&#8220;{}&#8220;]<\/p>\n<p>Seit 2014 unterst\u00fctzt Weenat, Spezialist f\u00fcr vernetzte Wetterl\u00f6sungen und Pr\u00e4zisionsagronomie, Landwirte dabei, die richtigen Entscheidungen f\u00fcr ihre Kulturen zu treffen. Dieses Wei\u00dfbuch wurde von unseren Teams aus Agraringenieuren und Meteorologiespezialisten verfasst.<\/p>\n<p>[\/et_pb_text][et_pb_image src=&#8220;https:\/\/weenat.com\/wp-content\/uploads\/2026\/03\/authors-ebook-frost-DE.webp&#8220; alt=&#8220;authors-ebook-frost-DE&#8220; align=&#8220;center&#8220; src_tablet=&#8220;https:\/\/weenat.com\/wp-content\/uploads\/2022\/10\/auteurs-weenat-livre-blanc-gel.png&#8220; src_phone=&#8220;https:\/\/weenat.com\/wp-content\/uploads\/2022\/10\/auteurs-weenat-livre-blanc-gel.png&#8220; src_last_edited=&#8220;off|phone&#8220; _builder_version=&#8220;4.27.5&#8243; _module_preset=&#8220;default&#8220; global_colors_info=&#8220;{}&#8220;][\/et_pb_image][\/et_pb_column][\/et_pb_row][\/et_pb_section]<\/p>\n","protected":false},"excerpt":{"rendered":"<p>Schluss mit schlaflosen N\u00e4chten und Frostsch\u00e4denSind Sie es leid, bei drohendem Sp\u00e4tfrost im Fr\u00fchjahr st\u00e4ndig unter Stress zu stehen? Wie Sie Ihre Kulturen besser vor Frost sch\u00fctzen k\u00f6nnen, erfahren Sie mit unserem Leitfaden: \u2705 Was ist der Unterschied zwischen Advektionsfrost und Strahlungsfrost? \u2705 Warum k\u00f6nnen klassische Wettervorhersagen Frost nur schwer vorhersagen? \u2705 Was ist DIE [&hellip;]<\/p>\n","protected":false},"author":4,"featured_media":296792,"parent":0,"menu_order":0,"comment_status":"closed","ping_status":"closed","template":"","meta":{"_acf_changed":false,"_et_pb_use_builder":"on","_et_pb_old_content":"","_et_gb_content_width":"","footnotes":""},"class_list":["post-296782","page","type-page","status-publish","has-post-thumbnail","hentry"],"acf":[],"yoast_head":"<!-- This site is optimized with the Yoast SEO plugin v27.3 - https:\/\/yoast.com\/product\/yoast-seo-wordpress\/ -->\n<title>Leitfaden: Umgang mit Frostrisiken in der Landwirtschaft | Weenat<\/title>\n<meta name=\"description\" content=\"Wie kann man sich auf den Frost im Fr\u00fchling vorbereiten? Und wie kann man mit diesen K\u00e4lteperioden umgehen? In diesem Frostschutz-Leitfaden f\u00fcr die Landwirtschaft erfahren Sie alles dar\u00fcber.\" \/>\n<meta name=\"robots\" content=\"index, follow, max-snippet:-1, max-image-preview:large, max-video-preview:-1\" \/>\n<link rel=\"canonical\" href=\"https:\/\/weenat.com\/de\/leitfaden-risikomanagement-frost-landwirtschaft\/\" \/>\n<meta property=\"og:locale\" content=\"de_DE\" \/>\n<meta property=\"og:type\" content=\"article\" \/>\n<meta property=\"og:title\" content=\"Leitfaden: Umgang mit Frostrisiken in der Landwirtschaft | Weenat\" \/>\n<meta property=\"og:description\" content=\"Wie kann man sich auf den Frost im Fr\u00fchling vorbereiten? Und wie kann man mit diesen K\u00e4lteperioden umgehen? In diesem Frostschutz-Leitfaden f\u00fcr die Landwirtschaft erfahren Sie alles dar\u00fcber.\" \/>\n<meta property=\"og:url\" content=\"https:\/\/weenat.com\/de\/leitfaden-risikomanagement-frost-landwirtschaft\/\" \/>\n<meta property=\"og:site_name\" content=\"Weenat\" \/>\n<meta property=\"article:modified_time\" content=\"2026-03-09T16:50:14+00:00\" \/>\n<meta name=\"twitter:card\" content=\"summary_large_image\" \/>\n<meta name=\"twitter:label1\" content=\"Gesch\u00e4tzte Lesezeit\" \/>\n\t<meta name=\"twitter:data1\" content=\"3\u00a0Minuten\" \/>\n<script type=\"application\/ld+json\" class=\"yoast-schema-graph\">{\"@context\":\"https:\\\/\\\/schema.org\",\"@graph\":[{\"@type\":\"WebPage\",\"@id\":\"https:\\\/\\\/weenat.com\\\/de\\\/leitfaden-risikomanagement-frost-landwirtschaft\\\/\",\"url\":\"https:\\\/\\\/weenat.com\\\/de\\\/leitfaden-risikomanagement-frost-landwirtschaft\\\/\",\"name\":\"Leitfaden: Umgang mit Frostrisiken in der Landwirtschaft | Weenat\",\"isPartOf\":{\"@id\":\"https:\\\/\\\/weenat.com\\\/de\\\/#website\"},\"primaryImageOfPage\":{\"@id\":\"https:\\\/\\\/weenat.com\\\/de\\\/leitfaden-risikomanagement-frost-landwirtschaft\\\/#primaryimage\"},\"image\":{\"@id\":\"https:\\\/\\\/weenat.com\\\/de\\\/leitfaden-risikomanagement-frost-landwirtschaft\\\/#primaryimage\"},\"thumbnailUrl\":\"\",\"datePublished\":\"2022-10-14T08:14:33+00:00\",\"dateModified\":\"2026-03-09T16:50:14+00:00\",\"description\":\"Wie kann man sich auf den Frost im Fr\u00fchling vorbereiten? Und wie kann man mit diesen K\u00e4lteperioden umgehen? In diesem Frostschutz-Leitfaden f\u00fcr die Landwirtschaft erfahren Sie alles dar\u00fcber.\",\"breadcrumb\":{\"@id\":\"https:\\\/\\\/weenat.com\\\/de\\\/leitfaden-risikomanagement-frost-landwirtschaft\\\/#breadcrumb\"},\"inLanguage\":\"de\",\"potentialAction\":[{\"@type\":\"ReadAction\",\"target\":[\"https:\\\/\\\/weenat.com\\\/de\\\/leitfaden-risikomanagement-frost-landwirtschaft\\\/\"]}]},{\"@type\":\"ImageObject\",\"inLanguage\":\"de\",\"@id\":\"https:\\\/\\\/weenat.com\\\/de\\\/leitfaden-risikomanagement-frost-landwirtschaft\\\/#primaryimage\",\"url\":\"\",\"contentUrl\":\"\"},{\"@type\":\"BreadcrumbList\",\"@id\":\"https:\\\/\\\/weenat.com\\\/de\\\/leitfaden-risikomanagement-frost-landwirtschaft\\\/#breadcrumb\",\"itemListElement\":[{\"@type\":\"ListItem\",\"position\":1,\"name\":\"Weenat\",\"item\":\"https:\\\/\\\/weenat.com\\\/de\\\/\"},{\"@type\":\"ListItem\",\"position\":2,\"name\":\"DE &#8211; ebook gel : La gestion du risque de gel en agriculture\"}]},{\"@type\":\"WebSite\",\"@id\":\"https:\\\/\\\/weenat.com\\\/de\\\/#website\",\"url\":\"https:\\\/\\\/weenat.com\\\/de\\\/\",\"name\":\"Weenat\",\"description\":\"\",\"potentialAction\":[{\"@type\":\"SearchAction\",\"target\":{\"@type\":\"EntryPoint\",\"urlTemplate\":\"https:\\\/\\\/weenat.com\\\/de\\\/?s={search_term_string}\"},\"query-input\":{\"@type\":\"PropertyValueSpecification\",\"valueRequired\":true,\"valueName\":\"search_term_string\"}}],\"inLanguage\":\"de\"}]}<\/script>\n<!-- \/ Yoast SEO plugin. -->","yoast_head_json":{"title":"Leitfaden: Umgang mit Frostrisiken in der Landwirtschaft | Weenat","description":"Wie kann man sich auf den Frost im Fr\u00fchling vorbereiten? Und wie kann man mit diesen K\u00e4lteperioden umgehen? In diesem Frostschutz-Leitfaden f\u00fcr die Landwirtschaft erfahren Sie alles dar\u00fcber.","robots":{"index":"index","follow":"follow","max-snippet":"max-snippet:-1","max-image-preview":"max-image-preview:large","max-video-preview":"max-video-preview:-1"},"canonical":"https:\/\/weenat.com\/de\/leitfaden-risikomanagement-frost-landwirtschaft\/","og_locale":"de_DE","og_type":"article","og_title":"Leitfaden: Umgang mit Frostrisiken in der Landwirtschaft | Weenat","og_description":"Wie kann man sich auf den Frost im Fr\u00fchling vorbereiten? Und wie kann man mit diesen K\u00e4lteperioden umgehen? In diesem Frostschutz-Leitfaden f\u00fcr die Landwirtschaft erfahren Sie alles dar\u00fcber.","og_url":"https:\/\/weenat.com\/de\/leitfaden-risikomanagement-frost-landwirtschaft\/","og_site_name":"Weenat","article_modified_time":"2026-03-09T16:50:14+00:00","twitter_card":"summary_large_image","twitter_misc":{"Gesch\u00e4tzte Lesezeit":"3\u00a0Minuten"},"schema":{"@context":"https:\/\/schema.org","@graph":[{"@type":"WebPage","@id":"https:\/\/weenat.com\/de\/leitfaden-risikomanagement-frost-landwirtschaft\/","url":"https:\/\/weenat.com\/de\/leitfaden-risikomanagement-frost-landwirtschaft\/","name":"Leitfaden: Umgang mit Frostrisiken in der Landwirtschaft | Weenat","isPartOf":{"@id":"https:\/\/weenat.com\/de\/#website"},"primaryImageOfPage":{"@id":"https:\/\/weenat.com\/de\/leitfaden-risikomanagement-frost-landwirtschaft\/#primaryimage"},"image":{"@id":"https:\/\/weenat.com\/de\/leitfaden-risikomanagement-frost-landwirtschaft\/#primaryimage"},"thumbnailUrl":"","datePublished":"2022-10-14T08:14:33+00:00","dateModified":"2026-03-09T16:50:14+00:00","description":"Wie kann man sich auf den Frost im Fr\u00fchling vorbereiten? Und wie kann man mit diesen K\u00e4lteperioden umgehen? In diesem Frostschutz-Leitfaden f\u00fcr die Landwirtschaft erfahren Sie alles dar\u00fcber.","breadcrumb":{"@id":"https:\/\/weenat.com\/de\/leitfaden-risikomanagement-frost-landwirtschaft\/#breadcrumb"},"inLanguage":"de","potentialAction":[{"@type":"ReadAction","target":["https:\/\/weenat.com\/de\/leitfaden-risikomanagement-frost-landwirtschaft\/"]}]},{"@type":"ImageObject","inLanguage":"de","@id":"https:\/\/weenat.com\/de\/leitfaden-risikomanagement-frost-landwirtschaft\/#primaryimage","url":"","contentUrl":""},{"@type":"BreadcrumbList","@id":"https:\/\/weenat.com\/de\/leitfaden-risikomanagement-frost-landwirtschaft\/#breadcrumb","itemListElement":[{"@type":"ListItem","position":1,"name":"Weenat","item":"https:\/\/weenat.com\/de\/"},{"@type":"ListItem","position":2,"name":"DE &#8211; ebook gel : La gestion du risque de gel en agriculture"}]},{"@type":"WebSite","@id":"https:\/\/weenat.com\/de\/#website","url":"https:\/\/weenat.com\/de\/","name":"Weenat","description":"","potentialAction":[{"@type":"SearchAction","target":{"@type":"EntryPoint","urlTemplate":"https:\/\/weenat.com\/de\/?s={search_term_string}"},"query-input":{"@type":"PropertyValueSpecification","valueRequired":true,"valueName":"search_term_string"}}],"inLanguage":"de"}]}},"_links":{"self":[{"href":"https:\/\/weenat.com\/de\/wp-json\/wp\/v2\/pages\/296782","targetHints":{"allow":["GET"]}}],"collection":[{"href":"https:\/\/weenat.com\/de\/wp-json\/wp\/v2\/pages"}],"about":[{"href":"https:\/\/weenat.com\/de\/wp-json\/wp\/v2\/types\/page"}],"author":[{"embeddable":true,"href":"https:\/\/weenat.com\/de\/wp-json\/wp\/v2\/users\/4"}],"replies":[{"embeddable":true,"href":"https:\/\/weenat.com\/de\/wp-json\/wp\/v2\/comments?post=296782"}],"version-history":[{"count":10,"href":"https:\/\/weenat.com\/de\/wp-json\/wp\/v2\/pages\/296782\/revisions"}],"predecessor-version":[{"id":296832,"href":"https:\/\/weenat.com\/de\/wp-json\/wp\/v2\/pages\/296782\/revisions\/296832"}],"wp:featuredmedia":[{"embeddable":true,"href":"https:\/\/weenat.com\/de\/wp-json\/"}],"wp:attachment":[{"href":"https:\/\/weenat.com\/de\/wp-json\/wp\/v2\/media?parent=296782"}],"curies":[{"name":"wp","href":"https:\/\/api.w.org\/{rel}","templated":true}]}}