{"id":96618,"date":"2019-12-20T09:49:48","date_gmt":"2019-12-20T08:49:48","guid":{"rendered":"https:\/\/weenat.com\/demande-de-devis\/"},"modified":"2025-11-27T17:28:07","modified_gmt":"2025-11-27T16:28:07","slug":"angebot-anfordern","status":"publish","type":"page","link":"https:\/\/weenat.com\/de\/angebot-anfordern\/","title":{"rendered":"DE &#8211; demande de devis &#8211; Angebot anfordern"},"content":{"rendered":"<p>[et_pb_section fb_built=&#8220;1&#8243; _builder_version=&#8220;4.27.4&#8243; locked=&#8220;off&#8220; collapsed=&#8220;off&#8220; global_colors_info=&#8220;{}&#8220; _module_preset=&#8220;4d9d782f-b895-4cc9-8077-8212de88389b&#8220; hover_enabled=&#8220;0&#8243; sticky_enabled=&#8220;0&#8243;][et_pb_row _builder_version=&#8220;4.24.0&#8243; _module_preset=&#8220;default&#8220; global_colors_info=&#8220;{}&#8220;][et_pb_column type=&#8220;4_4&#8243; _builder_version=&#8220;4.16&#8243; _module_preset=&#8220;default&#8220; global_colors_info=&#8220;{}&#8220;][et_pb_code _builder_version=&#8220;4.16&#8243; _module_preset=&#8220;default&#8220; global_colors_info=&#8220;{}&#8220;]<span><span><a href=\"https:\/\/weenat.com\/de\/\">Weenat<\/a><\/span><\/span>[\/et_pb_code][\/et_pb_column][\/et_pb_row][et_pb_row _builder_version=&#8220;4.16&#8243; width=&#8220;90%&#8220; global_colors_info=&#8220;{}&#8220;][et_pb_column type=&#8220;4_4&#8243; _builder_version=&#8220;4.16&#8243; global_colors_info=&#8220;{}&#8220;][et_pb_text _builder_version=&#8220;4.27.4&#8243; _dynamic_attributes=&#8220;link_option_url&#8220; header_font=&#8220;|700|||||||&#8220; header_text_align=&#8220;center&#8220; header_line_height=&#8220;1.3em&#8220; background_enable_color=&#8220;off&#8220; custom_padding=&#8220;0px|||||&#8220; link_option_url=&#8220;@ET-DC@eyJkeW5hbWljIjp0cnVlLCJjb250ZW50IjoicG9zdF9saW5rX3VybF9wYWdlIiwic2V0dGluZ3MiOnsicG9zdF9pZCI6IjgzMSJ9fQ==@&#8220; hover_enabled=&#8220;0&#8243; global_colors_info=&#8220;{}&#8220; _module_preset=&#8220;9b2e0bcf-ed2e-43c7-9b84-aff5d7e930b2&#8243; sticky_enabled=&#8220;0&#8243;]<\/p>\n<h1 style=\"text-align: center;\"><strong>Fordern Sie Ihr kostenloses Angebot an<\/strong><\/h1>\n<p>[\/et_pb_text][et_pb_text _builder_version=&#8220;4.17.4&#8243; _module_preset=&#8220;default&#8220; global_colors_info=&#8220;{}&#8220;]<\/p>\n<p style=\"text-align: center;\">Hallo! Beantworten Sie diesen Fragebogen und einer unserer Kundenberater wird Ihnen ein individuelles, auf Ihre Kulturen zugeschnittenes Angebot unterbreiten.<\/p>\n<p style=\"text-align: center;\">M\u00f6chten Sie gleich starten?<\/p>\n<p style=\"text-align: center;\"><em>Es dauert nur 2 Minuten.<\/em><\/p>\n<p>[\/et_pb_text][\/et_pb_column][\/et_pb_row][\/et_pb_section][et_pb_section fb_built=&#8220;1&#8243; _builder_version=&#8220;4.24.0&#8243; _module_preset=&#8220;default&#8220; custom_padding=&#8220;0%||0%||true|false&#8220; global_colors_info=&#8220;{}&#8220; locked=&#8220;off&#8220;][et_pb_row _builder_version=&#8220;4.27.4&#8243; _module_preset=&#8220;default&#8220; custom_margin=&#8220;||||false|false&#8220; global_colors_info=&#8220;{}&#8220;][et_pb_column type=&#8220;4_4&#8243; _builder_version=&#8220;4.24.0&#8243; _module_preset=&#8220;default&#8220; global_colors_info=&#8220;{}&#8220;][et_pb_code _builder_version=&#8220;4.27.4&#8243; _module_preset=&#8220;default&#8220; background_color=&#8220;#FFFFFF&#8220; text_orientation=&#8220;center&#8220; module_alignment=&#8220;center&#8220; custom_margin=&#8220;-5vw||||false|false&#8220; hover_enabled=&#8220;0&#8243; border_radii=&#8220;on|10px|10px|10px|10px&#8220; border_width_all=&#8220;1px&#8220; border_color_all=&#8220;#002635&#8243; box_shadow_style=&#8220;preset3&#8243; global_colors_info=&#8220;{}&#8220; sticky_enabled=&#8220;0&#8243;]<script src=\"https:\/\/js-eu1.hsforms.net\/forms\/embed\/145695827.js\" defer><\/script><!-- [et_pb_line_break_holder] --><\/p>\n<div class=\"hs-form-frame\" data-region=\"eu1\" data-form-id=\"15f60f7b-abd7-45ee-a8a3-5eb6aba879f8\" data-portal-id=\"145695827\"><\/div>\n<p>[\/et_pb_code][\/et_pb_column][\/et_pb_row][\/et_pb_section][et_pb_section fb_built=&#8220;1&#8243; _builder_version=&#8220;4.27.4&#8243; _module_preset=&#8220;default&#8220; background_image=&#8220;https:\/\/weenat.com\/wp-content\/uploads\/2025\/09\/fond-degrade-bleu-orange-scaled-1.webp&#8220; background_enable_image_tablet=&#8220;off&#8220; locked=&#8220;off&#8220; global_colors_info=&#8220;{}&#8220; sticky_enabled=&#8220;0&#8243; parallax=&#8220;on&#8220;][et_pb_row _builder_version=&#8220;4.27.4&#8243; _module_preset=&#8220;default&#8220; global_colors_info=&#8220;{}&#8220; column_structure=&#8220;3_5,2_5&#8243; hover_enabled=&#8220;0&#8243; sticky_enabled=&#8220;0&#8243;][et_pb_column type=&#8220;3_5&#8243; _builder_version=&#8220;4.16&#8243; _module_preset=&#8220;default&#8220; global_colors_info=&#8220;{}&#8220;][et_pb_text _builder_version=&#8220;4.27.4&#8243; _module_preset=&#8220;default&#8220; header_2_text_color=&#8220;#002635&#8243; header_3_text_align=&#8220;center&#8220; header_3_text_color=&#8220;#002635&#8243; hover_enabled=&#8220;0&#8243; global_colors_info=&#8220;{}&#8220; text_font_size=&#8220;30px&#8220; text_line_height=&#8220;36px&#8220; sticky_enabled=&#8220;0&#8243;]<\/p>\n<p>Sie wissen nicht, welche Agrarwetter-L\u00f6sung f\u00fcr Sie am besten geeignet ist?<\/p>\n<p><strong>Kontaktieren Sie uns.<\/strong><\/p>\n<p>[\/et_pb_text][et_pb_blurb title=&#8220;Email&#8220; image=&#8220;https:\/\/weenat.com\/wp-content\/uploads\/\/2022\/02\/mail.svg&#8220; icon_placement=&#8220;left&#8220; image_icon_width=&#8220;80px&#8220; content_max_width=&#8220;380px&#8220; image_icon_width_tablet=&#8220;80px&#8220; image_icon_width_phone=&#8220;80px&#8220; image_icon_width_last_edited=&#8220;on|phone&#8220; content_max_width_tablet=&#8220;423px&#8220; content_max_width_phone=&#8220;100%&#8220; content_max_width_last_edited=&#8220;on|phone&#8220; _builder_version=&#8220;4.21.0&#8243; _module_preset=&#8220;default&#8220; header_font_size=&#8220;35px&#8220; body_font=&#8220;|300|||||||&#8220; body_font_size=&#8220;23px&#8220; image_icon_custom_padding=&#8220;|20px|||false|false&#8220; module_alignment_tablet=&#8220;&#8220; module_alignment_phone=&#8220;center&#8220; module_alignment_last_edited=&#8220;on|phone&#8220; global_colors_info=&#8220;{}&#8220;]<\/p>\n<p><strong><a href=\"mailto:contact@weenat.com\" target=\"_blank\" rel=\"noopener\">contact@weenat.com<\/a><\/strong><\/p>\n<p>[\/et_pb_blurb][et_pb_blurb title=&#8220;Telefon&#8220; image=&#8220;https:\/\/weenat.com\/wp-content\/uploads\/\/2022\/02\/telephone.svg&#8220; icon_placement=&#8220;left&#8220; image_icon_width=&#8220;80px&#8220; content_max_width=&#8220;380px&#8220; image_icon_width_tablet=&#8220;80px&#8220; image_icon_width_phone=&#8220;80px&#8220; image_icon_width_last_edited=&#8220;on|phone&#8220; content_max_width_tablet=&#8220;423px&#8220; content_max_width_phone=&#8220;100%&#8220; content_max_width_last_edited=&#8220;on|phone&#8220; _builder_version=&#8220;4.21.0&#8243; _module_preset=&#8220;default&#8220; header_font_size=&#8220;35px&#8220; body_font=&#8220;|300|||||||&#8220; body_font_size=&#8220;23px&#8220; image_icon_custom_padding=&#8220;|20px|||false|false&#8220; module_alignment_tablet=&#8220;center&#8220; module_alignment_phone=&#8220;center&#8220; module_alignment_last_edited=&#8220;on|phone&#8220; global_colors_info=&#8220;{}&#8220;]<\/p>\n<p><strong><a href=\"tel:+49%20(0)6854 9263997\">+49 6854 9263997<\/a><\/strong><\/p>\n<p>[\/et_pb_blurb][\/et_pb_column][et_pb_column type=&#8220;2_5&#8243; _builder_version=&#8220;4.16&#8243; _module_preset=&#8220;default&#8220; global_colors_info=&#8220;{}&#8220;][et_pb_image src=&#8220;https:\/\/weenat.com\/wp-content\/uploads\/2025\/10\/Sophie.webp&#8220; _builder_version=&#8220;4.27.4&#8243; _module_preset=&#8220;default&#8220; alt=&#8220;Sophie von Weenat&#8220; hover_enabled=&#8220;0&#8243; sticky_enabled=&#8220;0&#8243;][\/et_pb_image][\/et_pb_column][\/et_pb_row][\/et_pb_section]<\/p>\n","protected":false},"excerpt":{"rendered":"<p><span><span><a href=\"https:\/\/weenat.com\/de\/\">Weenat<\/a><\/span><\/span>Fordern Sie Ihr kostenloses Angebot anHallo! Beantworten Sie diesen Fragebogen und einer unserer Kundenberater wird Ihnen ein individuelles, auf Ihre Kulturen zugeschnittenes Angebot unterbreiten. M\u00f6chten Sie gleich starten? Es dauert nur 2 Minuten.Sie wissen nicht, welche Agrarwetter-L\u00f6sung f\u00fcr Sie am besten geeignet ist? Kontaktieren Sie uns.contact@weenat.com+49 6854 9263997<\/p>\n","protected":false},"author":4,"featured_media":0,"parent":0,"menu_order":0,"comment_status":"closed","ping_status":"closed","template":"","meta":{"_acf_changed":false,"_et_pb_use_builder":"on","_et_pb_old_content":"","_et_gb_content_width":"","footnotes":""},"class_list":["post-96618","page","type-page","status-publish","hentry"],"acf":[],"yoast_head":"<!-- This site is optimized with the Yoast SEO plugin v27.3 - https:\/\/yoast.com\/product\/yoast-seo-wordpress\/ -->\n<title>Fordern Sie Ihr kostenloses Angebot an | Weenat<\/title>\n<meta name=\"description\" content=\"Interessieren Sie sich f\u00fcr unsere L\u00f6sungen im Bereich Meteorologie und Pr\u00e4zisions-Agronomie? Fordern Sie ein kostenloses und unverbindliches Online-Angebot an und erhalten Sie es innerhalb von 48 Stunden!\" \/>\n<meta name=\"robots\" content=\"index, follow, max-snippet:-1, max-image-preview:large, max-video-preview:-1\" \/>\n<link rel=\"canonical\" href=\"https:\/\/weenat.com\/de\/angebot-anfordern\/\" \/>\n<meta property=\"og:locale\" content=\"de_DE\" \/>\n<meta property=\"og:type\" content=\"article\" \/>\n<meta property=\"og:title\" content=\"Fordern Sie Ihr kostenloses Angebot an | Weenat\" \/>\n<meta property=\"og:description\" content=\"Interessieren Sie sich f\u00fcr unsere L\u00f6sungen im Bereich Meteorologie und Pr\u00e4zisions-Agronomie? Fordern Sie ein kostenloses und unverbindliches Online-Angebot an und erhalten Sie es innerhalb von 48 Stunden!\" \/>\n<meta property=\"og:url\" content=\"https:\/\/weenat.com\/de\/angebot-anfordern\/\" \/>\n<meta property=\"og:site_name\" content=\"Weenat\" \/>\n<meta property=\"article:publisher\" content=\"https:\/\/www.facebook.com\/weenatcom\/\" \/>\n<meta property=\"article:modified_time\" content=\"2025-11-27T16:28:07+00:00\" \/>\n<meta name=\"twitter:card\" content=\"summary_large_image\" \/>\n<meta name=\"twitter:label1\" content=\"Gesch\u00e4tzte Lesezeit\" \/>\n\t<meta name=\"twitter:data1\" content=\"1\u00a0Minute\" \/>\n<script type=\"application\/ld+json\" class=\"yoast-schema-graph\">{\"@context\":\"https:\\\/\\\/schema.org\",\"@graph\":[{\"@type\":\"WebPage\",\"@id\":\"https:\\\/\\\/weenat.com\\\/de\\\/angebot-anfordern\\\/\",\"url\":\"https:\\\/\\\/weenat.com\\\/de\\\/angebot-anfordern\\\/\",\"name\":\"Fordern Sie Ihr kostenloses Angebot an | Weenat\",\"isPartOf\":{\"@id\":\"https:\\\/\\\/weenat.com\\\/de\\\/#website\"},\"datePublished\":\"2019-12-20T08:49:48+00:00\",\"dateModified\":\"2025-11-27T16:28:07+00:00\",\"description\":\"Interessieren Sie sich f\u00fcr unsere L\u00f6sungen im Bereich Meteorologie und Pr\u00e4zisions-Agronomie? Fordern Sie ein kostenloses und unverbindliches Online-Angebot an und erhalten Sie es innerhalb von 48 Stunden!\",\"breadcrumb\":{\"@id\":\"https:\\\/\\\/weenat.com\\\/de\\\/angebot-anfordern\\\/#breadcrumb\"},\"inLanguage\":\"de\",\"potentialAction\":[{\"@type\":\"ReadAction\",\"target\":[\"https:\\\/\\\/weenat.com\\\/de\\\/angebot-anfordern\\\/\"]}]},{\"@type\":\"BreadcrumbList\",\"@id\":\"https:\\\/\\\/weenat.com\\\/de\\\/angebot-anfordern\\\/#breadcrumb\",\"itemListElement\":[{\"@type\":\"ListItem\",\"position\":1,\"name\":\"Weenat\",\"item\":\"https:\\\/\\\/weenat.com\\\/de\\\/\"},{\"@type\":\"ListItem\",\"position\":2,\"name\":\"Angebot\"}]},{\"@type\":\"WebSite\",\"@id\":\"https:\\\/\\\/weenat.com\\\/de\\\/#website\",\"url\":\"https:\\\/\\\/weenat.com\\\/de\\\/\",\"name\":\"Weenat\",\"description\":\"\",\"publisher\":{\"@id\":\"https:\\\/\\\/weenat.com\\\/de\\\/#organization\"},\"potentialAction\":[{\"@type\":\"SearchAction\",\"target\":{\"@type\":\"EntryPoint\",\"urlTemplate\":\"https:\\\/\\\/weenat.com\\\/de\\\/?s={search_term_string}\"},\"query-input\":{\"@type\":\"PropertyValueSpecification\",\"valueRequired\":true,\"valueName\":\"search_term_string\"}}],\"inLanguage\":\"de\"},{\"@type\":\"Organization\",\"@id\":\"https:\\\/\\\/weenat.com\\\/de\\\/#organization\",\"name\":\"Weenat\",\"url\":\"https:\\\/\\\/weenat.com\\\/de\\\/\",\"logo\":{\"@type\":\"ImageObject\",\"inLanguage\":\"de\",\"@id\":\"https:\\\/\\\/weenat.com\\\/de\\\/#\\\/schema\\\/logo\\\/image\\\/\",\"url\":\"https:\\\/\\\/weenat.com\\\/wp-content\\\/uploads\\\/2025\\\/11\\\/Logo_Bleu_Weenat.svg\",\"contentUrl\":\"https:\\\/\\\/weenat.com\\\/wp-content\\\/uploads\\\/2025\\\/11\\\/Logo_Bleu_Weenat.svg\",\"width\":753,\"height\":175,\"caption\":\"Weenat\"},\"image\":{\"@id\":\"https:\\\/\\\/weenat.com\\\/de\\\/#\\\/schema\\\/logo\\\/image\\\/\"},\"sameAs\":[\"https:\\\/\\\/www.facebook.com\\\/weenatcom\\\/\",\"https:\\\/\\\/www.instagram.com\\\/weenat_solutions\\\/\",\"https:\\\/\\\/www.linkedin.com\\\/company\\\/weenat-solutions\"]}]}<\/script>\n<!-- \/ Yoast SEO plugin. -->","yoast_head_json":{"title":"Fordern Sie Ihr kostenloses Angebot an | Weenat","description":"Interessieren Sie sich f\u00fcr unsere L\u00f6sungen im Bereich Meteorologie und Pr\u00e4zisions-Agronomie? Fordern Sie ein kostenloses und unverbindliches Online-Angebot an und erhalten Sie es innerhalb von 48 Stunden!","robots":{"index":"index","follow":"follow","max-snippet":"max-snippet:-1","max-image-preview":"max-image-preview:large","max-video-preview":"max-video-preview:-1"},"canonical":"https:\/\/weenat.com\/de\/angebot-anfordern\/","og_locale":"de_DE","og_type":"article","og_title":"Fordern Sie Ihr kostenloses Angebot an | Weenat","og_description":"Interessieren Sie sich f\u00fcr unsere L\u00f6sungen im Bereich Meteorologie und Pr\u00e4zisions-Agronomie? Fordern Sie ein kostenloses und unverbindliches Online-Angebot an und erhalten Sie es innerhalb von 48 Stunden!","og_url":"https:\/\/weenat.com\/de\/angebot-anfordern\/","og_site_name":"Weenat","article_publisher":"https:\/\/www.facebook.com\/weenatcom\/","article_modified_time":"2025-11-27T16:28:07+00:00","twitter_card":"summary_large_image","twitter_misc":{"Gesch\u00e4tzte Lesezeit":"1\u00a0Minute"},"schema":{"@context":"https:\/\/schema.org","@graph":[{"@type":"WebPage","@id":"https:\/\/weenat.com\/de\/angebot-anfordern\/","url":"https:\/\/weenat.com\/de\/angebot-anfordern\/","name":"Fordern Sie Ihr kostenloses Angebot an | Weenat","isPartOf":{"@id":"https:\/\/weenat.com\/de\/#website"},"datePublished":"2019-12-20T08:49:48+00:00","dateModified":"2025-11-27T16:28:07+00:00","description":"Interessieren Sie sich f\u00fcr unsere L\u00f6sungen im Bereich Meteorologie und Pr\u00e4zisions-Agronomie? Fordern Sie ein kostenloses und unverbindliches Online-Angebot an und erhalten Sie es innerhalb von 48 Stunden!","breadcrumb":{"@id":"https:\/\/weenat.com\/de\/angebot-anfordern\/#breadcrumb"},"inLanguage":"de","potentialAction":[{"@type":"ReadAction","target":["https:\/\/weenat.com\/de\/angebot-anfordern\/"]}]},{"@type":"BreadcrumbList","@id":"https:\/\/weenat.com\/de\/angebot-anfordern\/#breadcrumb","itemListElement":[{"@type":"ListItem","position":1,"name":"Weenat","item":"https:\/\/weenat.com\/de\/"},{"@type":"ListItem","position":2,"name":"Angebot"}]},{"@type":"WebSite","@id":"https:\/\/weenat.com\/de\/#website","url":"https:\/\/weenat.com\/de\/","name":"Weenat","description":"","publisher":{"@id":"https:\/\/weenat.com\/de\/#organization"},"potentialAction":[{"@type":"SearchAction","target":{"@type":"EntryPoint","urlTemplate":"https:\/\/weenat.com\/de\/?s={search_term_string}"},"query-input":{"@type":"PropertyValueSpecification","valueRequired":true,"valueName":"search_term_string"}}],"inLanguage":"de"},{"@type":"Organization","@id":"https:\/\/weenat.com\/de\/#organization","name":"Weenat","url":"https:\/\/weenat.com\/de\/","logo":{"@type":"ImageObject","inLanguage":"de","@id":"https:\/\/weenat.com\/de\/#\/schema\/logo\/image\/","url":"https:\/\/weenat.com\/wp-content\/uploads\/2025\/11\/Logo_Bleu_Weenat.svg","contentUrl":"https:\/\/weenat.com\/wp-content\/uploads\/2025\/11\/Logo_Bleu_Weenat.svg","width":753,"height":175,"caption":"Weenat"},"image":{"@id":"https:\/\/weenat.com\/de\/#\/schema\/logo\/image\/"},"sameAs":["https:\/\/www.facebook.com\/weenatcom\/","https:\/\/www.instagram.com\/weenat_solutions\/","https:\/\/www.linkedin.com\/company\/weenat-solutions"]}]}},"_links":{"self":[{"href":"https:\/\/weenat.com\/de\/wp-json\/wp\/v2\/pages\/96618","targetHints":{"allow":["GET"]}}],"collection":[{"href":"https:\/\/weenat.com\/de\/wp-json\/wp\/v2\/pages"}],"about":[{"href":"https:\/\/weenat.com\/de\/wp-json\/wp\/v2\/types\/page"}],"author":[{"embeddable":true,"href":"https:\/\/weenat.com\/de\/wp-json\/wp\/v2\/users\/4"}],"replies":[{"embeddable":true,"href":"https:\/\/weenat.com\/de\/wp-json\/wp\/v2\/comments?post=96618"}],"version-history":[{"count":0,"href":"https:\/\/weenat.com\/de\/wp-json\/wp\/v2\/pages\/96618\/revisions"}],"wp:attachment":[{"href":"https:\/\/weenat.com\/de\/wp-json\/wp\/v2\/media?parent=96618"}],"curies":[{"name":"wp","href":"https:\/\/api.w.org\/{rel}","templated":true}]}}