{"id":104406,"date":"2020-02-11T18:08:31","date_gmt":"2020-02-11T17:08:31","guid":{"rendered":"https:\/\/weenat.com\/mentions-legales\/"},"modified":"2026-01-08T11:59:08","modified_gmt":"2026-01-08T10:59:08","slug":"legal-notice","status":"publish","type":"page","link":"https:\/\/weenat.com\/en\/legal-notice\/","title":{"rendered":"EN &#8211; Mentions l\u00e9gales"},"content":{"rendered":"<p>[et_pb_section fb_built=&#8221;1&#8243; _builder_version=&#8221;4.19.5&#8243; locked=&#8221;off&#8221; collapsed=&#8221;off&#8221; global_colors_info=&#8221;{}&#8221; custom_padding=&#8221;||0px|||&#8221;][et_pb_row _builder_version=&#8221;4.17.4&#8243; global_colors_info=&#8221;{}&#8221;][et_pb_column type=&#8221;4_4&#8243; _builder_version=&#8221;4.16&#8243; global_colors_info=&#8221;{}&#8221;][et_pb_code _builder_version=&#8221;4.16&#8243; global_colors_info=&#8221;{}&#8221;]<span><span><a href=\"https:\/\/weenat.com\/en\/\">Weenat<\/a><\/span><\/span>[\/et_pb_code][\/et_pb_column][\/et_pb_row][et_pb_row _builder_version=&#8221;4.19.5&#8243; global_colors_info=&#8221;{}&#8221; custom_padding=&#8221;|5%|17px|5%|false|true&#8221;][et_pb_column type=&#8221;4_4&#8243; _builder_version=&#8221;4.16&#8243; global_colors_info=&#8221;{}&#8221;][et_pb_text _builder_version=&#8221;4.27.4&#8243; _dynamic_attributes=&#8221;link_option_url&#8221; link_option_url=&#8221;@ET-DC@eyJkeW5hbWljIjp0cnVlLCJjb250ZW50IjoicG9zdF9saW5rX3VybF9wYWdlIiwic2V0dGluZ3MiOnsicG9zdF9pZCI6IjgzMSJ9fQ==@&#8221; global_colors_info=&#8221;{}&#8221; _module_preset=&#8221;9b2e0bcf-ed2e-43c7-9b84-aff5d7e930b2&#8243; hover_enabled=&#8221;0&#8243; sticky_enabled=&#8221;0&#8243;]<\/p>\n<h1 style=\"text-align: left;\"><span style=\"color: #002635;\">Legal Notice<\/span><\/h1>\n<p>[\/et_pb_text][\/et_pb_column][\/et_pb_row][\/et_pb_section][et_pb_section fb_built=&#8221;1&#8243; _builder_version=&#8221;4.16&#8243; global_colors_info=&#8221;{}&#8221; custom_margin=&#8221;-23px|||||&#8221; custom_padding=&#8221;22px|||||&#8221;][et_pb_row _builder_version=&#8221;4.19.5&#8243; global_colors_info=&#8221;{}&#8221;][et_pb_column type=&#8221;4_4&#8243; _builder_version=&#8221;4.16&#8243; custom_padding=&#8221;|||&#8221; global_colors_info=&#8221;{}&#8221; custom_padding__hover=&#8221;|||&#8221;][et_pb_text _builder_version=&#8221;4.27.4&#8243; global_colors_info=&#8221;{}&#8221; _module_preset=&#8221;a911bbfb-d5ea-4b1c-a805-a3c8d79268a7&#8243; sticky_enabled=&#8221;0&#8243; custom_margin=&#8221;||1px||false|false&#8221;]<\/p>\n<h2>Company<\/h2>\n<p>[\/et_pb_text][et_pb_text _builder_version=&#8221;4.27.4&#8243; global_colors_info=&#8221;{}&#8221; custom_margin=&#8221;||20px||false|false&#8221;]<\/p>\n<p>WEENAT S.A.S. with a share capital of \u20ac92,862.40 &#8211; RCS Nantes 803 450 287<br \/>Individual VAT identification number: FR07 803 450 287<\/p>\n<p>[\/et_pb_text][et_pb_text _builder_version=&#8221;4.27.4&#8243; global_colors_info=&#8221;{}&#8221; _module_preset=&#8221;a911bbfb-d5ea-4b1c-a805-a3c8d79268a7&#8243; sticky_enabled=&#8221;0&#8243; custom_margin=&#8221;||20px||false|false&#8221;]<\/p>\n<h2>\u00a0Address<\/h2>\n<p>[\/et_pb_text][et_pb_text _builder_version=&#8221;4.27.4&#8243; global_colors_info=&#8221;{}&#8221; sticky_enabled=&#8221;0&#8243; custom_margin=&#8221;||20px||false|false&#8221;]<\/p>\n<p>WEENAT<br \/>2 impasse Th\u00e9r\u00e8se Bertrand-Fontaine, 44300 Nantes<\/p>\n<p>[\/et_pb_text][et_pb_text _builder_version=&#8221;4.27.4&#8243; global_colors_info=&#8221;{}&#8221; _module_preset=&#8221;a911bbfb-d5ea-4b1c-a805-a3c8d79268a7&#8243; sticky_enabled=&#8221;0&#8243; custom_margin=&#8221;||1px||false|false&#8221;]<\/p>\n<h2>Contact<\/h2>\n<p>[\/et_pb_text][et_pb_text _builder_version=&#8221;4.27.4&#8243; global_colors_info=&#8221;{}&#8221; sticky_enabled=&#8221;0&#8243; custom_margin=&#8221;||20px||false|false&#8221;]<\/p>\n<p>Head of publication : J\u00e9r\u00f4me Le Roy<\/p>\n<p><a href=\"tel:+33%202 52 86 00 55\">+33 2 52 86 00 55<\/a><br \/><a href=\"mailto:contact@weenat.com\">contact@weenat.com<\/a><\/p>\n<p>[\/et_pb_text][et_pb_text _builder_version=&#8221;4.27.4&#8243; global_colors_info=&#8221;{}&#8221; _module_preset=&#8221;a911bbfb-d5ea-4b1c-a805-a3c8d79268a7&#8243; sticky_enabled=&#8221;0&#8243; custom_margin=&#8221;||20px||false|false&#8221;]<\/p>\n<h2>Hosting<\/h2>\n<p>[\/et_pb_text][et_pb_text _builder_version=&#8221;4.27.4&#8243; global_colors_info=&#8221;{}&#8221; sticky_enabled=&#8221;0&#8243; custom_margin=&#8221;-27px||20px||false|false&#8221;]<\/p>\n<p>The weenat.com website is hosted by WPX Hosting K Media Tech (owner of WPX).<\/p>\n<p>VAT: BG202249002<\/p>\n<p>bl. 68, entr. B, fl. 2, ap. 12,<\/p>\n<p>Manastirski livadi, 1404 Sofia,<\/p>\n<p>Bulgaria<\/p>\n<p>+359 87 766 3990<\/p>\n<p>[\/et_pb_text][et_pb_text _builder_version=&#8221;4.27.4&#8243; global_colors_info=&#8221;{}&#8221; _module_preset=&#8221;a911bbfb-d5ea-4b1c-a805-a3c8d79268a7&#8243; sticky_enabled=&#8221;0&#8243; custom_margin=&#8221;21px||1px||false|false&#8221;]<\/p>\n<h2>Credits<\/h2>\n<p>[\/et_pb_text][et_pb_text _builder_version=&#8221;4.27.4&#8243; global_colors_info=&#8221;{}&#8221; custom_margin=&#8221;||20px||false|false&#8221;]<\/p>\n<p>Photo credits: iStock<\/p>\n<p>Pictogram credits: Streamline<\/p>\n<p>Website creation: Kwalt Digital<\/p>\n<p>[\/et_pb_text][\/et_pb_column][\/et_pb_row][\/et_pb_section]<\/p>\n","protected":false},"excerpt":{"rendered":"<p><span><span><a href=\"https:\/\/weenat.com\/en\/\">Weenat<\/a><\/span><\/span>Legal NoticeCompanyWEENAT S.A.S. with a share capital of \u20ac92,862.40 &#8211; RCS Nantes 803 450 287Individual VAT identification number: FR07 803 450 287\u00a0AddressWEENAT2 impasse Th\u00e9r\u00e8se Bertrand-Fontaine, 44300 NantesContactHead of publication : J\u00e9r\u00f4me Le Roy +33 2 52 86 00 55contact@weenat.comHostingThe weenat.com website is hosted by WPX Hosting K Media Tech (owner of WPX). VAT: BG202249002 bl. [&hellip;]<\/p>\n","protected":false},"author":5,"featured_media":0,"parent":0,"menu_order":0,"comment_status":"closed","ping_status":"closed","template":"","meta":{"_acf_changed":false,"_et_pb_use_builder":"on","_et_pb_old_content":"","_et_gb_content_width":"","footnotes":""},"class_list":["post-104406","page","type-page","status-publish","hentry"],"acf":[],"yoast_head":"<!-- This site is optimized with the Yoast SEO plugin v27.3 - https:\/\/yoast.com\/product\/yoast-seo-wordpress\/ -->\n<title>Legal notice | Weenat<\/title>\n<meta name=\"robots\" content=\"index, follow, max-snippet:-1, max-image-preview:large, max-video-preview:-1\" \/>\n<link rel=\"canonical\" href=\"https:\/\/weenat.com\/en\/legal-notice\/\" \/>\n<meta property=\"og:locale\" content=\"en_US\" \/>\n<meta property=\"og:type\" content=\"article\" \/>\n<meta property=\"og:title\" content=\"Legal notice | Weenat\" \/>\n<meta property=\"og:description\" content=\"Legal NoticeCompanyWEENAT S.A.S. with a share capital of \u20ac92,862.40 - RCS Nantes 803 450 287Individual VAT identification number: FR07 803 450 287\u00a0AddressWEENAT2 impasse Th\u00e9r\u00e8se Bertrand-Fontaine, 44300 NantesContactHead of publication : J\u00e9r\u00f4me Le Roy +33 2 52 86 00 55contact@weenat.comHostingThe weenat.com website is hosted by WPX Hosting K Media Tech (owner of WPX). VAT: BG202249002 bl. [&hellip;]\" \/>\n<meta property=\"og:url\" content=\"https:\/\/weenat.com\/en\/legal-notice\/\" \/>\n<meta property=\"og:site_name\" content=\"Weenat\" \/>\n<meta property=\"article:publisher\" content=\"https:\/\/www.facebook.com\/weenatcom\/\" \/>\n<meta property=\"article:modified_time\" content=\"2026-01-08T10:59:08+00:00\" \/>\n<meta name=\"twitter:card\" content=\"summary_large_image\" \/>\n<meta name=\"twitter:label1\" content=\"Est. reading time\" \/>\n\t<meta name=\"twitter:data1\" content=\"1 minute\" \/>\n<script type=\"application\/ld+json\" class=\"yoast-schema-graph\">{\"@context\":\"https:\\\/\\\/schema.org\",\"@graph\":[{\"@type\":\"WebPage\",\"@id\":\"https:\\\/\\\/weenat.com\\\/en\\\/legal-notice\\\/\",\"url\":\"https:\\\/\\\/weenat.com\\\/en\\\/legal-notice\\\/\",\"name\":\"Legal notice | Weenat\",\"isPartOf\":{\"@id\":\"https:\\\/\\\/weenat.com\\\/en\\\/#website\"},\"datePublished\":\"2020-02-11T17:08:31+00:00\",\"dateModified\":\"2026-01-08T10:59:08+00:00\",\"breadcrumb\":{\"@id\":\"https:\\\/\\\/weenat.com\\\/en\\\/legal-notice\\\/#breadcrumb\"},\"inLanguage\":\"en-US\",\"potentialAction\":[{\"@type\":\"ReadAction\",\"target\":[\"https:\\\/\\\/weenat.com\\\/en\\\/legal-notice\\\/\"]}]},{\"@type\":\"BreadcrumbList\",\"@id\":\"https:\\\/\\\/weenat.com\\\/en\\\/legal-notice\\\/#breadcrumb\",\"itemListElement\":[{\"@type\":\"ListItem\",\"position\":1,\"name\":\"Weenat\",\"item\":\"https:\\\/\\\/weenat.com\\\/en\\\/\"},{\"@type\":\"ListItem\",\"position\":2,\"name\":\"Legal notice\"}]},{\"@type\":\"WebSite\",\"@id\":\"https:\\\/\\\/weenat.com\\\/en\\\/#website\",\"url\":\"https:\\\/\\\/weenat.com\\\/en\\\/\",\"name\":\"Weenat\",\"description\":\"\",\"publisher\":{\"@id\":\"https:\\\/\\\/weenat.com\\\/en\\\/#organization\"},\"potentialAction\":[{\"@type\":\"SearchAction\",\"target\":{\"@type\":\"EntryPoint\",\"urlTemplate\":\"https:\\\/\\\/weenat.com\\\/en\\\/?s={search_term_string}\"},\"query-input\":{\"@type\":\"PropertyValueSpecification\",\"valueRequired\":true,\"valueName\":\"search_term_string\"}}],\"inLanguage\":\"en-US\"},{\"@type\":\"Organization\",\"@id\":\"https:\\\/\\\/weenat.com\\\/en\\\/#organization\",\"name\":\"Weenat\",\"url\":\"https:\\\/\\\/weenat.com\\\/en\\\/\",\"logo\":{\"@type\":\"ImageObject\",\"inLanguage\":\"en-US\",\"@id\":\"https:\\\/\\\/weenat.com\\\/en\\\/#\\\/schema\\\/logo\\\/image\\\/\",\"url\":\"https:\\\/\\\/weenat.com\\\/wp-content\\\/uploads\\\/2025\\\/11\\\/Logo_Bleu_Weenat.svg\",\"contentUrl\":\"https:\\\/\\\/weenat.com\\\/wp-content\\\/uploads\\\/2025\\\/11\\\/Logo_Bleu_Weenat.svg\",\"width\":753,\"height\":175,\"caption\":\"Weenat\"},\"image\":{\"@id\":\"https:\\\/\\\/weenat.com\\\/en\\\/#\\\/schema\\\/logo\\\/image\\\/\"},\"sameAs\":[\"https:\\\/\\\/www.facebook.com\\\/weenatcom\\\/\",\"https:\\\/\\\/www.instagram.com\\\/weenat_solutions\\\/\",\"https:\\\/\\\/www.linkedin.com\\\/company\\\/weenat-solutions\"]}]}<\/script>\n<!-- \/ Yoast SEO plugin. -->","yoast_head_json":{"title":"Legal notice | Weenat","robots":{"index":"index","follow":"follow","max-snippet":"max-snippet:-1","max-image-preview":"max-image-preview:large","max-video-preview":"max-video-preview:-1"},"canonical":"https:\/\/weenat.com\/en\/legal-notice\/","og_locale":"en_US","og_type":"article","og_title":"Legal notice | Weenat","og_description":"Legal NoticeCompanyWEENAT S.A.S. with a share capital of \u20ac92,862.40 - RCS Nantes 803 450 287Individual VAT identification number: FR07 803 450 287\u00a0AddressWEENAT2 impasse Th\u00e9r\u00e8se Bertrand-Fontaine, 44300 NantesContactHead of publication : J\u00e9r\u00f4me Le Roy +33 2 52 86 00 55contact@weenat.comHostingThe weenat.com website is hosted by WPX Hosting K Media Tech (owner of WPX). VAT: BG202249002 bl. [&hellip;]","og_url":"https:\/\/weenat.com\/en\/legal-notice\/","og_site_name":"Weenat","article_publisher":"https:\/\/www.facebook.com\/weenatcom\/","article_modified_time":"2026-01-08T10:59:08+00:00","twitter_card":"summary_large_image","twitter_misc":{"Est. reading time":"1 minute"},"schema":{"@context":"https:\/\/schema.org","@graph":[{"@type":"WebPage","@id":"https:\/\/weenat.com\/en\/legal-notice\/","url":"https:\/\/weenat.com\/en\/legal-notice\/","name":"Legal notice | Weenat","isPartOf":{"@id":"https:\/\/weenat.com\/en\/#website"},"datePublished":"2020-02-11T17:08:31+00:00","dateModified":"2026-01-08T10:59:08+00:00","breadcrumb":{"@id":"https:\/\/weenat.com\/en\/legal-notice\/#breadcrumb"},"inLanguage":"en-US","potentialAction":[{"@type":"ReadAction","target":["https:\/\/weenat.com\/en\/legal-notice\/"]}]},{"@type":"BreadcrumbList","@id":"https:\/\/weenat.com\/en\/legal-notice\/#breadcrumb","itemListElement":[{"@type":"ListItem","position":1,"name":"Weenat","item":"https:\/\/weenat.com\/en\/"},{"@type":"ListItem","position":2,"name":"Legal notice"}]},{"@type":"WebSite","@id":"https:\/\/weenat.com\/en\/#website","url":"https:\/\/weenat.com\/en\/","name":"Weenat","description":"","publisher":{"@id":"https:\/\/weenat.com\/en\/#organization"},"potentialAction":[{"@type":"SearchAction","target":{"@type":"EntryPoint","urlTemplate":"https:\/\/weenat.com\/en\/?s={search_term_string}"},"query-input":{"@type":"PropertyValueSpecification","valueRequired":true,"valueName":"search_term_string"}}],"inLanguage":"en-US"},{"@type":"Organization","@id":"https:\/\/weenat.com\/en\/#organization","name":"Weenat","url":"https:\/\/weenat.com\/en\/","logo":{"@type":"ImageObject","inLanguage":"en-US","@id":"https:\/\/weenat.com\/en\/#\/schema\/logo\/image\/","url":"https:\/\/weenat.com\/wp-content\/uploads\/2025\/11\/Logo_Bleu_Weenat.svg","contentUrl":"https:\/\/weenat.com\/wp-content\/uploads\/2025\/11\/Logo_Bleu_Weenat.svg","width":753,"height":175,"caption":"Weenat"},"image":{"@id":"https:\/\/weenat.com\/en\/#\/schema\/logo\/image\/"},"sameAs":["https:\/\/www.facebook.com\/weenatcom\/","https:\/\/www.instagram.com\/weenat_solutions\/","https:\/\/www.linkedin.com\/company\/weenat-solutions"]}]}},"_links":{"self":[{"href":"https:\/\/weenat.com\/en\/wp-json\/wp\/v2\/pages\/104406","targetHints":{"allow":["GET"]}}],"collection":[{"href":"https:\/\/weenat.com\/en\/wp-json\/wp\/v2\/pages"}],"about":[{"href":"https:\/\/weenat.com\/en\/wp-json\/wp\/v2\/types\/page"}],"author":[{"embeddable":true,"href":"https:\/\/weenat.com\/en\/wp-json\/wp\/v2\/users\/5"}],"replies":[{"embeddable":true,"href":"https:\/\/weenat.com\/en\/wp-json\/wp\/v2\/comments?post=104406"}],"version-history":[{"count":2,"href":"https:\/\/weenat.com\/en\/wp-json\/wp\/v2\/pages\/104406\/revisions"}],"predecessor-version":[{"id":295628,"href":"https:\/\/weenat.com\/en\/wp-json\/wp\/v2\/pages\/104406\/revisions\/295628"}],"wp:attachment":[{"href":"https:\/\/weenat.com\/en\/wp-json\/wp\/v2\/media?parent=104406"}],"curies":[{"name":"wp","href":"https:\/\/api.w.org\/{rel}","templated":true}]}}