{"id":100639,"date":"2019-12-20T09:49:48","date_gmt":"2019-12-20T08:49:48","guid":{"rendered":"https:\/\/weenat.com\/demande-de-devis\/"},"modified":"2025-11-27T17:32:48","modified_gmt":"2025-11-27T16:32:48","slug":"presupuesto","status":"publish","type":"page","link":"https:\/\/weenat.com\/es\/presupuesto\/","title":{"rendered":"ES &#8211; Demande de devis &#8211; Presupuesto"},"content":{"rendered":"<p>[et_pb_section fb_built=\u00bb1&#8243; _builder_version=\u00bb4.27.4&#8243; locked=\u00bboff\u00bb collapsed=\u00bboff\u00bb global_colors_info=\u00bb{}\u00bb _module_preset=\u00bb4d9d782f-b895-4cc9-8077-8212de88389b\u00bb hover_enabled=\u00bb0&#8243; sticky_enabled=\u00bb0&#8243;][et_pb_row _builder_version=\u00bb4.16&#8243; _module_preset=\u00bbdefault\u00bb global_colors_info=\u00bb{}\u00bb][et_pb_column type=\u00bb4_4&#8243; _builder_version=\u00bb4.16&#8243; _module_preset=\u00bbdefault\u00bb global_colors_info=\u00bb{}\u00bb][et_pb_code _builder_version=\u00bb4.16&#8243; _module_preset=\u00bbdefault\u00bb global_colors_info=\u00bb{}\u00bb]<span><span><a href=\"https:\/\/weenat.com\/es\/\">Weenat<\/a><\/span><\/span>[\/et_pb_code][\/et_pb_column][\/et_pb_row][et_pb_row _builder_version=\u00bb4.16&#8243; width=\u00bb90%\u00bb global_colors_info=\u00bb{}\u00bb][et_pb_column type=\u00bb4_4&#8243; _builder_version=\u00bb4.16&#8243; global_colors_info=\u00bb{}\u00bb][et_pb_text _builder_version=\u00bb4.17.4&#8243; _dynamic_attributes=\u00bblink_option_url\u00bb header_font=\u00bb|700|||||||\u00bb header_text_align=\u00bbcenter\u00bb header_font_size=\u00bb38px\u00bb header_line_height=\u00bb1.3em\u00bb background_enable_color=\u00bboff\u00bb custom_padding=\u00bb0px|||||\u00bb link_option_url=\u00bb@ET-DC@eyJkeW5hbWljIjp0cnVlLCJjb250ZW50IjoicG9zdF9saW5rX3VybF9wYWdlIiwic2V0dGluZ3MiOnsicG9zdF9pZCI6IjgzMSJ9fQ==@\u00bb global_colors_info=\u00bb{}\u00bb]<\/p>\n<h1 style=\"text-align: center;\">Pide presupuesto gratis<\/h1>\n<p>[\/et_pb_text][et_pb_text _builder_version=\u00bb4.17.4&#8243; _module_preset=\u00bbdefault\u00bb width=\u00bb55%\u00bb max_width=\u00bb55%\u00bb module_alignment=\u00bbcenter\u00bb global_colors_info=\u00bb{}\u00bb]<\/p>\n<p style=\"text-align: center;\"><span>Rellena el cuestionario y te enviaremos un presupuesto personalizado y adaptado a tus cultivos.<\/span><\/p>\n<p style=\"text-align: center;\"><strong>\u00bfEmpezamos?<\/strong><\/p>\n<p style=\"text-align: center;\"><em>Solo te llevar\u00e1 dos minutos<\/em><em>.<\/em><\/p>\n<p>[\/et_pb_text][\/et_pb_column][\/et_pb_row][\/et_pb_section][et_pb_section fb_built=\u00bb1&#8243; _builder_version=\u00bb4.24.0&#8243; _module_preset=\u00bbdefault\u00bb custom_padding=\u00bb0%||0%||true|false\u00bb global_colors_info=\u00bb{}\u00bb locked=\u00bboff\u00bb][et_pb_row _builder_version=\u00bb4.27.4&#8243; _module_preset=\u00bbdefault\u00bb custom_margin=\u00bb||||false|false\u00bb global_colors_info=\u00bb{}\u00bb][et_pb_column type=\u00bb4_4&#8243; _builder_version=\u00bb4.24.0&#8243; _module_preset=\u00bbdefault\u00bb global_colors_info=\u00bb{}\u00bb][et_pb_code _builder_version=\u00bb4.27.4&#8243; _module_preset=\u00bbdefault\u00bb background_color=\u00bb#FFFFFF\u00bb text_orientation=\u00bbcenter\u00bb module_alignment=\u00bbcenter\u00bb custom_margin=\u00bb-5vw||||false|false\u00bb hover_enabled=\u00bb0&#8243; border_radii=\u00bbon|10px|10px|10px|10px\u00bb border_width_all=\u00bb1px\u00bb border_color_all=\u00bb#002635&#8243; box_shadow_style=\u00bbpreset3&#8243; global_colors_info=\u00bb{}\u00bb sticky_enabled=\u00bb0&#8243;]<script src=\"https:\/\/js-eu1.hsforms.net\/forms\/embed\/145695827.js\" defer><\/script><!-- [et_pb_line_break_holder] --><\/p>\n<div class=\"hs-form-frame\" data-region=\"eu1\" data-form-id=\"599e0961-cf6a-4dd6-9ece-a7796e8868ec\" data-portal-id=\"145695827\"><\/div>\n<p>[\/et_pb_code][\/et_pb_column][\/et_pb_row][\/et_pb_section][et_pb_section fb_built=\u00bb1&#8243; _builder_version=\u00bb4.27.4&#8243; _module_preset=\u00bbdefault\u00bb background_image=\u00bbhttps:\/\/weenat.com\/wp-content\/uploads\/2025\/09\/fond-degrade-bleu-orange-scaled-1.webp\u00bb parallax=\u00bbon\u00bb locked=\u00bboff\u00bb global_colors_info=\u00bb{}\u00bb][et_pb_row column_structure=\u00bb2_3,1_3&#8243; _builder_version=\u00bb4.27.4&#8243; _module_preset=\u00bbdefault\u00bb global_colors_info=\u00bb{}\u00bb][et_pb_column type=\u00bb2_3&#8243; _builder_version=\u00bb4.16&#8243; _module_preset=\u00bbdefault\u00bb global_colors_info=\u00bb{}\u00bb][et_pb_text _builder_version=\u00bb4.27.4&#8243; _module_preset=\u00bbdefault\u00bb text_font=\u00bb|600|||||||\u00bb text_font_size=\u00bb30px\u00bb text_line_height=\u00bb35px\u00bb header_2_text_color=\u00bb#002635&#8243; header_3_text_align=\u00bbcenter\u00bb header_3_text_color=\u00bb#002635&#8243; custom_margin=\u00bb||30px||false|false\u00bb hover_enabled=\u00bb0&#8243; global_colors_info=\u00bb{}\u00bb sticky_enabled=\u00bb0&#8243;]<\/p>\n<p>\u00bfNo sabes qu\u00e9 soluci\u00f3n agrometeorol\u00f3gica es la que m\u00e1s te conviene?<\/p>\n<p><strong>Ponte en contacto con nosotros.<\/strong><\/p>\n<p>[\/et_pb_text][et_pb_blurb title=\u00bbCorreo electr\u00f3nico\u00bb image=\u00bbhttps:\/\/weenat.com\/wp-content\/uploads\/\/2022\/02\/mail.svg\u00bb icon_placement=\u00bbleft\u00bb image_icon_width=\u00bb80px\u00bb content_max_width=\u00bb380px\u00bb image_icon_width_tablet=\u00bb80px\u00bb image_icon_width_phone=\u00bb80px\u00bb image_icon_width_last_edited=\u00bbon|phone\u00bb content_max_width_tablet=\u00bb423px\u00bb content_max_width_phone=\u00bb100%\u00bb content_max_width_last_edited=\u00bbon|phone\u00bb _builder_version=\u00bb4.17.4&#8243; _module_preset=\u00bbdefault\u00bb header_font_size=\u00bb35px\u00bb body_font=\u00bb|300|||||||\u00bb body_font_size=\u00bb23px\u00bb image_icon_custom_padding=\u00bb|20px|||false|false\u00bb module_alignment_tablet=\u00bb\u00bb module_alignment_phone=\u00bbcenter\u00bb module_alignment_last_edited=\u00bbon|phone\u00bb global_colors_info=\u00bb{}\u00bb]<\/p>\n<p><strong><a href=\"mailto:contact@weenat.com\" target=\"_blank\" rel=\"noopener\">contact@weenat.com<\/a><\/strong><\/p>\n<p>[\/et_pb_blurb][et_pb_blurb title=\u00bbTel\u00e9fono\u00bb image=\u00bbhttps:\/\/weenat.com\/wp-content\/uploads\/\/2022\/02\/telephone.svg\u00bb icon_placement=\u00bbleft\u00bb image_icon_width=\u00bb80px\u00bb content_max_width=\u00bb380px\u00bb image_icon_width_tablet=\u00bb80px\u00bb image_icon_width_phone=\u00bb80px\u00bb image_icon_width_last_edited=\u00bbon|phone\u00bb content_max_width_tablet=\u00bb423px\u00bb content_max_width_phone=\u00bb100%\u00bb content_max_width_last_edited=\u00bbon|phone\u00bb _builder_version=\u00bb4.21.0&#8243; _module_preset=\u00bbdefault\u00bb header_font_size=\u00bb35px\u00bb body_font=\u00bb|300|||||||\u00bb body_font_size=\u00bb23px\u00bb image_icon_custom_padding=\u00bb|20px|||false|false\u00bb module_alignment_tablet=\u00bbcenter\u00bb module_alignment_phone=\u00bbcenter\u00bb module_alignment_last_edited=\u00bbon|phone\u00bb global_colors_info=\u00bb{}\u00bb]<\/p>\n<p class=\"p1\"><strong><a href=\"tel:+34919012519\">+34 919 01 25 19<\/a><\/strong><\/p>\n<p>[\/et_pb_blurb][\/et_pb_column][et_pb_column type=\u00bb1_3&#8243; _builder_version=\u00bb4.16&#8243; _module_preset=\u00bbdefault\u00bb global_colors_info=\u00bb{}\u00bb][et_pb_image src=\u00bbhttps:\/\/weenat.com\/wp-content\/uploads\/2025\/10\/Alvaro.webp\u00bb alt=\u00bbAlvaro Weenat\u00bb _builder_version=\u00bb4.27.4&#8243; _module_preset=\u00bbdefault\u00bb hover_enabled=\u00bb0&#8243; global_colors_info=\u00bb{}\u00bb sticky_enabled=\u00bb0&#8243;][\/et_pb_image][\/et_pb_column][\/et_pb_row][et_pb_row column_structure=\u00bb1_4,1_4,1_4,1_4&#8243; make_equal=\u00bbon\u00bb _builder_version=\u00bb4.27.4&#8243; _module_preset=\u00bbdefault\u00bb custom_margin=\u00bb5%||||false|false\u00bb global_colors_info=\u00bb{}\u00bb][et_pb_column type=\u00bb1_4&#8243; _builder_version=\u00bb4.27.4&#8243; _module_preset=\u00bbdefault\u00bb background_color=\u00bb#FFFFFF\u00bb custom_padding=\u00bb2%||2%||true|false\u00bb border_radii=\u00bbon|10px|10px|10px|10px\u00bb box_shadow_style=\u00bbpreset1&#8243; global_colors_info=\u00bb{}\u00bb][et_pb_image src=\u00bbhttps:\/\/weenat.com\/wp-content\/uploads\/2022\/01\/france.svg\u00bb title_text=\u00bbfrance\u00bb align=\u00bbcenter\u00bb _builder_version=\u00bb4.16&#8243; _module_preset=\u00bbdefault\u00bb width=\u00bb30%\u00bb width_tablet=\u00bb30%\u00bb width_phone=\u00bb25%\u00bb width_last_edited=\u00bbon|phone\u00bb custom_margin=\u00bb||10px||false|false\u00bb global_colors_info=\u00bb{}\u00bb][\/et_pb_image][et_pb_text _builder_version=\u00bb4.27.4&#8243; _module_preset=\u00bbdefault\u00bb text_font=\u00bb|700||on|||||\u00bb text_line_height=\u00bb1.1em\u00bb text_orientation=\u00bbcenter\u00bb hover_enabled=\u00bb0&#8243; global_colors_info=\u00bb{}\u00bb sticky_enabled=\u00bb0&#8243;]Fabricado<br \/>\nEn Francia[\/et_pb_text][\/et_pb_column][et_pb_column type=\u00bb1_4&#8243; _builder_version=\u00bb4.16&#8243; _module_preset=\u00bbdefault\u00bb background_color=\u00bb#FFFFFF\u00bb custom_padding=\u00bb2%||2%||true|false\u00bb border_radii=\u00bbon|10px|10px|10px|10px\u00bb box_shadow_style=\u00bbpreset1&#8243; global_colors_info=\u00bb{}\u00bb][et_pb_image src=\u00bbhttps:\/\/weenat.com\/wp-content\/uploads\/2022\/01\/gestion.svg\u00bb title_text=\u00bbgestion\u00bb align=\u00bbcenter\u00bb _builder_version=\u00bb4.16&#8243; _module_preset=\u00bbdefault\u00bb width=\u00bb30%\u00bb width_tablet=\u00bb30%\u00bb width_phone=\u00bb25%\u00bb width_last_edited=\u00bbon|phone\u00bb custom_margin=\u00bb||10px||false|false\u00bb global_colors_info=\u00bb{}\u00bb][\/et_pb_image][et_pb_text _builder_version=\u00bb4.27.4&#8243; _module_preset=\u00bbdefault\u00bb text_font=\u00bb|700||on|||||\u00bb text_line_height=\u00bb1.1em\u00bb text_orientation=\u00bbcenter\u00bb hover_enabled=\u00bb0&#8243; global_colors_info=\u00bb{}\u00bb sticky_enabled=\u00bb0&#8243;]<\/p>\n<p><span>SOLUCI\u00d3N COMPLETA Y PERSONALIZABLE<\/span><\/p>\n<p>[\/et_pb_text][\/et_pb_column][et_pb_column type=\u00bb1_4&#8243; _builder_version=\u00bb4.16&#8243; _module_preset=\u00bbdefault\u00bb background_color=\u00bb#FFFFFF\u00bb custom_padding=\u00bb2%||2%||true|false\u00bb border_radii=\u00bbon|10px|10px|10px|10px\u00bb box_shadow_style=\u00bbpreset1&#8243; global_colors_info=\u00bb{}\u00bb][et_pb_image src=\u00bbhttps:\/\/weenat.com\/wp-content\/uploads\/2022\/01\/protection-ok.svg\u00bb title_text=\u00bbprotection-ok\u00bb align=\u00bbcenter\u00bb _builder_version=\u00bb4.16&#8243; _module_preset=\u00bbdefault\u00bb width=\u00bb30%\u00bb width_tablet=\u00bb30%\u00bb width_phone=\u00bb25%\u00bb width_last_edited=\u00bbon|phone\u00bb custom_margin=\u00bb||10px||false|false\u00bb global_colors_info=\u00bb{}\u00bb][\/et_pb_image][et_pb_text _builder_version=\u00bb4.27.4&#8243; _module_preset=\u00bbdefault\u00bb text_font=\u00bb|700||on|||||\u00bb text_line_height=\u00bb1.1em\u00bb text_orientation=\u00bbcenter\u00bb hover_enabled=\u00bb0&#8243; global_colors_info=\u00bb{}\u00bb sticky_enabled=\u00bb0&#8243;]<\/p>\n<p><span>FIABLE Y<br \/>F\u00c1CIL DE USAR<\/span><\/p>\n<p>[\/et_pb_text][\/et_pb_column][et_pb_column type=\u00bb1_4&#8243; _builder_version=\u00bb4.16&#8243; _module_preset=\u00bbdefault\u00bb background_color=\u00bb#FFFFFF\u00bb custom_padding=\u00bb2%||2%||true|false\u00bb border_radii=\u00bbon|10px|10px|10px|10px\u00bb box_shadow_style=\u00bbpreset1&#8243; global_colors_info=\u00bb{}\u00bb][et_pb_image src=\u00bbhttps:\/\/weenat.com\/wp-content\/uploads\/2022\/01\/sav.svg\u00bb title_text=\u00bbsav\u00bb align=\u00bbcenter\u00bb _builder_version=\u00bb4.16&#8243; _module_preset=\u00bbdefault\u00bb width=\u00bb30%\u00bb width_tablet=\u00bb30%\u00bb width_phone=\u00bb25%\u00bb width_last_edited=\u00bbon|phone\u00bb custom_margin=\u00bb||10px||false|false\u00bb global_colors_info=\u00bb{}\u00bb][\/et_pb_image][et_pb_text _builder_version=\u00bb4.27.4&#8243; _module_preset=\u00bbdefault\u00bb text_font=\u00bb|700||on|||||\u00bb text_line_height=\u00bb1.1em\u00bb text_orientation=\u00bbcenter\u00bb hover_enabled=\u00bb0&#8243; global_colors_info=\u00bb{}\u00bb sticky_enabled=\u00bb0&#8243;]<\/p>\n<p><span>SERVICIO DE ATENCI\u00d3N\u00a0AL CLIENTE A TU DISPOSICI\u00d3N<\/span><\/p>\n<p>[\/et_pb_text][\/et_pb_column][\/et_pb_row][\/et_pb_section]<\/p>\n","protected":false},"excerpt":{"rendered":"<p><span><span><a href=\"https:\/\/weenat.com\/es\/\">Weenat<\/a><\/span><\/span>Pide presupuesto gratisRellena el cuestionario y te enviaremos un presupuesto personalizado y adaptado a tus cultivos. \u00bfEmpezamos? Solo te llevar\u00e1 dos minutos.\u00bfNo sabes qu\u00e9 soluci\u00f3n agrometeorol\u00f3gica es la que m\u00e1s te conviene? Ponte en contacto con nosotros.contact@weenat.com+34 919 01 25 19Fabricado En FranciaSOLUCI\u00d3N COMPLETA Y PERSONALIZABLEFIABLE YF\u00c1CIL DE USARSERVICIO DE ATENCI\u00d3N\u00a0AL CLIENTE A TU DISPOSICI\u00d3N<\/p>\n","protected":false},"author":4,"featured_media":0,"parent":0,"menu_order":0,"comment_status":"closed","ping_status":"closed","template":"","meta":{"_acf_changed":false,"_et_pb_use_builder":"on","_et_pb_old_content":"","_et_gb_content_width":"","footnotes":""},"class_list":["post-100639","page","type-page","status-publish","hentry"],"acf":[],"yoast_head":"<!-- This site is optimized with the Yoast SEO plugin v27.3 - https:\/\/yoast.com\/product\/yoast-seo-wordpress\/ -->\n<title>Pedir presupuesto gratis y sin compromiso | Weenat<\/title>\n<meta name=\"description\" content=\"\u00bfTe interesan nuestras soluciones de meteorolog\u00eda y agronom\u00eda de precisi\u00f3n? Pide presupuesto en l\u00ednea gratis y sin compromiso y lo recibir\u00e1s dentro de 48 h.\" \/>\n<meta name=\"robots\" content=\"index, follow, max-snippet:-1, max-image-preview:large, max-video-preview:-1\" \/>\n<link rel=\"canonical\" href=\"https:\/\/weenat.com\/es\/presupuesto\/\" \/>\n<meta property=\"og:locale\" content=\"es_ES\" \/>\n<meta property=\"og:type\" content=\"article\" \/>\n<meta property=\"og:title\" content=\"Pedir presupuesto gratis y sin compromiso | Weenat\" \/>\n<meta property=\"og:description\" content=\"\u00bfTe interesan nuestras soluciones de meteorolog\u00eda y agronom\u00eda de precisi\u00f3n? Pide presupuesto en l\u00ednea gratis y sin compromiso y lo recibir\u00e1s dentro de 48 h.\" \/>\n<meta property=\"og:url\" content=\"https:\/\/weenat.com\/es\/presupuesto\/\" \/>\n<meta property=\"og:site_name\" content=\"Weenat\" \/>\n<meta property=\"article:modified_time\" content=\"2025-11-27T16:32:48+00:00\" \/>\n<meta name=\"twitter:card\" content=\"summary_large_image\" \/>\n<meta name=\"twitter:label1\" content=\"Tiempo de lectura\" \/>\n\t<meta name=\"twitter:data1\" content=\"2 minutos\" \/>\n<script type=\"application\/ld+json\" class=\"yoast-schema-graph\">{\"@context\":\"https:\\\/\\\/schema.org\",\"@graph\":[{\"@type\":\"WebPage\",\"@id\":\"https:\\\/\\\/weenat.com\\\/es\\\/presupuesto\\\/\",\"url\":\"https:\\\/\\\/weenat.com\\\/es\\\/presupuesto\\\/\",\"name\":\"Pedir presupuesto gratis y sin compromiso | Weenat\",\"isPartOf\":{\"@id\":\"https:\\\/\\\/weenat.com\\\/es\\\/#website\"},\"datePublished\":\"2019-12-20T08:49:48+00:00\",\"dateModified\":\"2025-11-27T16:32:48+00:00\",\"description\":\"\u00bfTe interesan nuestras soluciones de meteorolog\u00eda y agronom\u00eda de precisi\u00f3n? Pide presupuesto en l\u00ednea gratis y sin compromiso y lo recibir\u00e1s dentro de 48 h.\",\"breadcrumb\":{\"@id\":\"https:\\\/\\\/weenat.com\\\/es\\\/presupuesto\\\/#breadcrumb\"},\"inLanguage\":\"es\",\"potentialAction\":[{\"@type\":\"ReadAction\",\"target\":[\"https:\\\/\\\/weenat.com\\\/es\\\/presupuesto\\\/\"]}]},{\"@type\":\"BreadcrumbList\",\"@id\":\"https:\\\/\\\/weenat.com\\\/es\\\/presupuesto\\\/#breadcrumb\",\"itemListElement\":[{\"@type\":\"ListItem\",\"position\":1,\"name\":\"Weenat\",\"item\":\"https:\\\/\\\/weenat.com\\\/es\\\/\"},{\"@type\":\"ListItem\",\"position\":2,\"name\":\"Presupuesto\"}]},{\"@type\":\"WebSite\",\"@id\":\"https:\\\/\\\/weenat.com\\\/es\\\/#website\",\"url\":\"https:\\\/\\\/weenat.com\\\/es\\\/\",\"name\":\"Weenat\",\"description\":\"\",\"potentialAction\":[{\"@type\":\"SearchAction\",\"target\":{\"@type\":\"EntryPoint\",\"urlTemplate\":\"https:\\\/\\\/weenat.com\\\/es\\\/?s={search_term_string}\"},\"query-input\":{\"@type\":\"PropertyValueSpecification\",\"valueRequired\":true,\"valueName\":\"search_term_string\"}}],\"inLanguage\":\"es\"}]}<\/script>\n<!-- \/ Yoast SEO plugin. -->","yoast_head_json":{"title":"Pedir presupuesto gratis y sin compromiso | Weenat","description":"\u00bfTe interesan nuestras soluciones de meteorolog\u00eda y agronom\u00eda de precisi\u00f3n? Pide presupuesto en l\u00ednea gratis y sin compromiso y lo recibir\u00e1s dentro de 48 h.","robots":{"index":"index","follow":"follow","max-snippet":"max-snippet:-1","max-image-preview":"max-image-preview:large","max-video-preview":"max-video-preview:-1"},"canonical":"https:\/\/weenat.com\/es\/presupuesto\/","og_locale":"es_ES","og_type":"article","og_title":"Pedir presupuesto gratis y sin compromiso | Weenat","og_description":"\u00bfTe interesan nuestras soluciones de meteorolog\u00eda y agronom\u00eda de precisi\u00f3n? Pide presupuesto en l\u00ednea gratis y sin compromiso y lo recibir\u00e1s dentro de 48 h.","og_url":"https:\/\/weenat.com\/es\/presupuesto\/","og_site_name":"Weenat","article_modified_time":"2025-11-27T16:32:48+00:00","twitter_card":"summary_large_image","twitter_misc":{"Tiempo de lectura":"2 minutos"},"schema":{"@context":"https:\/\/schema.org","@graph":[{"@type":"WebPage","@id":"https:\/\/weenat.com\/es\/presupuesto\/","url":"https:\/\/weenat.com\/es\/presupuesto\/","name":"Pedir presupuesto gratis y sin compromiso | Weenat","isPartOf":{"@id":"https:\/\/weenat.com\/es\/#website"},"datePublished":"2019-12-20T08:49:48+00:00","dateModified":"2025-11-27T16:32:48+00:00","description":"\u00bfTe interesan nuestras soluciones de meteorolog\u00eda y agronom\u00eda de precisi\u00f3n? Pide presupuesto en l\u00ednea gratis y sin compromiso y lo recibir\u00e1s dentro de 48 h.","breadcrumb":{"@id":"https:\/\/weenat.com\/es\/presupuesto\/#breadcrumb"},"inLanguage":"es","potentialAction":[{"@type":"ReadAction","target":["https:\/\/weenat.com\/es\/presupuesto\/"]}]},{"@type":"BreadcrumbList","@id":"https:\/\/weenat.com\/es\/presupuesto\/#breadcrumb","itemListElement":[{"@type":"ListItem","position":1,"name":"Weenat","item":"https:\/\/weenat.com\/es\/"},{"@type":"ListItem","position":2,"name":"Presupuesto"}]},{"@type":"WebSite","@id":"https:\/\/weenat.com\/es\/#website","url":"https:\/\/weenat.com\/es\/","name":"Weenat","description":"","potentialAction":[{"@type":"SearchAction","target":{"@type":"EntryPoint","urlTemplate":"https:\/\/weenat.com\/es\/?s={search_term_string}"},"query-input":{"@type":"PropertyValueSpecification","valueRequired":true,"valueName":"search_term_string"}}],"inLanguage":"es"}]}},"_links":{"self":[{"href":"https:\/\/weenat.com\/es\/wp-json\/wp\/v2\/pages\/100639","targetHints":{"allow":["GET"]}}],"collection":[{"href":"https:\/\/weenat.com\/es\/wp-json\/wp\/v2\/pages"}],"about":[{"href":"https:\/\/weenat.com\/es\/wp-json\/wp\/v2\/types\/page"}],"author":[{"embeddable":true,"href":"https:\/\/weenat.com\/es\/wp-json\/wp\/v2\/users\/4"}],"replies":[{"embeddable":true,"href":"https:\/\/weenat.com\/es\/wp-json\/wp\/v2\/comments?post=100639"}],"version-history":[{"count":0,"href":"https:\/\/weenat.com\/es\/wp-json\/wp\/v2\/pages\/100639\/revisions"}],"wp:attachment":[{"href":"https:\/\/weenat.com\/es\/wp-json\/wp\/v2\/media?parent=100639"}],"curies":[{"name":"wp","href":"https:\/\/api.w.org\/{rel}","templated":true}]}}