{"id":102104,"date":"2020-02-11T18:08:31","date_gmt":"2020-02-11T17:08:31","guid":{"rendered":"https:\/\/weenat.com\/mentions-legales\/"},"modified":"2026-01-08T11:59:36","modified_gmt":"2026-01-08T10:59:36","slug":"aviso-legal","status":"publish","type":"page","link":"https:\/\/weenat.com\/es\/aviso-legal\/","title":{"rendered":"ES &#8211; Mentions l\u00e9gales"},"content":{"rendered":"<p>[et_pb_section fb_built=\u00bb1&#8243; _builder_version=\u00bb4.19.5&#8243; locked=\u00bboff\u00bb collapsed=\u00bboff\u00bb global_colors_info=\u00bb{}\u00bb][et_pb_row _builder_version=\u00bb4.17.4&#8243; global_colors_info=\u00bb{}\u00bb][et_pb_column type=\u00bb4_4&#8243; _builder_version=\u00bb4.16&#8243; global_colors_info=\u00bb{}\u00bb][et_pb_code _builder_version=\u00bb4.16&#8243; global_colors_info=\u00bb{}\u00bb]<span><span><a href=\"https:\/\/weenat.com\/es\/\">Weenat<\/a><\/span><\/span>[\/et_pb_code][\/et_pb_column][\/et_pb_row][et_pb_row _builder_version=\u00bb4.19.5&#8243; global_colors_info=\u00bb{}\u00bb][et_pb_column type=\u00bb4_4&#8243; _builder_version=\u00bb4.16&#8243; global_colors_info=\u00bb{}\u00bb][et_pb_text _builder_version=\u00bb4.27.4&#8243; _dynamic_attributes=\u00bblink_option_url\u00bb text_font=\u00bb|700|||||||\u00bb header_text_align=\u00bbcenter\u00bb header_text_color=\u00bb#ffffff\u00bb header_font_size=\u00bb45px\u00bb header_line_height=\u00bb1.3em\u00bb background_enable_color=\u00bboff\u00bb link_option_url=\u00bb@ET-DC@eyJkeW5hbWljIjp0cnVlLCJjb250ZW50IjoicG9zdF9saW5rX3VybF9wYWdlIiwic2V0dGluZ3MiOnsicG9zdF9pZCI6IjgzMSJ9fQ==@\u00bb hover_enabled=\u00bb0&#8243; global_colors_info=\u00bb{}\u00bb _module_preset=\u00bb9b2e0bcf-ed2e-43c7-9b84-aff5d7e930b2&#8243; sticky_enabled=\u00bb0&#8243;]<\/p>\n<h1 style=\"text-align: left;\"><span style=\"color: #002635;\">Aviso legal<\/span><\/h1>\n<p>[\/et_pb_text][\/et_pb_column][\/et_pb_row][\/et_pb_section][et_pb_section fb_built=\u00bb1&#8243; _builder_version=\u00bb4.16&#8243; global_colors_info=\u00bb{}\u00bb][et_pb_row _builder_version=\u00bb4.19.5&#8243; global_colors_info=\u00bb{}\u00bb][et_pb_column type=\u00bb4_4&#8243; _builder_version=\u00bb4.16&#8243; custom_padding=\u00bb|||\u00bb global_colors_info=\u00bb{}\u00bb custom_padding__hover=\u00bb|||\u00bb][et_pb_text _builder_version=\u00bb4.27.4&#8243; global_colors_info=\u00bb{}\u00bb _module_preset=\u00bba911bbfb-d5ea-4b1c-a805-a3c8d79268a7&#8243; sticky_enabled=\u00bb0&#8243; custom_margin=\u00bb||1px||false|false\u00bb]<\/p>\n<h2>Empresa<\/h2>\n<p>[\/et_pb_text][et_pb_text _builder_version=\u00bb4.27.4&#8243; global_colors_info=\u00bb{}\u00bb sticky_enabled=\u00bb0&#8243; custom_margin=\u00bb||20px||false|false\u00bb]<\/p>\n<p>WEENAT S.A.S. (sociedad por acciones simplificada de derecho franc\u00e9s), con un capital social de 83\u00a0277 euros, inscrita en el Registro de Comercio y Sociedades (RCS) de Nantes con el n\u00famero 803\u00a0450\u00a0287.<br \/>NIF-IVA: FR07\u00a0803\u00a0450\u00a0287.<\/p>\n<p>[\/et_pb_text][et_pb_text _builder_version=\u00bb4.27.4&#8243; global_colors_info=\u00bb{}\u00bb _module_preset=\u00bba911bbfb-d5ea-4b1c-a805-a3c8d79268a7&#8243; sticky_enabled=\u00bb0&#8243; custom_margin=\u00bb||1px||false|false\u00bb]<\/p>\n<h2>Direcci\u00f3n<\/h2>\n<p>[\/et_pb_text][et_pb_text _builder_version=\u00bb4.27.4&#8243; global_colors_info=\u00bb{}\u00bb sticky_enabled=\u00bb0&#8243; custom_margin=\u00bb||20px||false|false\u00bb]<\/p>\n<p>Weenat<br \/>C. Serrano, 90 &#8211; 6.\u00aa planta, 28006 Madrid (Espa\u00f1a)<\/p>\n<p>[\/et_pb_text][et_pb_text _builder_version=\u00bb4.27.4&#8243; global_colors_info=\u00bb{}\u00bb _module_preset=\u00bba911bbfb-d5ea-4b1c-a805-a3c8d79268a7&#8243; sticky_enabled=\u00bb0&#8243; custom_margin=\u00bb||1px||false|false\u00bb]<\/p>\n<h2>Contacto<\/h2>\n<p>[\/et_pb_text][et_pb_text _builder_version=\u00bb4.27.4&#8243; global_colors_info=\u00bb{}\u00bb sticky_enabled=\u00bb0&#8243; custom_margin=\u00bb||20px||false|false\u00bb]<\/p>\n<p>Director de publicaci\u00f3n : J\u00e9r\u00f4me Le Roy<\/p>\n<p><strong><a href=\"tel:+34679635971\">679 63 59 71<\/a><\/strong><br \/><strong><a href=\"mailto:contact@weenat.com\">contact@weenat.com<\/a><\/strong><\/p>\n<p>[\/et_pb_text][et_pb_text _builder_version=\u00bb4.27.4&#8243; global_colors_info=\u00bb{}\u00bb _module_preset=\u00bba911bbfb-d5ea-4b1c-a805-a3c8d79268a7&#8243; sticky_enabled=\u00bb0&#8243; custom_margin=\u00bb||1px||false|false\u00bb]<\/p>\n<h2>Alojamiento<\/h2>\n<p>[\/et_pb_text][et_pb_text _builder_version=\u00bb4.27.4&#8243; global_colors_info=\u00bb{}\u00bb sticky_enabled=\u00bb0&#8243; custom_margin=\u00bb||20px||false|false\u00bb]<\/p>\n<p>La p\u00e1gina web weenat.com est\u00e1 alojada por <strong>WPX Hosting K Media Tech (propietaria de WPX).<\/strong><\/p>\n<p>VAT: BG202249002<\/p>\n<p>bl. 68, entr. B, fl. 2, ap. 12,<\/p>\n<p>Manastirski livadi, 1404 Sofia,<\/p>\n<p>Bulgaria<\/p>\n<p>+359 87 766 3990<\/p>\n<p>[\/et_pb_text][et_pb_text _builder_version=\u00bb4.27.4&#8243; global_colors_info=\u00bb{}\u00bb _module_preset=\u00bba911bbfb-d5ea-4b1c-a805-a3c8d79268a7&#8243; sticky_enabled=\u00bb0&#8243; custom_margin=\u00bb||1px||false|false\u00bb]<\/p>\n<h2>Cr\u00e9ditos<\/h2>\n<p>[\/et_pb_text][et_pb_text _builder_version=\u00bb4.27.4&#8243; global_colors_info=\u00bb{}\u00bb sticky_enabled=\u00bb0&#8243; custom_margin=\u00bb||20px||false|false\u00bb]<\/p>\n<p>Cr\u00e9ditos de las fotos: iStock, Unsplash, Adobe Stock y Weenat.<\/p>\n<p>Cr\u00e9ditos de los pictogramas: Streamline.<\/p>\n<p><a href=\"https:\/\/kwalt-digital.com\/\">Creaci\u00f3n de la p\u00e1gina web<\/a>: Kwalt Digital.<\/p>\n<p>[\/et_pb_text][\/et_pb_column][\/et_pb_row][\/et_pb_section]<\/p>\n","protected":false},"excerpt":{"rendered":"<p><span><span><a href=\"https:\/\/weenat.com\/es\/\">Weenat<\/a><\/span><\/span>Aviso legalEmpresaWEENAT S.A.S. (sociedad por acciones simplificada de derecho franc\u00e9s), con un capital social de 83\u00a0277 euros, inscrita en el Registro de Comercio y Sociedades (RCS) de Nantes con el n\u00famero 803\u00a0450\u00a0287.NIF-IVA: FR07\u00a0803\u00a0450\u00a0287.Direcci\u00f3nWeenatC. Serrano, 90 &#8211; 6.\u00aa planta, 28006 Madrid (Espa\u00f1a)ContactoDirector de publicaci\u00f3n : J\u00e9r\u00f4me Le Roy 679 63 59 71contact@weenat.comAlojamientoLa p\u00e1gina web weenat.com est\u00e1 [&hellip;]<\/p>\n","protected":false},"author":5,"featured_media":0,"parent":0,"menu_order":0,"comment_status":"closed","ping_status":"closed","template":"","meta":{"_acf_changed":false,"_et_pb_use_builder":"on","_et_pb_old_content":"","_et_gb_content_width":"","footnotes":""},"class_list":["post-102104","page","type-page","status-publish","hentry"],"acf":[],"yoast_head":"<!-- This site is optimized with the Yoast SEO plugin v27.3 - https:\/\/yoast.com\/product\/yoast-seo-wordpress\/ -->\n<title>Aviso legal | Weenat<\/title>\n<meta name=\"robots\" content=\"index, follow, max-snippet:-1, max-image-preview:large, max-video-preview:-1\" \/>\n<link rel=\"canonical\" href=\"https:\/\/weenat.com\/es\/aviso-legal\/\" \/>\n<meta property=\"og:locale\" content=\"es_ES\" \/>\n<meta property=\"og:type\" content=\"article\" \/>\n<meta property=\"og:title\" content=\"Aviso legal | Weenat\" \/>\n<meta property=\"og:description\" content=\"Aviso legalEmpresaWEENAT S.A.S. (sociedad por acciones simplificada de derecho franc\u00e9s), con un capital social de 83\u00a0277 euros, inscrita en el Registro de Comercio y Sociedades (RCS) de Nantes con el n\u00famero 803\u00a0450\u00a0287.NIF-IVA: FR07\u00a0803\u00a0450\u00a0287.Direcci\u00f3nWeenatC. Serrano, 90 - 6.\u00aa planta, 28006 Madrid (Espa\u00f1a)ContactoDirector de publicaci\u00f3n : J\u00e9r\u00f4me Le Roy 679 63 59 71contact@weenat.comAlojamientoLa p\u00e1gina web weenat.com est\u00e1 [&hellip;]\" \/>\n<meta property=\"og:url\" content=\"https:\/\/weenat.com\/es\/aviso-legal\/\" \/>\n<meta property=\"og:site_name\" content=\"Weenat\" \/>\n<meta property=\"article:modified_time\" content=\"2026-01-08T10:59:36+00:00\" \/>\n<meta name=\"twitter:card\" content=\"summary_large_image\" \/>\n<meta name=\"twitter:label1\" content=\"Tiempo de lectura\" \/>\n\t<meta name=\"twitter:data1\" content=\"1 minuto\" \/>\n<script type=\"application\/ld+json\" class=\"yoast-schema-graph\">{\"@context\":\"https:\\\/\\\/schema.org\",\"@graph\":[{\"@type\":\"WebPage\",\"@id\":\"https:\\\/\\\/weenat.com\\\/es\\\/aviso-legal\\\/\",\"url\":\"https:\\\/\\\/weenat.com\\\/es\\\/aviso-legal\\\/\",\"name\":\"Aviso legal | Weenat\",\"isPartOf\":{\"@id\":\"https:\\\/\\\/weenat.com\\\/es\\\/#website\"},\"datePublished\":\"2020-02-11T17:08:31+00:00\",\"dateModified\":\"2026-01-08T10:59:36+00:00\",\"breadcrumb\":{\"@id\":\"https:\\\/\\\/weenat.com\\\/es\\\/aviso-legal\\\/#breadcrumb\"},\"inLanguage\":\"es\",\"potentialAction\":[{\"@type\":\"ReadAction\",\"target\":[\"https:\\\/\\\/weenat.com\\\/es\\\/aviso-legal\\\/\"]}]},{\"@type\":\"BreadcrumbList\",\"@id\":\"https:\\\/\\\/weenat.com\\\/es\\\/aviso-legal\\\/#breadcrumb\",\"itemListElement\":[{\"@type\":\"ListItem\",\"position\":1,\"name\":\"Weenat\",\"item\":\"https:\\\/\\\/weenat.com\\\/es\\\/\"},{\"@type\":\"ListItem\",\"position\":2,\"name\":\"Aviso Legal\"}]},{\"@type\":\"WebSite\",\"@id\":\"https:\\\/\\\/weenat.com\\\/es\\\/#website\",\"url\":\"https:\\\/\\\/weenat.com\\\/es\\\/\",\"name\":\"Weenat\",\"description\":\"\",\"potentialAction\":[{\"@type\":\"SearchAction\",\"target\":{\"@type\":\"EntryPoint\",\"urlTemplate\":\"https:\\\/\\\/weenat.com\\\/es\\\/?s={search_term_string}\"},\"query-input\":{\"@type\":\"PropertyValueSpecification\",\"valueRequired\":true,\"valueName\":\"search_term_string\"}}],\"inLanguage\":\"es\"}]}<\/script>\n<!-- \/ Yoast SEO plugin. -->","yoast_head_json":{"title":"Aviso legal | Weenat","robots":{"index":"index","follow":"follow","max-snippet":"max-snippet:-1","max-image-preview":"max-image-preview:large","max-video-preview":"max-video-preview:-1"},"canonical":"https:\/\/weenat.com\/es\/aviso-legal\/","og_locale":"es_ES","og_type":"article","og_title":"Aviso legal | Weenat","og_description":"Aviso legalEmpresaWEENAT S.A.S. (sociedad por acciones simplificada de derecho franc\u00e9s), con un capital social de 83\u00a0277 euros, inscrita en el Registro de Comercio y Sociedades (RCS) de Nantes con el n\u00famero 803\u00a0450\u00a0287.NIF-IVA: FR07\u00a0803\u00a0450\u00a0287.Direcci\u00f3nWeenatC. Serrano, 90 - 6.\u00aa planta, 28006 Madrid (Espa\u00f1a)ContactoDirector de publicaci\u00f3n : J\u00e9r\u00f4me Le Roy 679 63 59 71contact@weenat.comAlojamientoLa p\u00e1gina web weenat.com est\u00e1 [&hellip;]","og_url":"https:\/\/weenat.com\/es\/aviso-legal\/","og_site_name":"Weenat","article_modified_time":"2026-01-08T10:59:36+00:00","twitter_card":"summary_large_image","twitter_misc":{"Tiempo de lectura":"1 minuto"},"schema":{"@context":"https:\/\/schema.org","@graph":[{"@type":"WebPage","@id":"https:\/\/weenat.com\/es\/aviso-legal\/","url":"https:\/\/weenat.com\/es\/aviso-legal\/","name":"Aviso legal | Weenat","isPartOf":{"@id":"https:\/\/weenat.com\/es\/#website"},"datePublished":"2020-02-11T17:08:31+00:00","dateModified":"2026-01-08T10:59:36+00:00","breadcrumb":{"@id":"https:\/\/weenat.com\/es\/aviso-legal\/#breadcrumb"},"inLanguage":"es","potentialAction":[{"@type":"ReadAction","target":["https:\/\/weenat.com\/es\/aviso-legal\/"]}]},{"@type":"BreadcrumbList","@id":"https:\/\/weenat.com\/es\/aviso-legal\/#breadcrumb","itemListElement":[{"@type":"ListItem","position":1,"name":"Weenat","item":"https:\/\/weenat.com\/es\/"},{"@type":"ListItem","position":2,"name":"Aviso Legal"}]},{"@type":"WebSite","@id":"https:\/\/weenat.com\/es\/#website","url":"https:\/\/weenat.com\/es\/","name":"Weenat","description":"","potentialAction":[{"@type":"SearchAction","target":{"@type":"EntryPoint","urlTemplate":"https:\/\/weenat.com\/es\/?s={search_term_string}"},"query-input":{"@type":"PropertyValueSpecification","valueRequired":true,"valueName":"search_term_string"}}],"inLanguage":"es"}]}},"_links":{"self":[{"href":"https:\/\/weenat.com\/es\/wp-json\/wp\/v2\/pages\/102104","targetHints":{"allow":["GET"]}}],"collection":[{"href":"https:\/\/weenat.com\/es\/wp-json\/wp\/v2\/pages"}],"about":[{"href":"https:\/\/weenat.com\/es\/wp-json\/wp\/v2\/types\/page"}],"author":[{"embeddable":true,"href":"https:\/\/weenat.com\/es\/wp-json\/wp\/v2\/users\/5"}],"replies":[{"embeddable":true,"href":"https:\/\/weenat.com\/es\/wp-json\/wp\/v2\/comments?post=102104"}],"version-history":[{"count":2,"href":"https:\/\/weenat.com\/es\/wp-json\/wp\/v2\/pages\/102104\/revisions"}],"predecessor-version":[{"id":295632,"href":"https:\/\/weenat.com\/es\/wp-json\/wp\/v2\/pages\/102104\/revisions\/295632"}],"wp:attachment":[{"href":"https:\/\/weenat.com\/es\/wp-json\/wp\/v2\/media?parent=102104"}],"curies":[{"name":"wp","href":"https:\/\/api.w.org\/{rel}","templated":true}]}}