{"id":274859,"date":"2021-03-25T17:13:17","date_gmt":"2021-03-25T16:13:17","guid":{"rendered":"https:\/\/weenat.com\/cap-precision\/"},"modified":"2025-11-06T13:49:48","modified_gmt":"2025-11-06T12:49:48","slug":"maxima-precision","status":"publish","type":"page","link":"https:\/\/weenat.com\/es\/maxima-precision\/","title":{"rendered":"ES &#8211; Livre blanc irrigation"},"content":{"rendered":"<p>[et_pb_section fb_built=\u00bb1&#8243; _builder_version=\u00bb4.17.4&#8243; collapsed=\u00bboff\u00bb global_colors_info=\u00bb{}\u00bb][et_pb_row column_structure=\u00bb2_5,3_5&#8243; _builder_version=\u00bb4.16&#8243; global_colors_info=\u00bb{}\u00bb][et_pb_column type=\u00bb2_5&#8243; _builder_version=\u00bb4.16&#8243; global_colors_info=\u00bb{}\u00bb][et_pb_image src=\u00bbhttps:\/\/weenat.com\/wp-content\/uploads\/2024\/02\/maxima-precision-guide-cover.webp\u00bb title_text=\u00bbmaxima-precision-guide-cover\u00bb _builder_version=\u00bb4.24.0&#8243; _module_preset=\u00bbdefault\u00bb module_alignment=\u00bbcenter\u00bb border_radii=\u00bbon|10px|10px|10px|10px\u00bb global_colors_info=\u00bb{}\u00bb][\/et_pb_image][\/et_pb_column][et_pb_column type=\u00bb3_5&#8243; _builder_version=\u00bb4.16&#8243; global_colors_info=\u00bb{}\u00bb][et_pb_text _builder_version=\u00bb4.27.4&#8243; _dynamic_attributes=\u00bblink_option_url\u00bb _module_preset=\u00bb9b2e0bcf-ed2e-43c7-9b84-aff5d7e930b2&#8243; link_option_url=\u00bb@ET-DC@eyJkeW5hbWljIjp0cnVlLCJjb250ZW50IjoicG9zdF9saW5rX3VybF9wYWdlIiwic2V0dGluZ3MiOnsicG9zdF9pZCI6IjgzMSJ9fQ==@\u00bb global_colors_info=\u00bb{}\u00bb]<\/p>\n<h1>Di adi\u00f3s al <span style=\"color: #0172a4;\">estr\u00e9s h\u00eddrico<\/span> y al riego innecesario<\/h1>\n<p>[\/et_pb_text][et_pb_text _builder_version=\u00bb4.16&#8243; global_colors_info=\u00bb{}\u00bb]<\/p>\n<p><strong>\u00bf<\/strong><strong>Est\u00e1s cansado de tomar decisiones a ojo de buen cubero?<\/strong> Descubre c\u00f3mo regar menos y mejor con sondas de control.<span style=\"font-size: 18px;\"><\/span><\/p>\n<p><span style=\"font-size: 18px;\"><\/span><\/p>\n<p>[\/et_pb_text][et_pb_text _builder_version=\u00bb4.19.5&#8243; _module_preset=\u00bbdefault\u00bb global_colors_info=\u00bb{}\u00bb]<\/p>\n<p><strong>Lo que podr\u00e1s hacer al final de esta gu\u00eda:<\/strong><\/p>\n<p>\ud83d\ude80 Elegir una soluci\u00f3n de gesti\u00f3n del riego adaptada a tus necesidades.<br \/>\ud83d\udcaa Instalar tus sondas como un profesional, sin la ayuda de un t\u00e9cnico.<br \/>\ud83c\udf27 Hacer un seguimiento de lo que sucede en tus suelos despu\u00e9s de una lluvia o riego.<br \/>\ud83c\udf31 Comprender mejor tus plantas y c\u00f3mo consumen agua.<br \/>\ud83d\udcc9 Ahorrar tiempo, dinero y agua.<br \/>\ud83d\udca7 Y demostrar de una vez por todas a sus vecinos y a la administraci\u00f3n que riegas exactamente donde se necesita y cuando se necesita.<\/p>\n<p>[\/et_pb_text][et_pb_button button_url=\u00bb#formulaire\u00bb button_text=\u00bbQuiero controlar mi riego\u00bb button_alignment=\u00bbleft\u00bb _builder_version=\u00bb4.27.4&#8243; _module_preset=\u00bb_initial\u00bb custom_margin=\u00bb||17px|||\u00bb global_colors_info=\u00bb{}\u00bb][\/et_pb_button][\/et_pb_column][\/et_pb_row][\/et_pb_section][et_pb_section fb_built=\u00bb1&#8243; _builder_version=\u00bb4.27.4&#8243; _module_preset=\u00bbdefault\u00bb hover_enabled=\u00bb0&#8243; global_colors_info=\u00bb{}\u00bb module_id=\u00bbformulaire\u00bb sticky_enabled=\u00bb0&#8243;][et_pb_row _builder_version=\u00bb4.16&#8243; _module_preset=\u00bbdefault\u00bb global_colors_info=\u00bb{}\u00bb][et_pb_column type=\u00bb4_4&#8243; _builder_version=\u00bb4.16&#8243; _module_preset=\u00bbdefault\u00bb global_colors_info=\u00bb{}\u00bb][et_pb_text _builder_version=\u00bb4.27.4&#8243; _dynamic_attributes=\u00bblink_option_url\u00bb _module_preset=\u00bba911bbfb-d5ea-4b1c-a805-a3c8d79268a7&#8243; header_text_align=\u00bbcenter\u00bb header_line_height=\u00bb1.3em\u00bb background_enable_color=\u00bboff\u00bb module_alignment=\u00bbcenter\u00bb custom_padding=\u00bb0px|||||\u00bb link_option_url=\u00bb@ET-DC@eyJkeW5hbWljIjp0cnVlLCJjb250ZW50IjoicG9zdF9saW5rX3VybF9wYWdlIiwic2V0dGluZ3MiOnsicG9zdF9pZCI6IjgzMSJ9fQ==@\u00bb global_colors_info=\u00bb{}\u00bb]<\/p>\n<h2 style=\"text-align: center;\">Recibe tu gu\u00eda gratuita <span style=\"color: #0172a4;\">M\u00c1XIMA PRECISI\u00d3N<\/span><\/h2>\n<p>[\/et_pb_text][et_pb_text _builder_version=\u00bb4.16&#8243; _module_preset=\u00bbdefault\u00bb locked=\u00bboff\u00bb global_colors_info=\u00bb{}\u00bb]<\/p>\n<p style=\"text-align: center;\">El \u00fanico m\u00e9todo que te explica paso a paso c\u00f3mo aumentar el rendimiento de tu riego gracias a las sondas de control.<\/p>\n<p>[\/et_pb_text][et_pb_code _builder_version=\u00bb4.27.4&#8243; _module_preset=\u00bbdefault\u00bb global_colors_info=\u00bb{}\u00bb]<script src=\"https:\/\/js-eu1.hsforms.net\/forms\/embed\/145695827.js\" defer><\/script><!-- [et_pb_line_break_holder] --><\/p>\n<div class=\"hs-form-frame\" data-region=\"eu1\" data-form-id=\"f28b3e59-18f4-46fa-887c-12af4a29521c\" data-portal-id=\"145695827\"><\/div>\n<p>[\/et_pb_code][\/et_pb_column][\/et_pb_row][\/et_pb_section][et_pb_section fb_built=\u00bb1&#8243; _builder_version=\u00bb4.27.4&#8243; use_background_color_gradient=\u00bbon\u00bb background_color_gradient_stops=\u00bbrgba(255,255,255,0) 0%|rgba(1,114,164,0.1) 100%\u00bb locked=\u00bboff\u00bb collapsed=\u00bboff\u00bb global_colors_info=\u00bb{}\u00bb][et_pb_row column_structure=\u00bb2_3,1_3&#8243; _builder_version=\u00bb4.27.4&#8243; global_colors_info=\u00bb{}\u00bb][et_pb_column type=\u00bb2_3&#8243; _builder_version=\u00bb4.27.4&#8243; background_enable_color=\u00bboff\u00bb custom_padding=\u00bb3%|5%|3%|5%|true|true\u00bb border_radii=\u00bbon|10px|10px|10px|10px\u00bb box_shadow_style=\u00bbpreset3&#8243; global_colors_info=\u00bb{}\u00bb][et_pb_text _builder_version=\u00bb4.24.0&#8243; global_colors_info=\u00bb{}\u00bb]<\/p>\n<p><em>Para nosotros la aplicaci\u00f3n de Weenat es fundamental, la miramos todos los d\u00edas para saber <strong>cu\u00e1l ha sido la eficacia de los riegos<\/strong>, si debemos aumentar las horas, frecuencia o si, por el contrario, estamos pas\u00e1ndonos de frecuencia.<\/em><\/p>\n<p><strong><em>Carlos Urzaiz<\/em><\/strong><br \/><em>Director t\u00e9cnico de Aceites Artajo<\/em><\/p>\n<p>[\/et_pb_text][\/et_pb_column][et_pb_column type=\u00bb1_3&#8243; _builder_version=\u00bb4.24.0&#8243; background_enable_color=\u00bboff\u00bb custom_padding=\u00bb3%|5%|3%|5%|true|true\u00bb border_radii=\u00bbon|10px|10px|10px|10px\u00bb global_colors_info=\u00bb{}\u00bb][et_pb_image src=\u00bbhttps:\/\/weenat.com\/wp-content\/uploads\/2023\/09\/carlos-urzaiz-artajo-testimonial.svg\u00bb alt=\u00bbLa sonde capacitive connect\u00e9e Weenat facilite le pilotage de l&#8217;irrigation\u00bb title_text=\u00bbcarlos-urzaiz-artajo-testimonial\u00bb _builder_version=\u00bb4.24.0&#8243; _module_preset=\u00bbdefault\u00bb custom_margin=\u00bb|||-40px|false|false\u00bb custom_padding=\u00bb||||false|false\u00bb border_radii=\u00bbon|10px|10px|10px|10px\u00bb global_colors_info=\u00bb{}\u00bb][\/et_pb_image][\/et_pb_column][\/et_pb_row][\/et_pb_section]<\/p>\n","protected":false},"excerpt":{"rendered":"<p>Di adi\u00f3s al estr\u00e9s h\u00eddrico y al riego innecesario\u00bfEst\u00e1s cansado de tomar decisiones a ojo de buen cubero? Descubre c\u00f3mo regar menos y mejor con sondas de control. Lo que podr\u00e1s hacer al final de esta gu\u00eda: \ud83d\ude80 Elegir una soluci\u00f3n de gesti\u00f3n del riego adaptada a tus necesidades.\ud83d\udcaa Instalar tus sondas como un profesional, [&hellip;]<\/p>\n","protected":false},"author":4,"featured_media":274881,"parent":0,"menu_order":0,"comment_status":"closed","ping_status":"closed","template":"","meta":{"_acf_changed":false,"_et_pb_use_builder":"on","_et_pb_old_content":"","_et_gb_content_width":"","footnotes":""},"class_list":["post-274859","page","type-page","status-publish","has-post-thumbnail","hentry"],"acf":[],"yoast_head":"<!-- This site is optimized with the Yoast SEO plugin v27.3 - https:\/\/yoast.com\/product\/yoast-seo-wordpress\/ -->\n<title>Gu\u00eda de riego GRATUITA : M\u00e1xima Precisi\u00f3n | Weenat<\/title>\n<meta name=\"description\" content=\"\u00bfCansado de tomar decisiones &quot;con las u\u00f1as&quot;?Descubra en esta gu\u00eda gratuita c\u00f3mo regar menos y mejor utilizando sondas de control.\" \/>\n<meta name=\"robots\" content=\"index, follow, max-snippet:-1, max-image-preview:large, max-video-preview:-1\" \/>\n<link rel=\"canonical\" href=\"https:\/\/weenat.com\/es\/maxima-precision\/\" \/>\n<meta property=\"og:locale\" content=\"es_ES\" \/>\n<meta property=\"og:type\" content=\"article\" \/>\n<meta property=\"og:title\" content=\"Gu\u00eda de riego GRATUITA : M\u00e1xima Precisi\u00f3n | Weenat\" \/>\n<meta property=\"og:description\" content=\"\u00bfCansado de tomar decisiones &quot;con las u\u00f1as&quot;?Descubra en esta gu\u00eda gratuita c\u00f3mo regar menos y mejor utilizando sondas de control.\" \/>\n<meta property=\"og:url\" content=\"https:\/\/weenat.com\/es\/maxima-precision\/\" \/>\n<meta property=\"og:site_name\" content=\"Weenat\" \/>\n<meta property=\"article:modified_time\" content=\"2025-11-06T12:49:48+00:00\" \/>\n<meta property=\"og:image\" content=\"https:\/\/weenat.com\/wp-content\/uploads\/2024\/02\/maxima-precision-guide-cover.webp\" \/>\n\t<meta property=\"og:image:width\" content=\"1500\" \/>\n\t<meta property=\"og:image:height\" content=\"1800\" \/>\n\t<meta property=\"og:image:type\" content=\"image\/webp\" \/>\n<meta name=\"twitter:card\" content=\"summary_large_image\" \/>\n<meta name=\"twitter:label1\" content=\"Tiempo de lectura\" \/>\n\t<meta name=\"twitter:data1\" content=\"2 minutos\" \/>\n<script type=\"application\/ld+json\" class=\"yoast-schema-graph\">{\"@context\":\"https:\\\/\\\/schema.org\",\"@graph\":[{\"@type\":\"WebPage\",\"@id\":\"https:\\\/\\\/weenat.com\\\/es\\\/maxima-precision\\\/\",\"url\":\"https:\\\/\\\/weenat.com\\\/es\\\/maxima-precision\\\/\",\"name\":\"Gu\u00eda de riego GRATUITA : M\u00e1xima Precisi\u00f3n | Weenat\",\"isPartOf\":{\"@id\":\"https:\\\/\\\/weenat.com\\\/es\\\/#website\"},\"primaryImageOfPage\":{\"@id\":\"https:\\\/\\\/weenat.com\\\/es\\\/maxima-precision\\\/#primaryimage\"},\"image\":{\"@id\":\"https:\\\/\\\/weenat.com\\\/es\\\/maxima-precision\\\/#primaryimage\"},\"thumbnailUrl\":\"https:\\\/\\\/weenat.com\\\/wp-content\\\/uploads\\\/2024\\\/02\\\/maxima-precision-guide-cover.webp\",\"datePublished\":\"2021-03-25T16:13:17+00:00\",\"dateModified\":\"2025-11-06T12:49:48+00:00\",\"description\":\"\u00bfCansado de tomar decisiones \\\"con las u\u00f1as\\\"?Descubra en esta gu\u00eda gratuita c\u00f3mo regar menos y mejor utilizando sondas de control.\",\"breadcrumb\":{\"@id\":\"https:\\\/\\\/weenat.com\\\/es\\\/maxima-precision\\\/#breadcrumb\"},\"inLanguage\":\"es\",\"potentialAction\":[{\"@type\":\"ReadAction\",\"target\":[\"https:\\\/\\\/weenat.com\\\/es\\\/maxima-precision\\\/\"]}]},{\"@type\":\"ImageObject\",\"inLanguage\":\"es\",\"@id\":\"https:\\\/\\\/weenat.com\\\/es\\\/maxima-precision\\\/#primaryimage\",\"url\":\"https:\\\/\\\/weenat.com\\\/wp-content\\\/uploads\\\/2024\\\/02\\\/maxima-precision-guide-cover.webp\",\"contentUrl\":\"https:\\\/\\\/weenat.com\\\/wp-content\\\/uploads\\\/2024\\\/02\\\/maxima-precision-guide-cover.webp\",\"width\":1500,\"height\":1800},{\"@type\":\"BreadcrumbList\",\"@id\":\"https:\\\/\\\/weenat.com\\\/es\\\/maxima-precision\\\/#breadcrumb\",\"itemListElement\":[{\"@type\":\"ListItem\",\"position\":1,\"name\":\"Weenat\",\"item\":\"https:\\\/\\\/weenat.com\\\/es\\\/\"},{\"@type\":\"ListItem\",\"position\":2,\"name\":\"Cap Pr\u00e9cision\"}]},{\"@type\":\"WebSite\",\"@id\":\"https:\\\/\\\/weenat.com\\\/es\\\/#website\",\"url\":\"https:\\\/\\\/weenat.com\\\/es\\\/\",\"name\":\"Weenat\",\"description\":\"\",\"potentialAction\":[{\"@type\":\"SearchAction\",\"target\":{\"@type\":\"EntryPoint\",\"urlTemplate\":\"https:\\\/\\\/weenat.com\\\/es\\\/?s={search_term_string}\"},\"query-input\":{\"@type\":\"PropertyValueSpecification\",\"valueRequired\":true,\"valueName\":\"search_term_string\"}}],\"inLanguage\":\"es\"}]}<\/script>\n<!-- \/ Yoast SEO plugin. -->","yoast_head_json":{"title":"Gu\u00eda de riego GRATUITA : M\u00e1xima Precisi\u00f3n | Weenat","description":"\u00bfCansado de tomar decisiones \"con las u\u00f1as\"?Descubra en esta gu\u00eda gratuita c\u00f3mo regar menos y mejor utilizando sondas de control.","robots":{"index":"index","follow":"follow","max-snippet":"max-snippet:-1","max-image-preview":"max-image-preview:large","max-video-preview":"max-video-preview:-1"},"canonical":"https:\/\/weenat.com\/es\/maxima-precision\/","og_locale":"es_ES","og_type":"article","og_title":"Gu\u00eda de riego GRATUITA : M\u00e1xima Precisi\u00f3n | Weenat","og_description":"\u00bfCansado de tomar decisiones \"con las u\u00f1as\"?Descubra en esta gu\u00eda gratuita c\u00f3mo regar menos y mejor utilizando sondas de control.","og_url":"https:\/\/weenat.com\/es\/maxima-precision\/","og_site_name":"Weenat","article_modified_time":"2025-11-06T12:49:48+00:00","og_image":[{"width":1500,"height":1800,"url":"https:\/\/weenat.com\/wp-content\/uploads\/2024\/02\/maxima-precision-guide-cover.webp","type":"image\/webp"}],"twitter_card":"summary_large_image","twitter_misc":{"Tiempo de lectura":"2 minutos"},"schema":{"@context":"https:\/\/schema.org","@graph":[{"@type":"WebPage","@id":"https:\/\/weenat.com\/es\/maxima-precision\/","url":"https:\/\/weenat.com\/es\/maxima-precision\/","name":"Gu\u00eda de riego GRATUITA : M\u00e1xima Precisi\u00f3n | Weenat","isPartOf":{"@id":"https:\/\/weenat.com\/es\/#website"},"primaryImageOfPage":{"@id":"https:\/\/weenat.com\/es\/maxima-precision\/#primaryimage"},"image":{"@id":"https:\/\/weenat.com\/es\/maxima-precision\/#primaryimage"},"thumbnailUrl":"https:\/\/weenat.com\/wp-content\/uploads\/2024\/02\/maxima-precision-guide-cover.webp","datePublished":"2021-03-25T16:13:17+00:00","dateModified":"2025-11-06T12:49:48+00:00","description":"\u00bfCansado de tomar decisiones \"con las u\u00f1as\"?Descubra en esta gu\u00eda gratuita c\u00f3mo regar menos y mejor utilizando sondas de control.","breadcrumb":{"@id":"https:\/\/weenat.com\/es\/maxima-precision\/#breadcrumb"},"inLanguage":"es","potentialAction":[{"@type":"ReadAction","target":["https:\/\/weenat.com\/es\/maxima-precision\/"]}]},{"@type":"ImageObject","inLanguage":"es","@id":"https:\/\/weenat.com\/es\/maxima-precision\/#primaryimage","url":"https:\/\/weenat.com\/wp-content\/uploads\/2024\/02\/maxima-precision-guide-cover.webp","contentUrl":"https:\/\/weenat.com\/wp-content\/uploads\/2024\/02\/maxima-precision-guide-cover.webp","width":1500,"height":1800},{"@type":"BreadcrumbList","@id":"https:\/\/weenat.com\/es\/maxima-precision\/#breadcrumb","itemListElement":[{"@type":"ListItem","position":1,"name":"Weenat","item":"https:\/\/weenat.com\/es\/"},{"@type":"ListItem","position":2,"name":"Cap Pr\u00e9cision"}]},{"@type":"WebSite","@id":"https:\/\/weenat.com\/es\/#website","url":"https:\/\/weenat.com\/es\/","name":"Weenat","description":"","potentialAction":[{"@type":"SearchAction","target":{"@type":"EntryPoint","urlTemplate":"https:\/\/weenat.com\/es\/?s={search_term_string}"},"query-input":{"@type":"PropertyValueSpecification","valueRequired":true,"valueName":"search_term_string"}}],"inLanguage":"es"}]}},"_links":{"self":[{"href":"https:\/\/weenat.com\/es\/wp-json\/wp\/v2\/pages\/274859","targetHints":{"allow":["GET"]}}],"collection":[{"href":"https:\/\/weenat.com\/es\/wp-json\/wp\/v2\/pages"}],"about":[{"href":"https:\/\/weenat.com\/es\/wp-json\/wp\/v2\/types\/page"}],"author":[{"embeddable":true,"href":"https:\/\/weenat.com\/es\/wp-json\/wp\/v2\/users\/4"}],"replies":[{"embeddable":true,"href":"https:\/\/weenat.com\/es\/wp-json\/wp\/v2\/comments?post=274859"}],"version-history":[{"count":0,"href":"https:\/\/weenat.com\/es\/wp-json\/wp\/v2\/pages\/274859\/revisions"}],"wp:featuredmedia":[{"embeddable":true,"href":"https:\/\/weenat.com\/es\/wp-json\/wp\/v2\/media\/274881"}],"wp:attachment":[{"href":"https:\/\/weenat.com\/es\/wp-json\/wp\/v2\/media?parent=274859"}],"curies":[{"name":"wp","href":"https:\/\/api.w.org\/{rel}","templated":true}]}}