{"id":279680,"date":"2024-11-20T11:05:18","date_gmt":"2024-11-20T10:05:18","guid":{"rendered":"https:\/\/weenat.com\/?page_id=279680"},"modified":"2026-03-02T13:10:04","modified_gmt":"2026-03-02T12:10:04","slug":"calculadora-ahorro-con-weenat","status":"publish","type":"page","link":"https:\/\/weenat.com\/es\/calculadora-ahorro-con-weenat\/","title":{"rendered":"Calculadora del ahorro con Weenat"},"content":{"rendered":"<p>[et_pb_section fb_built=\u00bb1&#8243; _builder_version=\u00bb4.27.4&#8243; _module_preset=\u00bb4d9d782f-b895-4cc9-8077-8212de88389b\u00bb global_colors_info=\u00bb{}\u00bb][et_pb_row _builder_version=\u00bb4.19.5&#8243; _module_preset=\u00bbdefault\u00bb locked=\u00bboff\u00bb global_colors_info=\u00bb{}\u00bb][et_pb_column type=\u00bb4_4&#8243; _builder_version=\u00bb4.16&#8243; _module_preset=\u00bbdefault\u00bb global_colors_info=\u00bb{}\u00bb][et_pb_code _builder_version=\u00bb4.16&#8243; _module_preset=\u00bbdefault\u00bb global_colors_info=\u00bb{}\u00bb]<span><span><a href=\"https:\/\/weenat.com\/es\/\">Weenat<\/a><\/span><\/span>[\/et_pb_code][\/et_pb_column][\/et_pb_row][et_pb_row _builder_version=\u00bb4.24.0&#8243; _module_preset=\u00bbdefault\u00bb global_colors_info=\u00bb{}\u00bb][et_pb_column type=\u00bb4_4&#8243; _builder_version=\u00bb4.24.0&#8243; _module_preset=\u00bbdefault\u00bb global_colors_info=\u00bb{}\u00bb][et_pb_text _builder_version=\u00bb4.27.4&#8243; _module_preset=\u00bb9b2e0bcf-ed2e-43c7-9b84-aff5d7e930b2&#8243; global_colors_info=\u00bb{}\u00bb]<\/p>\n<h1 style=\"text-align: left;\"><strong>Descubre Cu\u00e1nto Puedes Ganar con Weenat<\/strong><\/h1>\n<p>[\/et_pb_text][et_pb_text _builder_version=\u00bb4.24.0&#8243; _module_preset=\u00bbdefault\u00bb custom_padding=\u00bb1%||0%||false|false\u00bb global_colors_info=\u00bb{}\u00bb]<\/p>\n<h3 style=\"text-align: left;\"><strong>Calcula tus Beneficios :<\/strong><\/h3>\n<p style=\"text-align: left;\"><strong>Weenat<\/strong> te ofrece soluciones meteorol\u00f3gicas y agron\u00f3micas en tiempo real para que saques el m\u00e1ximo provecho de cada hect\u00e1rea.<\/p>\n<p style=\"text-align: left;\">Descubre cu\u00e1nto podr\u00edas ahorrar y ganar con nuestras soluciones digitales. \u00a1Es sencillo y r\u00e1pido!<\/p>\n<h3 style=\"text-align: left;\"><\/h3>\n<p>[\/et_pb_text][et_pb_code _builder_version=\u00bb4.24.0&#8243; _module_preset=\u00bbdefault\u00bb background_enable_color=\u00bboff\u00bb border_radii=\u00bbon|10px|10px|10px|10px\u00bb locked=\u00bboff\u00bb global_colors_info=\u00bb{}\u00bb]<\/p>\n<div data-tf-live=\"01JD2KHHYDFMZJ8AETQDQG4X7B\"><\/div>\n<p><script src=\"\/\/embed.typeform.com\/next\/embed.js\"><\/script>[\/et_pb_code][\/et_pb_column][\/et_pb_row][et_pb_row column_structure=\u00bb3_5,2_5&#8243; use_custom_gutter=\u00bbon\u00bb make_equal=\u00bbon\u00bb module_id=\u00bbcalculadora\u00bb _builder_version=\u00bb4.24.0&#8243; _module_preset=\u00bbdefault\u00bb global_colors_info=\u00bb{}\u00bb][et_pb_column type=\u00bb3_5&#8243; _builder_version=\u00bb4.24.0&#8243; _module_preset=\u00bbdefault\u00bb custom_padding=\u00bb||||true|true\u00bb border_radii=\u00bbon|10px|10px|10px|10px\u00bb global_colors_info=\u00bb{}\u00bb][et_pb_image src=\u00bbhttps:\/\/weenat.com\/wp-content\/uploads\/2025\/04\/2025.03.03_fb_ads_benefice_sonde_capa_ES.webp\u00bb alt=\u00bbcon la sonda capacitiva riegue tus cultivos hasta 30% menos de Agua\u00bb _builder_version=\u00bb4.27.4&#8243; _module_preset=\u00bbdefault\u00bb max_width=\u00bb75%\u00bb max_width_tablet=\u00bb75%\u00bb max_width_phone=\u00bb75%\u00bb max_width_last_edited=\u00bbon|desktop\u00bb module_alignment=\u00bbcenter\u00bb border_radii=\u00bbon|10px|10px|10px|10px\u00bb global_colors_info=\u00bb{}\u00bb][\/et_pb_image][\/et_pb_column][et_pb_column type=\u00bb2_5&#8243; _builder_version=\u00bb4.24.0&#8243; _module_preset=\u00bbdefault\u00bb custom_padding=\u00bb3%|3%|3%|3%|true|true\u00bb border_radii=\u00bbon|10px|10px|10px|10px\u00bb global_colors_info=\u00bb{}\u00bb][et_pb_blurb title=\u00bbAhorra recursos\u00bb use_icon=\u00bbon\u00bb font_icon=\u00bb&#xf043;||fa||900&#8243; icon_color=\u00bb#FFFFFF\u00bb icon_placement=\u00bbleft\u00bb image_icon_width=\u00bb30px\u00bb _builder_version=\u00bb4.24.0&#8243; _module_preset=\u00bbdefault\u00bb header_level=\u00bbh3&#8243; header_text_color=\u00bb#FFFFFF\u00bb header_font_size=\u00bb25px\u00bb body_text_color=\u00bb#FFFFFF\u00bb use_background_color_gradient=\u00bbon\u00bb background_color_gradient_stops=\u00bb#0172a4 0%|#0172a4 100%\u00bb image_icon_custom_margin=\u00bb|8px|||false|false\u00bb custom_padding=\u00bb5%|4%|5%|4%|true|true\u00bb border_radii=\u00bbon|10px|10px|10px|10px\u00bb locked=\u00bboff\u00bb global_colors_info=\u00bb{}\u00bb]<\/p>\n<p>Reduce el uso innecesario de agua, de electricidad o de gazolina.<\/p>\n<p>[\/et_pb_blurb][et_pb_blurb title=\u00bbAumenta tus rendimientos\u00bb use_icon=\u00bbon\u00bb font_icon=\u00bb&#xf201;||fa||900&#8243; icon_color=\u00bb#FFFFFF\u00bb icon_placement=\u00bbleft\u00bb image_icon_width=\u00bb30px\u00bb _builder_version=\u00bb4.24.0&#8243; _module_preset=\u00bbdefault\u00bb header_level=\u00bbh3&#8243; header_text_color=\u00bb#FFFFFF\u00bb header_font_size=\u00bb25px\u00bb body_text_color=\u00bb#FFFFFF\u00bb use_background_color_gradient=\u00bbon\u00bb background_color_gradient_stops=\u00bb#0172a4 0%|#0172a4 100%\u00bb image_icon_custom_margin=\u00bb|8px|||false|false\u00bb custom_padding=\u00bb5%|4%|5%|4%|true|true\u00bb border_radii=\u00bbon|10px|10px|10px|10px\u00bb locked=\u00bboff\u00bb global_colors_info=\u00bb{}\u00bb]<\/p>\n<p>Con informaci\u00f3n precisa y actualizada, planifica mejor cada tarea en el campo.<\/p>\n<p>[\/et_pb_blurb][et_pb_blurb title=\u00bbGana tiempo\u00bb use_icon=\u00bbon\u00bb font_icon=\u00bb&#xe60d;||divi||400&#8243; icon_color=\u00bb#FFFFFF\u00bb icon_placement=\u00bbleft\u00bb image_icon_width=\u00bb30px\u00bb _builder_version=\u00bb4.24.0&#8243; _module_preset=\u00bbdefault\u00bb header_level=\u00bbh3&#8243; header_text_color=\u00bb#FFFFFF\u00bb header_font_size=\u00bb25px\u00bb body_text_color=\u00bb#FFFFFF\u00bb use_background_color_gradient=\u00bbon\u00bb background_color_gradient_stops=\u00bb#0172a4 0%|#0172a4 100%\u00bb image_icon_custom_margin=\u00bb|8px|||false|false\u00bb custom_padding=\u00bb5%|4%|5%|4%|true|true\u00bb border_radii=\u00bbon|10px|10px|10px|10px\u00bb locked=\u00bboff\u00bb global_colors_info=\u00bb{}\u00bb]<\/p>\n<p>Organiza tus actividades agr\u00edcolas de forma eficiente gracias a datos confiables.<\/p>\n<p>[\/et_pb_blurb][et_pb_code _builder_version=\u00bb4.24.0&#8243; _module_preset=\u00bbdefault\u00bb background_enable_color=\u00bboff\u00bb text_orientation=\u00bbcenter\u00bb module_alignment=\u00bbcenter\u00bb border_radii=\u00bbon|10px|10px|10px|10px\u00bb global_colors_info=\u00bb{}\u00bb]<\/p>\n<div data-tf-live=\"01JD2KHHYDFMZJ8AETQDQG4X7B\"><\/div>\n<p><script src=\"\/\/embed.typeform.com\/next\/embed.js\"><\/script>[\/et_pb_code][\/et_pb_column][\/et_pb_row][\/et_pb_section][et_pb_section fb_built=\u00bb1&#8243; _builder_version=\u00bb4.24.0&#8243; _module_preset=\u00bbdefault\u00bb background_enable_color=\u00bboff\u00bb background_image=\u00bbhttps:\/\/weenat.com\/wp-content\/uploads\/2024\/01\/fond-degrade-bleu-orange-scaled.webp\u00bb background_size=\u00bbcustom\u00bb background_image_width=\u00bb100%\u00bb background_image_height=\u00bb100%\u00bb background_position=\u00bbtop_center\u00bb custom_padding=\u00bb5%||5%||true|false\u00bb locked=\u00bboff\u00bb global_colors_info=\u00bb{}\u00bb][et_pb_row _builder_version=\u00bb4.24.0&#8243; _module_preset=\u00bbdefault\u00bb global_colors_info=\u00bb{}\u00bb][et_pb_column type=\u00bb4_4&#8243; _builder_version=\u00bb4.24.0&#8243; _module_preset=\u00bbdefault\u00bb global_colors_info=\u00bb{}\u00bb][et_pb_text _builder_version=\u00bb4.27.4&#8243; _module_preset=\u00bba911bbfb-d5ea-4b1c-a805-a3c8d79268a7&#8243; global_colors_info=\u00bb{}\u00bb]<\/p>\n<h2 style=\"text-align: left;\">\u00a1Con Weenat, Optimiza tus cultivos y reduce tus costes!<\/h2>\n<p>[\/et_pb_text][\/et_pb_column][\/et_pb_row][et_pb_row column_structure=\u00bb1_2,1_2&#8243; _builder_version=\u00bb4.24.0&#8243; _module_preset=\u00bbdefault\u00bb global_colors_info=\u00bb{}\u00bb][et_pb_column type=\u00bb1_2&#8243; _builder_version=\u00bb4.24.0&#8243; _module_preset=\u00bbdefault\u00bb global_colors_info=\u00bb{}\u00bb][et_pb_image src=\u00bbhttps:\/\/weenat.com\/wp-content\/uploads\/2021\/05\/application-mobile-meteo-agricole.jpg\u00bb alt=\u00bbAplicacion Weenat \u00bb _builder_version=\u00bb4.27.4&#8243; _module_preset=\u00bbdefault\u00bb border_radii=\u00bbon|10px|10px|10px|10px\u00bb box_shadow_style=\u00bbpreset3&#8243; global_colors_info=\u00bb{}\u00bb][\/et_pb_image][\/et_pb_column][et_pb_column type=\u00bb1_2&#8243; _builder_version=\u00bb4.24.0&#8243; _module_preset=\u00bbdefault\u00bb global_colors_info=\u00bb{}\u00bb][et_pb_text _builder_version=\u00bb4.24.0&#8243; _module_preset=\u00bbdefault\u00bb background_color=\u00bb#FFFFFF\u00bb custom_padding=\u00bb5%|5%|5%|5%|true|true\u00bb border_radii=\u00bbon|10px|10px|10px|10px\u00bb global_colors_info=\u00bb{}\u00bb]<\/p>\n<p>Weenat es m\u00e1s que una herramienta de gesti\u00f3n del riego; es un aliado estrat\u00e9gico para los agricultores que buscan maximizar su productividad, reducir costos y trabajar de manera m\u00e1s sostenible.<\/p>\n<h3><strong>\u00bfC\u00f3mo funcionan las soluciones Weenat?<\/strong><\/h3>\n<p>El coraz\u00f3n de Weenat son sus <strong><a href=\"https:\/\/weenat.com\/es\/sensores\/\">sensores conectados<\/a><\/strong>, que se colocan directamente en el suelo o en las zonas de cultivo.<\/p>\n<p>Estos dispositivos miden par\u00e1metros agro-meteorol\u00f3gicos clave como la humedad del suelo, la temperatura o las precipitaciones.<\/p>\n<p>La informaci\u00f3n recopilada se transmite autom\u00e1ticamente a trav\u00e9s de una red inal\u00e1mbrica a la <strong><a href=\"https:\/\/weenat.com\/es\/aplicacion-meteorologica-agricola\/\">aplicaci\u00f3n m\u00f3vil<\/a><\/strong>, donde se analiza y se presenta de forma clara y f\u00e1cil de interpretar.<\/p>\n<p>[\/et_pb_text][\/et_pb_column][\/et_pb_row][\/et_pb_section][et_pb_section fb_built=\u00bb1&#8243; _builder_version=\u00bb4.24.0&#8243; _module_preset=\u00bbdefault\u00bb background_color=\u00bbrgba(1,114,164,0.1)\u00bb global_colors_info=\u00bb{}\u00bb][et_pb_row column_structure=\u00bb1_2,1_2&#8243; _builder_version=\u00bb4.24.0&#8243; _module_preset=\u00bbdefault\u00bb global_colors_info=\u00bb{}\u00bb][et_pb_column type=\u00bb1_2&#8243; _builder_version=\u00bb4.24.0&#8243; _module_preset=\u00bbdefault\u00bb global_colors_info=\u00bb{}\u00bb][et_pb_text _builder_version=\u00bb4.27.4&#8243; _module_preset=\u00bba911bbfb-d5ea-4b1c-a805-a3c8d79268a7&#8243; global_colors_info=\u00bb{}\u00bb]<\/p>\n<h2>Toma decisiones basadas en datos del suelo y meteorol\u00f3gicos<\/h2>\n<p>[\/et_pb_text][et_pb_text _builder_version=\u00bb4.24.0&#8243; _module_preset=\u00bbdefault\u00bb global_colors_info=\u00bb{}\u00bb]<\/p>\n<p>Gracias a la gama completa de sensores conectados, los agricultores maximizan la eficiencia, minimizan costos y aumentan la productividad de manera sostenible, benefici\u00e1ndose tanto econ\u00f3micamente como en el cuidado de sus cultivos.<\/p>\n<p>[\/et_pb_text][et_pb_text _builder_version=\u00bb4.27.4&#8243; _module_preset=\u00bb65c18883-29a7-430c-8bf0-55f723063a9f\u00bb global_colors_info=\u00bb{}\u00bb]<\/p>\n<h3>\u00bfQuiere saber tambi\u00e9n qu\u00e9 ventajas puede obtener con las soluciones Weenat?<\/h3>\n<p>[\/et_pb_text][et_pb_text _builder_version=\u00bb4.27.4&#8243; _module_preset=\u00bbdefault\u00bb global_colors_info=\u00bb{}\u00bb]<\/p>\n<p>Rellene algunos datos sobre su explotaci\u00f3n y descubra lo que puede ganar con Weenat.<\/p>\n<p>[\/et_pb_text][et_pb_code _builder_version=\u00bb4.24.0&#8243; _module_preset=\u00bbdefault\u00bb background_enable_color=\u00bboff\u00bb border_radii=\u00bbon|10px|10px|10px|10px\u00bb locked=\u00bboff\u00bb global_colors_info=\u00bb{}\u00bb]<\/p>\n<div data-tf-live=\"01JD2KHHYDFMZJ8AETQDQG4X7B\"><\/div>\n<p><script src=\"\/\/embed.typeform.com\/next\/embed.js\"><\/script>[\/et_pb_code][\/et_pb_column][et_pb_column type=\u00bb1_2&#8243; _builder_version=\u00bb4.24.0&#8243; _module_preset=\u00bbdefault\u00bb global_colors_info=\u00bb{}\u00bb][et_pb_image src=\u00bbhttps:\/\/weenat.com\/wp-content\/uploads\/2025\/01\/Weenat-tensio-vergers-2.webp\u00bb alt=\u00bbTensiometro Weenat\u00bb _builder_version=\u00bb4.27.4&#8243; _module_preset=\u00bbdefault\u00bb border_radii=\u00bbon|10px|10px|10px|10px\u00bb box_shadow_style=\u00bbpreset3&#8243; global_colors_info=\u00bb{}\u00bb][\/et_pb_image][\/et_pb_column][\/et_pb_row][\/et_pb_section][et_pb_section fb_built=\u00bb1&#8243; _builder_version=\u00bb4.24.0&#8243; use_background_color_gradient=\u00bbon\u00bb background_color_gradient_stops=\u00bb#ffffff 39%|rgba(1,114,164,0.1) 100%\u00bb background_color_gradient_start=\u00bb#ffffff\u00bb background_color_gradient_start_position=\u00bb39%\u00bb background_color_gradient_end=\u00bbrgba(1,143,164,0.2)\u00bb custom_padding=\u00bb7%||7%||true|false\u00bb locked=\u00bboff\u00bb global_colors_info=\u00bb{}\u00bb][et_pb_row _builder_version=\u00bb4.16&#8243; _module_preset=\u00bbdefault\u00bb custom_padding=\u00bb|0%||0%|false|false\u00bb global_colors_info=\u00bb{}\u00bb][et_pb_column type=\u00bb4_4&#8243; _builder_version=\u00bb4.16&#8243; _module_preset=\u00bbdefault\u00bb global_colors_info=\u00bb{}\u00bb][et_pb_image src=\u00bbhttps:\/\/weenat.com\/wp-content\/uploads\/2024\/07\/etoiles-jaunes-avis-weenat.svg\u00bb title_text=\u00bbetoiles-jaunes-avis-weenat\u00bb _builder_version=\u00bb4.24.0&#8243; _module_preset=\u00bbdefault\u00bb width=\u00bb25%\u00bb width_tablet=\u00bb50%\u00bb width_phone=\u00bb70%\u00bb width_last_edited=\u00bbon|phone\u00bb module_alignment=\u00bbcenter\u00bb global_colors_info=\u00bb{}\u00bb][\/et_pb_image][et_pb_text _builder_version=\u00bb4.27.4&#8243; _module_preset=\u00bba911bbfb-d5ea-4b1c-a805-a3c8d79268a7&#8243; saved_tabs=\u00bball\u00bb locked=\u00bboff\u00bb global_colors_info=\u00bb{}\u00bb global_module=\u00bb287294&#8243; theme_builder_area=\u00bbpost_content\u00bb]<\/p>\n<h2 style=\"text-align: center;\">M\u00e1s de 40 000 usuarios conf\u00edan en Weenat<\/h2>\n<p>[\/et_pb_text][\/et_pb_column][\/et_pb_row][et_pb_row column_structure=\u00bb1_3,1_3,1_3&#8243; use_custom_gutter=\u00bbon\u00bb make_equal=\u00bbon\u00bb _builder_version=\u00bb4.27.5&#8243; _module_preset=\u00bbdefault\u00bb hover_enabled=\u00bb0&#8243; global_colors_info=\u00bb{}\u00bb gutter_width=\u00bb2&#8243; sticky_enabled=\u00bb0&#8243;][et_pb_column type=\u00bb1_3&#8243; _builder_version=\u00bb4.24.0&#8243; _module_preset=\u00bbdefault\u00bb global_colors_info=\u00bb{}\u00bb][et_pb_blurb title=\u00bbUn ahorro de 30.000 euros\u00bb _builder_version=\u00bb4.27.5&#8243; _module_preset=\u00bbdefault\u00bb header_text_color=\u00bb#0172A4&#8243; header_font_size=\u00bb22px\u00bb height=\u00bb380px\u00bb custom_padding=\u00bb5%|5%|5%|5%|true|true\u00bb border_radii=\u00bbon|10px|10px|10px|10px\u00bb box_shadow_style=\u00bbpreset3&#8243; global_colors_info=\u00bb{}\u00bb]<\/p>\n<p><em>\u00abGracias a las sondas de Weenat, hemos optimizado completamente nuestra gesti\u00f3n del riego. Esto nos permite aportar \u00fanicamente el agua que el \u00e1rbol necesita, sin ning\u00fan tipo de desperdicio.\u00a0 <\/em><em style=\"font-size: 16px;\">El resultado ha sido sorprendente: en el primer a\u00f1o, logramos ahorrar cerca de <strong>30.000 euros en nuestra factura de agua y energ\u00eda<\/strong>.\u00bb<\/em><\/p>\n<p><strong>Grupo Coccolo<\/strong>, Productor de arboles en Francia<\/p>\n<p>[\/et_pb_blurb][\/et_pb_column][et_pb_column type=\u00bb1_3&#8243; _builder_version=\u00bb4.24.0&#8243; _module_preset=\u00bbdefault\u00bb global_colors_info=\u00bb{}\u00bb][et_pb_blurb title=\u00bbUn ahorro de 20% en agua\u00bb _builder_version=\u00bb4.27.5&#8243; _module_preset=\u00bbdefault\u00bb header_text_color=\u00bb#0172A4&#8243; header_font_size=\u00bb22px\u00bb height=\u00bb380px\u00bb custom_padding=\u00bb5%|5%|5%|5%|true|true\u00bb border_radii=\u00bbon|10px|10px|10px|10px\u00bb box_shadow_style=\u00bbpreset3&#8243; global_colors_info=\u00bb{}\u00bb]<\/p>\n<p><em>\u00abDesde que utilizo la sondas tensiom\u00e9tricas Weenat, he ahorrado un <strong>20% en agua<\/strong> y he mejorado el rendimiento de mis cultivos de olivares.\u00bb<\/em><\/p>\n<p><strong>Juan L\u00f3pez<\/strong>, Agricultor en Castilla-La Mancha.<\/p>\n<p>[\/et_pb_blurb][\/et_pb_column][et_pb_column type=\u00bb1_3&#8243; _builder_version=\u00bb4.24.0&#8243; _module_preset=\u00bbdefault\u00bb global_colors_info=\u00bb{}\u00bb][et_pb_blurb title=\u00bbUn ahorro en agua y en tiempo\u00bb _builder_version=\u00bb4.27.5&#8243; _module_preset=\u00bbdefault\u00bb header_text_color=\u00bb#0172A4&#8243; header_font_size=\u00bb22px\u00bb height=\u00bb380px\u00bb custom_padding=\u00bb5%|5%|5%|5%|true|true\u00bb border_radii=\u00bbon|10px|10px|10px|10px\u00bb box_shadow_style=\u00bbpreset3&#8243; global_colors_info=\u00bb{}\u00bb]<\/p>\n<p><em>\u00abCuando implement\u00e9 Weenat en mis cultivos, no solo he <strong>ahorrado agua<\/strong>, sino tambi\u00e9n <strong>tiempo de trabajo para mi equipo<\/strong>. Ahora, gracias a los sensores y los datos precisos de la aplicaci\u00f3n, sabemos exactamente cu\u00e1ndo y cu\u00e1nto regar.\u00bb<\/em><\/p>\n<p><strong>Pedro G\u00f3mez<\/strong>, Productor de hortalizas en Murcia.<\/p>\n<p>[\/et_pb_blurb][\/et_pb_column][\/et_pb_row][et_pb_row custom_padding_last_edited=\u00bbon|phone\u00bb _builder_version=\u00bb4.27.4&#8243; _module_preset=\u00bbe49f4310-8203-4d88-8ba7-557b1f2000f5&#8243; max_width=\u00bb1150px\u00bb custom_margin=\u00bb5%||||false|false\u00bb custom_padding=\u00bb71px|0%|71px|0%|true|true\u00bb custom_padding_tablet=\u00bb|5%||5%|true|true\u00bb custom_padding_phone=\u00bb|5%||5%|true|true\u00bb border_radii=\u00bbon|25px|25px|25px|25px\u00bb locked=\u00bboff\u00bb global_colors_info=\u00bb{}\u00bb][et_pb_column type=\u00bb4_4&#8243; _builder_version=\u00bb4.16&#8243; _module_preset=\u00bbdefault\u00bb global_colors_info=\u00bb{}\u00bb][et_pb_text _builder_version=\u00bb4.27.4&#8243; _module_preset=\u00bbdefault\u00bb text_font=\u00bb|700|||||||\u00bb text_text_color=\u00bb#FFFFFF\u00bb text_font_size=\u00bb30px\u00bb text_orientation=\u00bbcenter\u00bb global_colors_info=\u00bb{}\u00bb]<\/p>\n<p>Empieza hoy y transforma tu forma de cultivar<\/p>\n<p>[\/et_pb_text][et_pb_text _builder_version=\u00bb4.27.4&#8243; _module_preset=\u00bbdefault\u00bb text_font=\u00bb||||||||\u00bb text_text_color=\u00bb#FFFFFF\u00bb header_2_text_color=\u00bb#FFFFFF\u00bb header_3_text_align=\u00bbcenter\u00bb header_3_text_color=\u00bb#FFFFFF\u00bb text_orientation=\u00bbcenter\u00bb max_width=\u00bb79%\u00bb module_alignment=\u00bbcenter\u00bb custom_margin=\u00bb53px||53px||true|false\u00bb global_colors_info=\u00bb{}\u00bb]<\/p>\n<div data-shortcode-id=\"3.1.0.0-1732035313830\" data-quickaccess-editable=\"yes\">\n<div class=\"mce-content-body\" contenteditable=\"true\" style=\"position: relative; text-align: center;\">\n<p>\ud83c\udf1f Prueba la calculadora Weenat sin compromiso y descubre c\u00f3mo nuestras soluciones pueden marcar la diferencia en tu explotaci\u00f3n.<\/p>\n<\/div>\n<\/div>\n<p>[\/et_pb_text][et_pb_code _builder_version=\u00bb4.27.4&#8243; _module_preset=\u00bbdefault\u00bb background_enable_color=\u00bboff\u00bb text_orientation=\u00bbcenter\u00bb module_alignment=\u00bbcenter\u00bb border_radii=\u00bbon|10px|10px|10px|10px\u00bb locked=\u00bboff\u00bb global_colors_info=\u00bb{}\u00bb]<\/p>\n<div data-tf-live=\"01JD2KHHYDFMZJ8AETQDQG4X7B\"><\/div>\n<p><script src=\"\/\/embed.typeform.com\/next\/embed.js\"><\/script>[\/et_pb_code][\/et_pb_column][\/et_pb_row][\/et_pb_section]<\/p>\n","protected":false},"excerpt":{"rendered":"<p><span><span><a href=\"https:\/\/weenat.com\/es\/\">Weenat<\/a><\/span><\/span>Descubre Cu\u00e1nto Puedes Ganar con WeenatCalcula tus Beneficios : Weenat te ofrece soluciones meteorol\u00f3gicas y agron\u00f3micas en tiempo real para que saques el m\u00e1ximo provecho de cada hect\u00e1rea. Descubre cu\u00e1nto podr\u00edas ahorrar y ganar con nuestras soluciones digitales. \u00a1Es sencillo y r\u00e1pido! Reduce el uso innecesario de agua, de electricidad o de gazolina.Con informaci\u00f3n precisa [&hellip;]<\/p>\n","protected":false},"author":4,"featured_media":0,"parent":0,"menu_order":0,"comment_status":"closed","ping_status":"closed","template":"","meta":{"_acf_changed":false,"_et_pb_use_builder":"on","_et_pb_old_content":"","_et_gb_content_width":"","footnotes":""},"class_list":["post-279680","page","type-page","status-publish","hentry"],"acf":[],"yoast_head":"<!-- This site is optimized with the Yoast SEO plugin v27.3 - https:\/\/yoast.com\/product\/yoast-seo-wordpress\/ -->\n<title>Calculadora del ahorro con Weenat | Weenat<\/title>\n<meta name=\"description\" content=\"Descubre Cu\u00e1nto Puedes Ganar con Weenat \u00a1Optimiza tus cultivos, reduce tus costes y toma decisiones m\u00e1s inteligentes!\" \/>\n<meta name=\"robots\" content=\"index, follow, max-snippet:-1, max-image-preview:large, max-video-preview:-1\" \/>\n<link rel=\"canonical\" href=\"https:\/\/weenat.com\/es\/calculadora-ahorro-con-weenat\/\" \/>\n<meta property=\"og:locale\" content=\"es_ES\" \/>\n<meta property=\"og:type\" content=\"article\" \/>\n<meta property=\"og:title\" content=\"Calculadora del ahorro con Weenat | Weenat\" \/>\n<meta property=\"og:description\" content=\"Descubre Cu\u00e1nto Puedes Ganar con Weenat \u00a1Optimiza tus cultivos, reduce tus costes y toma decisiones m\u00e1s inteligentes!\" \/>\n<meta property=\"og:url\" content=\"https:\/\/weenat.com\/es\/calculadora-ahorro-con-weenat\/\" \/>\n<meta property=\"og:site_name\" content=\"Weenat\" \/>\n<meta property=\"article:modified_time\" content=\"2026-03-02T12:10:04+00:00\" \/>\n<meta name=\"twitter:card\" content=\"summary_large_image\" \/>\n<meta name=\"twitter:label1\" content=\"Tiempo de lectura\" \/>\n\t<meta name=\"twitter:data1\" content=\"4 minutos\" \/>\n<script type=\"application\/ld+json\" class=\"yoast-schema-graph\">{\"@context\":\"https:\\\/\\\/schema.org\",\"@graph\":[{\"@type\":\"WebPage\",\"@id\":\"https:\\\/\\\/weenat.com\\\/es\\\/calculadora-ahorro-con-weenat\\\/\",\"url\":\"https:\\\/\\\/weenat.com\\\/es\\\/calculadora-ahorro-con-weenat\\\/\",\"name\":\"Calculadora del ahorro con Weenat | Weenat\",\"isPartOf\":{\"@id\":\"https:\\\/\\\/weenat.com\\\/es\\\/#website\"},\"datePublished\":\"2024-11-20T10:05:18+00:00\",\"dateModified\":\"2026-03-02T12:10:04+00:00\",\"description\":\"Descubre Cu\u00e1nto Puedes Ganar con Weenat \u00a1Optimiza tus cultivos, reduce tus costes y toma decisiones m\u00e1s inteligentes!\",\"breadcrumb\":{\"@id\":\"https:\\\/\\\/weenat.com\\\/es\\\/calculadora-ahorro-con-weenat\\\/#breadcrumb\"},\"inLanguage\":\"es\",\"potentialAction\":[{\"@type\":\"ReadAction\",\"target\":[\"https:\\\/\\\/weenat.com\\\/es\\\/calculadora-ahorro-con-weenat\\\/\"]}]},{\"@type\":\"BreadcrumbList\",\"@id\":\"https:\\\/\\\/weenat.com\\\/es\\\/calculadora-ahorro-con-weenat\\\/#breadcrumb\",\"itemListElement\":[{\"@type\":\"ListItem\",\"position\":1,\"name\":\"Weenat\",\"item\":\"https:\\\/\\\/weenat.com\\\/es\\\/\"},{\"@type\":\"ListItem\",\"position\":2,\"name\":\"Calculadora del ahorro con Weenat\"}]},{\"@type\":\"WebSite\",\"@id\":\"https:\\\/\\\/weenat.com\\\/es\\\/#website\",\"url\":\"https:\\\/\\\/weenat.com\\\/es\\\/\",\"name\":\"Weenat\",\"description\":\"\",\"potentialAction\":[{\"@type\":\"SearchAction\",\"target\":{\"@type\":\"EntryPoint\",\"urlTemplate\":\"https:\\\/\\\/weenat.com\\\/es\\\/?s={search_term_string}\"},\"query-input\":{\"@type\":\"PropertyValueSpecification\",\"valueRequired\":true,\"valueName\":\"search_term_string\"}}],\"inLanguage\":\"es\"}]}<\/script>\n<!-- \/ Yoast SEO plugin. -->","yoast_head_json":{"title":"Calculadora del ahorro con Weenat | Weenat","description":"Descubre Cu\u00e1nto Puedes Ganar con Weenat \u00a1Optimiza tus cultivos, reduce tus costes y toma decisiones m\u00e1s inteligentes!","robots":{"index":"index","follow":"follow","max-snippet":"max-snippet:-1","max-image-preview":"max-image-preview:large","max-video-preview":"max-video-preview:-1"},"canonical":"https:\/\/weenat.com\/es\/calculadora-ahorro-con-weenat\/","og_locale":"es_ES","og_type":"article","og_title":"Calculadora del ahorro con Weenat | Weenat","og_description":"Descubre Cu\u00e1nto Puedes Ganar con Weenat \u00a1Optimiza tus cultivos, reduce tus costes y toma decisiones m\u00e1s inteligentes!","og_url":"https:\/\/weenat.com\/es\/calculadora-ahorro-con-weenat\/","og_site_name":"Weenat","article_modified_time":"2026-03-02T12:10:04+00:00","twitter_card":"summary_large_image","twitter_misc":{"Tiempo de lectura":"4 minutos"},"schema":{"@context":"https:\/\/schema.org","@graph":[{"@type":"WebPage","@id":"https:\/\/weenat.com\/es\/calculadora-ahorro-con-weenat\/","url":"https:\/\/weenat.com\/es\/calculadora-ahorro-con-weenat\/","name":"Calculadora del ahorro con Weenat | Weenat","isPartOf":{"@id":"https:\/\/weenat.com\/es\/#website"},"datePublished":"2024-11-20T10:05:18+00:00","dateModified":"2026-03-02T12:10:04+00:00","description":"Descubre Cu\u00e1nto Puedes Ganar con Weenat \u00a1Optimiza tus cultivos, reduce tus costes y toma decisiones m\u00e1s inteligentes!","breadcrumb":{"@id":"https:\/\/weenat.com\/es\/calculadora-ahorro-con-weenat\/#breadcrumb"},"inLanguage":"es","potentialAction":[{"@type":"ReadAction","target":["https:\/\/weenat.com\/es\/calculadora-ahorro-con-weenat\/"]}]},{"@type":"BreadcrumbList","@id":"https:\/\/weenat.com\/es\/calculadora-ahorro-con-weenat\/#breadcrumb","itemListElement":[{"@type":"ListItem","position":1,"name":"Weenat","item":"https:\/\/weenat.com\/es\/"},{"@type":"ListItem","position":2,"name":"Calculadora del ahorro con Weenat"}]},{"@type":"WebSite","@id":"https:\/\/weenat.com\/es\/#website","url":"https:\/\/weenat.com\/es\/","name":"Weenat","description":"","potentialAction":[{"@type":"SearchAction","target":{"@type":"EntryPoint","urlTemplate":"https:\/\/weenat.com\/es\/?s={search_term_string}"},"query-input":{"@type":"PropertyValueSpecification","valueRequired":true,"valueName":"search_term_string"}}],"inLanguage":"es"}]}},"_links":{"self":[{"href":"https:\/\/weenat.com\/es\/wp-json\/wp\/v2\/pages\/279680","targetHints":{"allow":["GET"]}}],"collection":[{"href":"https:\/\/weenat.com\/es\/wp-json\/wp\/v2\/pages"}],"about":[{"href":"https:\/\/weenat.com\/es\/wp-json\/wp\/v2\/types\/page"}],"author":[{"embeddable":true,"href":"https:\/\/weenat.com\/es\/wp-json\/wp\/v2\/users\/4"}],"replies":[{"embeddable":true,"href":"https:\/\/weenat.com\/es\/wp-json\/wp\/v2\/comments?post=279680"}],"version-history":[{"count":3,"href":"https:\/\/weenat.com\/es\/wp-json\/wp\/v2\/pages\/279680\/revisions"}],"predecessor-version":[{"id":296735,"href":"https:\/\/weenat.com\/es\/wp-json\/wp\/v2\/pages\/279680\/revisions\/296735"}],"wp:attachment":[{"href":"https:\/\/weenat.com\/es\/wp-json\/wp\/v2\/media?parent=279680"}],"curies":[{"name":"wp","href":"https:\/\/api.w.org\/{rel}","templated":true}]}}