{"id":290407,"date":"2019-12-20T09:49:48","date_gmt":"2019-12-20T08:49:48","guid":{"rendered":"https:\/\/weenat.com\/quotation-request\/"},"modified":"2025-11-27T18:06:35","modified_gmt":"2025-11-27T17:06:35","slug":"zapytanie-ofertowe","status":"publish","type":"page","link":"https:\/\/weenat.com\/pl\/zapytanie-ofertowe\/","title":{"rendered":"PL &#8211; Demande de devis"},"content":{"rendered":"<p>[et_pb_section fb_built=&#8221;1&#8243; _builder_version=&#8221;4.27.4&#8243; _module_preset=&#8221;4d9d782f-b895-4cc9-8077-8212de88389b&#8221; locked=&#8221;off&#8221; collapsed=&#8221;off&#8221; global_colors_info=&#8221;{}&#8221;][et_pb_row _builder_version=&#8221;4.19.5&#8243; _module_preset=&#8221;default&#8221; global_colors_info=&#8221;{}&#8221;][et_pb_column type=&#8221;4_4&#8243; _builder_version=&#8221;4.16&#8243; _module_preset=&#8221;default&#8221; global_colors_info=&#8221;{}&#8221;][et_pb_code _builder_version=&#8221;4.16&#8243; _module_preset=&#8221;default&#8221; global_colors_info=&#8221;{}&#8221;]<span><span><a href=\"https:\/\/weenat.com\/pl\/\">Weenat<\/a><\/span><\/span>[\/et_pb_code][\/et_pb_column][\/et_pb_row][et_pb_row _builder_version=&#8221;4.16&#8243; locked=&#8221;off&#8221; global_colors_info=&#8221;{}&#8221;][et_pb_column type=&#8221;4_4&#8243; _builder_version=&#8221;4.16&#8243; global_colors_info=&#8221;{}&#8221;][et_pb_text _builder_version=&#8221;4.27.4&#8243; _dynamic_attributes=&#8221;link_option_url&#8221; _module_preset=&#8221;9b2e0bcf-ed2e-43c7-9b84-aff5d7e930b2&#8243; header_font=&#8221;|700|||||||&#8221; header_text_align=&#8221;center&#8221; header_font_size=&#8221;38px&#8221; header_line_height=&#8221;1.3em&#8221; background_enable_color=&#8221;off&#8221; custom_padding=&#8221;0px|||||&#8221; link_option_url=&#8221;@ET-DC@eyJkeW5hbWljIjp0cnVlLCJjb250ZW50IjoicG9zdF9saW5rX3VybF9wYWdlIiwic2V0dGluZ3MiOnsicG9zdF9pZCI6IjgzMSJ9fQ==@&#8221; global_colors_info=&#8221;{}&#8221;]<\/p>\n<h1 style=\"text-align: center;\">Popro\u015b o darmow\u0105 wycen\u0119<\/h1>\n<p>[\/et_pb_text][et_pb_text _builder_version=&#8221;4.27.4&#8243; _module_preset=&#8221;default&#8221; global_colors_info=&#8221;{}&#8221;]<\/p>\n<p style=\"text-align: center;\">Witaj, odpowiedz na ten kwestionariusz, a jeden z naszych doradc\u00f3w zaoferuje Ci spersonalizowan\u0105 wycen\u0119 dostosowan\u0105 do Twoich upraw.<\/p>\n<p style=\"text-align: center;\"><strong>Zaczynamy?<\/strong><br \/><em>Zajmie to 2 minuty.<\/em><\/p>\n<p>[\/et_pb_text][\/et_pb_column][\/et_pb_row][\/et_pb_section][et_pb_section fb_built=&#8221;1&#8243; _builder_version=&#8221;4.16&#8243; _module_preset=&#8221;default&#8221; locked=&#8221;off&#8221; global_colors_info=&#8221;{}&#8221;][et_pb_row _builder_version=&#8221;4.27.4&#8243; _module_preset=&#8221;default&#8221; custom_margin=&#8221;||||false|false&#8221; locked=&#8221;off&#8221; global_colors_info=&#8221;{}&#8221;][et_pb_column type=&#8221;4_4&#8243; _builder_version=&#8221;4.24.0&#8243; _module_preset=&#8221;default&#8221; global_colors_info=&#8221;{}&#8221;][et_pb_code _builder_version=&#8221;4.27.4&#8243; _module_preset=&#8221;default&#8221; background_color=&#8221;#FFFFFF&#8221; text_orientation=&#8221;center&#8221; module_alignment=&#8221;center&#8221; custom_margin=&#8221;-7vw||||false|false&#8221; hover_enabled=&#8221;0&#8243; border_radii=&#8221;on|10px|10px|10px|10px&#8221; border_width_all=&#8221;1px&#8221; border_color_all=&#8221;#002635&#8243; box_shadow_style=&#8221;preset3&#8243; global_colors_info=&#8221;{}&#8221; sticky_enabled=&#8221;0&#8243;]<script src=\"https:\/\/js-eu1.hsforms.net\/forms\/embed\/145695827.js\" defer><\/script><!-- [et_pb_line_break_holder] --><\/p>\n<div class=\"hs-form-frame\" data-region=\"eu1\" data-form-id=\"2389ab21-e14b-41e8-a170-68297ba0e62d\" data-portal-id=\"145695827\"><\/div>\n<p>[\/et_pb_code][\/et_pb_column][\/et_pb_row][\/et_pb_section][et_pb_section fb_built=&#8221;1&#8243; _builder_version=&#8221;4.27.4&#8243; _module_preset=&#8221;default&#8221; background_image=&#8221;https:\/\/weenat.com\/wp-content\/uploads\/2025\/09\/fond-degrade-bleu-orange-scaled-1.webp&#8221; parallax=&#8221;on&#8221; locked=&#8221;off&#8221; global_colors_info=&#8221;{}&#8221;][et_pb_row column_structure=&#8221;2_3,1_3&#8243; _builder_version=&#8221;4.27.4&#8243; _module_preset=&#8221;default&#8221; global_colors_info=&#8221;{}&#8221;][et_pb_column type=&#8221;2_3&#8243; _builder_version=&#8221;4.16&#8243; _module_preset=&#8221;default&#8221; global_colors_info=&#8221;{}&#8221;][et_pb_text _builder_version=&#8221;4.27.4&#8243; _module_preset=&#8221;default&#8221; text_font=&#8221;|600|||||||&#8221; text_font_size=&#8221;30px&#8221; text_line_height=&#8221;35px&#8221; header_2_text_color=&#8221;#002635&#8243; header_3_text_align=&#8221;center&#8221; header_3_text_color=&#8221;#002635&#8243; custom_margin=&#8221;||30px||false|false&#8221; global_colors_info=&#8221;{}&#8221;]<\/p>\n<p><strong>Nie jeste\u015b pewien, kt\u00f3re rozwi\u0105zanie agrometeorologiczne jest dla Ciebie odpowiednie?<\/strong><br \/>Jeste\u015bmy tutaj, aby pom\u00f3c.<\/p>\n<p>[\/et_pb_text][et_pb_blurb title=&#8221;Email&#8221; image=&#8221;https:\/\/weenat.com\/wp-content\/uploads\/2022\/02\/mail.svg&#8221; icon_placement=&#8221;left&#8221; image_icon_width=&#8221;80px&#8221; content_max_width=&#8221;380px&#8221; image_icon_width_tablet=&#8221;80px&#8221; image_icon_width_phone=&#8221;80px&#8221; image_icon_width_last_edited=&#8221;on|phone&#8221; content_max_width_tablet=&#8221;423px&#8221; content_max_width_phone=&#8221;100%&#8221; content_max_width_last_edited=&#8221;on|phone&#8221; _builder_version=&#8221;4.19.5&#8243; _module_preset=&#8221;default&#8221; header_font_size=&#8221;35px&#8221; body_font=&#8221;|300|||||||&#8221; body_font_size=&#8221;23px&#8221; image_icon_custom_padding=&#8221;|20px|||false|false&#8221; module_alignment_tablet=&#8221;&#8221; module_alignment_phone=&#8221;center&#8221; module_alignment_last_edited=&#8221;on|phone&#8221; global_colors_info=&#8221;{}&#8221;]<\/p>\n<p><strong><a href=\"mailto:contact@weenat.com\" target=\"_blank\" rel=\"noopener\">contact@weenat.com<\/a><\/strong><\/p>\n<p>[\/et_pb_blurb][et_pb_blurb title=&#8221;Telefon&#8221; image=&#8221;https:\/\/weenat.com\/wp-content\/uploads\/2022\/02\/telephone.svg&#8221; icon_placement=&#8221;left&#8221; image_icon_width=&#8221;80px&#8221; content_max_width=&#8221;380px&#8221; image_icon_width_tablet=&#8221;80px&#8221; image_icon_width_phone=&#8221;80px&#8221; image_icon_width_last_edited=&#8221;on|phone&#8221; content_max_width_tablet=&#8221;423px&#8221; content_max_width_phone=&#8221;100%&#8221; content_max_width_last_edited=&#8221;on|phone&#8221; _builder_version=&#8221;4.27.4&#8243; _module_preset=&#8221;default&#8221; header_font_size=&#8221;35px&#8221; body_font=&#8221;|300|||||||&#8221; body_font_size=&#8221;23px&#8221; image_icon_custom_padding=&#8221;|20px|||false|false&#8221; module_alignment_tablet=&#8221;center&#8221; module_alignment_phone=&#8221;center&#8221; module_alignment_last_edited=&#8221;on|phone&#8221; global_colors_info=&#8221;{}&#8221;]<\/p>\n<p><strong><a href=\"tel:+33252860055\">+33 2 52 86 00 55<\/a><\/strong><\/p>\n<p>[\/et_pb_blurb][\/et_pb_column][et_pb_column type=&#8221;1_3&#8243; _builder_version=&#8221;4.16&#8243; _module_preset=&#8221;default&#8221; global_colors_info=&#8221;{}&#8221;][et_pb_image src=&#8221;https:\/\/weenat.com\/wp-content\/uploads\/2025\/10\/Olivier.webp&#8221; alt=&#8221;Olivier Weenat&#8221; _builder_version=&#8221;4.27.4&#8243; _module_preset=&#8221;default&#8221; global_colors_info=&#8221;{}&#8221;][\/et_pb_image][\/et_pb_column][\/et_pb_row][et_pb_row column_structure=&#8221;1_4,1_4,1_4,1_4&#8243; make_equal=&#8221;on&#8221; _builder_version=&#8221;4.27.4&#8243; _module_preset=&#8221;default&#8221; custom_margin=&#8221;5%||||false|false&#8221; global_colors_info=&#8221;{}&#8221;][et_pb_column type=&#8221;1_4&#8243; _builder_version=&#8221;4.27.4&#8243; _module_preset=&#8221;default&#8221; background_color=&#8221;#FFFFFF&#8221; custom_padding=&#8221;2%||2%||true|false&#8221; border_radii=&#8221;on|10px|10px|10px|10px&#8221; box_shadow_style=&#8221;preset1&#8243; global_colors_info=&#8221;{}&#8221;][et_pb_image src=&#8221;https:\/\/weenat.com\/wp-content\/uploads\/2022\/01\/france.svg&#8221; title_text=&#8221;france&#8221; align=&#8221;center&#8221; _builder_version=&#8221;4.16&#8243; _module_preset=&#8221;default&#8221; width=&#8221;30%&#8221; width_tablet=&#8221;30%&#8221; width_phone=&#8221;25%&#8221; width_last_edited=&#8221;on|phone&#8221; custom_margin=&#8221;||10px||false|false&#8221; global_colors_info=&#8221;{}&#8221;][\/et_pb_image][et_pb_text _builder_version=&#8221;4.27.4&#8243; _module_preset=&#8221;default&#8221; text_font=&#8221;|700||on|||||&#8221; text_line_height=&#8221;1.1em&#8221; text_orientation=&#8221;center&#8221; global_colors_info=&#8221;{}&#8221;]<\/p>\n<p>WYPRODUKOWANO WE FRANCJI<\/p>\n<p>[\/et_pb_text][\/et_pb_column][et_pb_column type=&#8221;1_4&#8243; _builder_version=&#8221;4.16&#8243; _module_preset=&#8221;default&#8221; background_color=&#8221;#FFFFFF&#8221; custom_padding=&#8221;2%||2%||true|false&#8221; border_radii=&#8221;on|10px|10px|10px|10px&#8221; box_shadow_style=&#8221;preset1&#8243; global_colors_info=&#8221;{}&#8221;][et_pb_image src=&#8221;https:\/\/weenat.com\/wp-content\/uploads\/2022\/01\/gestion.svg&#8221; title_text=&#8221;gestion&#8221; align=&#8221;center&#8221; _builder_version=&#8221;4.16&#8243; _module_preset=&#8221;default&#8221; width=&#8221;30%&#8221; width_tablet=&#8221;30%&#8221; width_phone=&#8221;25%&#8221; width_last_edited=&#8221;on|phone&#8221; custom_margin=&#8221;||10px||false|false&#8221; global_colors_info=&#8221;{}&#8221;][\/et_pb_image][et_pb_text _builder_version=&#8221;4.27.4&#8243; _module_preset=&#8221;default&#8221; text_font=&#8221;|700||on|||||&#8221; text_line_height=&#8221;1.1em&#8221; text_orientation=&#8221;center&#8221; custom_padding=&#8221;|2%||2%|false|true&#8221; global_colors_info=&#8221;{}&#8221;]<\/p>\n<p>ROZWI\u0104ZANIE WSZYSTKO W JEDNYM I KONFIGUROWALNE<\/p>\n<p>[\/et_pb_text][\/et_pb_column][et_pb_column type=&#8221;1_4&#8243; _builder_version=&#8221;4.16&#8243; _module_preset=&#8221;default&#8221; background_color=&#8221;#FFFFFF&#8221; custom_padding=&#8221;2%||2%||true|false&#8221; border_radii=&#8221;on|10px|10px|10px|10px&#8221; box_shadow_style=&#8221;preset1&#8243; global_colors_info=&#8221;{}&#8221;][et_pb_image src=&#8221;https:\/\/weenat.com\/wp-content\/uploads\/2022\/01\/protection-ok.svg&#8221; title_text=&#8221;protection-ok&#8221; align=&#8221;center&#8221; _builder_version=&#8221;4.16&#8243; _module_preset=&#8221;default&#8221; width=&#8221;30%&#8221; width_tablet=&#8221;30%&#8221; width_phone=&#8221;25%&#8221; width_last_edited=&#8221;on|phone&#8221; custom_margin=&#8221;||10px||false|false&#8221; global_colors_info=&#8221;{}&#8221;][\/et_pb_image][et_pb_text _builder_version=&#8221;4.27.4&#8243; _module_preset=&#8221;default&#8221; text_font=&#8221;|700||on|||||&#8221; text_line_height=&#8221;1.1em&#8221; text_orientation=&#8221;center&#8221; global_colors_info=&#8221;{}&#8221;]<\/p>\n<p>NIEZAWODNE I \u0141ATWE W U\u017bYCIU<\/p>\n<p>[\/et_pb_text][\/et_pb_column][et_pb_column type=&#8221;1_4&#8243; _builder_version=&#8221;4.16&#8243; _module_preset=&#8221;default&#8221; background_color=&#8221;#FFFFFF&#8221; custom_padding=&#8221;2%||2%||true|false&#8221; border_radii=&#8221;on|10px|10px|10px|10px&#8221; box_shadow_style=&#8221;preset1&#8243; global_colors_info=&#8221;{}&#8221;][et_pb_image src=&#8221;https:\/\/weenat.com\/wp-content\/uploads\/2022\/01\/sav.svg&#8221; title_text=&#8221;sav&#8221; align=&#8221;center&#8221; _builder_version=&#8221;4.16&#8243; _module_preset=&#8221;default&#8221; width=&#8221;30%&#8221; width_tablet=&#8221;30%&#8221; width_phone=&#8221;25%&#8221; width_last_edited=&#8221;on|phone&#8221; custom_margin=&#8221;||10px||false|false&#8221; global_colors_info=&#8221;{}&#8221;][\/et_pb_image][et_pb_text _builder_version=&#8221;4.27.4&#8243; _module_preset=&#8221;default&#8221; text_font=&#8221;|700||on|||||&#8221; text_line_height=&#8221;1.1em&#8221; text_orientation=&#8221;center&#8221; global_colors_info=&#8221;{}&#8221;]<\/p>\n<p>OBS\u0141UGA KLIENTA U TWOJEGO BOKU<\/p>\n<p>[\/et_pb_text][\/et_pb_column][\/et_pb_row][\/et_pb_section]<\/p>\n","protected":false},"excerpt":{"rendered":"<p><span><span><a href=\"https:\/\/weenat.com\/pl\/\">Weenat<\/a><\/span><\/span>Popro\u015b o darmow\u0105 wycen\u0119Witaj, odpowiedz na ten kwestionariusz, a jeden z naszych doradc\u00f3w zaoferuje Ci spersonalizowan\u0105 wycen\u0119 dostosowan\u0105 do Twoich upraw. Zaczynamy?Zajmie to 2 minuty.Nie jeste\u015b pewien, kt\u00f3re rozwi\u0105zanie agrometeorologiczne jest dla Ciebie odpowiednie?Jeste\u015bmy tutaj, aby pom\u00f3c.contact@weenat.com+33 2 52 86 00 55WYPRODUKOWANO WE FRANCJIROZWI\u0104ZANIE WSZYSTKO W JEDNYM I KONFIGUROWALNENIEZAWODNE I \u0141ATWE W U\u017bYCIUOBS\u0141UGA KLIENTA U [&hellip;]<\/p>\n","protected":false},"author":4,"featured_media":0,"parent":0,"menu_order":0,"comment_status":"closed","ping_status":"closed","template":"","meta":{"_acf_changed":false,"_et_pb_use_builder":"on","_et_pb_old_content":"","_et_gb_content_width":"","footnotes":""},"class_list":["post-290407","page","type-page","status-publish","hentry"],"acf":[],"yoast_head":"<!-- This site is optimized with the Yoast SEO plugin v27.3 - https:\/\/yoast.com\/product\/yoast-seo-wordpress\/ -->\n<title>Uzyskaj darmow\u0105, niezobowi\u0105zuj\u0105c\u0105 wycen\u0119 | Weenat<\/title>\n<meta name=\"description\" content=\"Interesuj\u0105 Ci\u0119 nasze rozwi\u0105zania w zakresie monitorowania pogody i precyzyjnej agronomii? Uzyskaj bezp\u0142atn\u0105, niezobowi\u0105zuj\u0105c\u0105 wycen\u0119 w ci\u0105gu 48 godzin!\" \/>\n<meta name=\"robots\" content=\"index, follow, max-snippet:-1, max-image-preview:large, max-video-preview:-1\" \/>\n<link rel=\"canonical\" href=\"https:\/\/weenat.com\/pl\/zapytanie-ofertowe\/\" \/>\n<meta property=\"og:locale\" content=\"pl_PL\" \/>\n<meta property=\"og:type\" content=\"article\" \/>\n<meta property=\"og:title\" content=\"Uzyskaj darmow\u0105, niezobowi\u0105zuj\u0105c\u0105 wycen\u0119 | Weenat\" \/>\n<meta property=\"og:description\" content=\"Interesuj\u0105 Ci\u0119 nasze rozwi\u0105zania w zakresie monitorowania pogody i precyzyjnej agronomii? Uzyskaj bezp\u0142atn\u0105, niezobowi\u0105zuj\u0105c\u0105 wycen\u0119 w ci\u0105gu 48 godzin!\" \/>\n<meta property=\"og:url\" content=\"https:\/\/weenat.com\/pl\/zapytanie-ofertowe\/\" \/>\n<meta property=\"og:site_name\" content=\"Weenat\" \/>\n<meta property=\"article:publisher\" content=\"https:\/\/www.facebook.com\/weenatcom\/\" \/>\n<meta property=\"article:modified_time\" content=\"2025-11-27T17:06:35+00:00\" \/>\n<meta name=\"twitter:card\" content=\"summary_large_image\" \/>\n<meta name=\"twitter:label1\" content=\"Szacowany czas czytania\" \/>\n\t<meta name=\"twitter:data1\" content=\"2 minuty\" \/>\n<script type=\"application\/ld+json\" class=\"yoast-schema-graph\">{\"@context\":\"https:\\\/\\\/schema.org\",\"@graph\":[{\"@type\":\"WebPage\",\"@id\":\"https:\\\/\\\/weenat.com\\\/pl\\\/zapytanie-ofertowe\\\/\",\"url\":\"https:\\\/\\\/weenat.com\\\/pl\\\/zapytanie-ofertowe\\\/\",\"name\":\"Uzyskaj darmow\u0105, niezobowi\u0105zuj\u0105c\u0105 wycen\u0119 | Weenat\",\"isPartOf\":{\"@id\":\"https:\\\/\\\/weenat.com\\\/pl\\\/#website\"},\"datePublished\":\"2019-12-20T08:49:48+00:00\",\"dateModified\":\"2025-11-27T17:06:35+00:00\",\"description\":\"Interesuj\u0105 Ci\u0119 nasze rozwi\u0105zania w zakresie monitorowania pogody i precyzyjnej agronomii? Uzyskaj bezp\u0142atn\u0105, niezobowi\u0105zuj\u0105c\u0105 wycen\u0119 w ci\u0105gu 48 godzin!\",\"breadcrumb\":{\"@id\":\"https:\\\/\\\/weenat.com\\\/pl\\\/zapytanie-ofertowe\\\/#breadcrumb\"},\"inLanguage\":\"pl-PL\",\"potentialAction\":[{\"@type\":\"ReadAction\",\"target\":[\"https:\\\/\\\/weenat.com\\\/pl\\\/zapytanie-ofertowe\\\/\"]}]},{\"@type\":\"BreadcrumbList\",\"@id\":\"https:\\\/\\\/weenat.com\\\/pl\\\/zapytanie-ofertowe\\\/#breadcrumb\",\"itemListElement\":[{\"@type\":\"ListItem\",\"position\":1,\"name\":\"Weenat\",\"item\":\"https:\\\/\\\/weenat.com\\\/pl\\\/\"},{\"@type\":\"ListItem\",\"position\":2,\"name\":\"Zapytanie ofertowe\"}]},{\"@type\":\"WebSite\",\"@id\":\"https:\\\/\\\/weenat.com\\\/pl\\\/#website\",\"url\":\"https:\\\/\\\/weenat.com\\\/pl\\\/\",\"name\":\"Weenat\",\"description\":\"\",\"publisher\":{\"@id\":\"https:\\\/\\\/weenat.com\\\/pl\\\/#organization\"},\"potentialAction\":[{\"@type\":\"SearchAction\",\"target\":{\"@type\":\"EntryPoint\",\"urlTemplate\":\"https:\\\/\\\/weenat.com\\\/pl\\\/?s={search_term_string}\"},\"query-input\":{\"@type\":\"PropertyValueSpecification\",\"valueRequired\":true,\"valueName\":\"search_term_string\"}}],\"inLanguage\":\"pl-PL\"},{\"@type\":\"Organization\",\"@id\":\"https:\\\/\\\/weenat.com\\\/pl\\\/#organization\",\"name\":\"Weenat\",\"url\":\"https:\\\/\\\/weenat.com\\\/pl\\\/\",\"logo\":{\"@type\":\"ImageObject\",\"inLanguage\":\"pl-PL\",\"@id\":\"https:\\\/\\\/weenat.com\\\/pl\\\/#\\\/schema\\\/logo\\\/image\\\/\",\"url\":\"https:\\\/\\\/weenat.com\\\/wp-content\\\/uploads\\\/2025\\\/11\\\/Logo_Bleu_Weenat.svg\",\"contentUrl\":\"https:\\\/\\\/weenat.com\\\/wp-content\\\/uploads\\\/2025\\\/11\\\/Logo_Bleu_Weenat.svg\",\"width\":753,\"height\":175,\"caption\":\"Weenat\"},\"image\":{\"@id\":\"https:\\\/\\\/weenat.com\\\/pl\\\/#\\\/schema\\\/logo\\\/image\\\/\"},\"sameAs\":[\"https:\\\/\\\/www.facebook.com\\\/weenatcom\\\/\",\"https:\\\/\\\/www.instagram.com\\\/weenat_solutions\\\/\",\"https:\\\/\\\/www.linkedin.com\\\/company\\\/weenat-solutions\"]}]}<\/script>\n<!-- \/ Yoast SEO plugin. -->","yoast_head_json":{"title":"Uzyskaj darmow\u0105, niezobowi\u0105zuj\u0105c\u0105 wycen\u0119 | Weenat","description":"Interesuj\u0105 Ci\u0119 nasze rozwi\u0105zania w zakresie monitorowania pogody i precyzyjnej agronomii? Uzyskaj bezp\u0142atn\u0105, niezobowi\u0105zuj\u0105c\u0105 wycen\u0119 w ci\u0105gu 48 godzin!","robots":{"index":"index","follow":"follow","max-snippet":"max-snippet:-1","max-image-preview":"max-image-preview:large","max-video-preview":"max-video-preview:-1"},"canonical":"https:\/\/weenat.com\/pl\/zapytanie-ofertowe\/","og_locale":"pl_PL","og_type":"article","og_title":"Uzyskaj darmow\u0105, niezobowi\u0105zuj\u0105c\u0105 wycen\u0119 | Weenat","og_description":"Interesuj\u0105 Ci\u0119 nasze rozwi\u0105zania w zakresie monitorowania pogody i precyzyjnej agronomii? Uzyskaj bezp\u0142atn\u0105, niezobowi\u0105zuj\u0105c\u0105 wycen\u0119 w ci\u0105gu 48 godzin!","og_url":"https:\/\/weenat.com\/pl\/zapytanie-ofertowe\/","og_site_name":"Weenat","article_publisher":"https:\/\/www.facebook.com\/weenatcom\/","article_modified_time":"2025-11-27T17:06:35+00:00","twitter_card":"summary_large_image","twitter_misc":{"Szacowany czas czytania":"2 minuty"},"schema":{"@context":"https:\/\/schema.org","@graph":[{"@type":"WebPage","@id":"https:\/\/weenat.com\/pl\/zapytanie-ofertowe\/","url":"https:\/\/weenat.com\/pl\/zapytanie-ofertowe\/","name":"Uzyskaj darmow\u0105, niezobowi\u0105zuj\u0105c\u0105 wycen\u0119 | Weenat","isPartOf":{"@id":"https:\/\/weenat.com\/pl\/#website"},"datePublished":"2019-12-20T08:49:48+00:00","dateModified":"2025-11-27T17:06:35+00:00","description":"Interesuj\u0105 Ci\u0119 nasze rozwi\u0105zania w zakresie monitorowania pogody i precyzyjnej agronomii? Uzyskaj bezp\u0142atn\u0105, niezobowi\u0105zuj\u0105c\u0105 wycen\u0119 w ci\u0105gu 48 godzin!","breadcrumb":{"@id":"https:\/\/weenat.com\/pl\/zapytanie-ofertowe\/#breadcrumb"},"inLanguage":"pl-PL","potentialAction":[{"@type":"ReadAction","target":["https:\/\/weenat.com\/pl\/zapytanie-ofertowe\/"]}]},{"@type":"BreadcrumbList","@id":"https:\/\/weenat.com\/pl\/zapytanie-ofertowe\/#breadcrumb","itemListElement":[{"@type":"ListItem","position":1,"name":"Weenat","item":"https:\/\/weenat.com\/pl\/"},{"@type":"ListItem","position":2,"name":"Zapytanie ofertowe"}]},{"@type":"WebSite","@id":"https:\/\/weenat.com\/pl\/#website","url":"https:\/\/weenat.com\/pl\/","name":"Weenat","description":"","publisher":{"@id":"https:\/\/weenat.com\/pl\/#organization"},"potentialAction":[{"@type":"SearchAction","target":{"@type":"EntryPoint","urlTemplate":"https:\/\/weenat.com\/pl\/?s={search_term_string}"},"query-input":{"@type":"PropertyValueSpecification","valueRequired":true,"valueName":"search_term_string"}}],"inLanguage":"pl-PL"},{"@type":"Organization","@id":"https:\/\/weenat.com\/pl\/#organization","name":"Weenat","url":"https:\/\/weenat.com\/pl\/","logo":{"@type":"ImageObject","inLanguage":"pl-PL","@id":"https:\/\/weenat.com\/pl\/#\/schema\/logo\/image\/","url":"https:\/\/weenat.com\/wp-content\/uploads\/2025\/11\/Logo_Bleu_Weenat.svg","contentUrl":"https:\/\/weenat.com\/wp-content\/uploads\/2025\/11\/Logo_Bleu_Weenat.svg","width":753,"height":175,"caption":"Weenat"},"image":{"@id":"https:\/\/weenat.com\/pl\/#\/schema\/logo\/image\/"},"sameAs":["https:\/\/www.facebook.com\/weenatcom\/","https:\/\/www.instagram.com\/weenat_solutions\/","https:\/\/www.linkedin.com\/company\/weenat-solutions"]}]}},"_links":{"self":[{"href":"https:\/\/weenat.com\/pl\/wp-json\/wp\/v2\/pages\/290407","targetHints":{"allow":["GET"]}}],"collection":[{"href":"https:\/\/weenat.com\/pl\/wp-json\/wp\/v2\/pages"}],"about":[{"href":"https:\/\/weenat.com\/pl\/wp-json\/wp\/v2\/types\/page"}],"author":[{"embeddable":true,"href":"https:\/\/weenat.com\/pl\/wp-json\/wp\/v2\/users\/4"}],"replies":[{"embeddable":true,"href":"https:\/\/weenat.com\/pl\/wp-json\/wp\/v2\/comments?post=290407"}],"version-history":[{"count":0,"href":"https:\/\/weenat.com\/pl\/wp-json\/wp\/v2\/pages\/290407\/revisions"}],"wp:attachment":[{"href":"https:\/\/weenat.com\/pl\/wp-json\/wp\/v2\/media?parent=290407"}],"curies":[{"name":"wp","href":"https:\/\/api.w.org\/{rel}","templated":true}]}}