{"id":298602,"date":"2021-03-25T17:13:17","date_gmt":"2021-03-25T16:13:17","guid":{"rendered":"https:\/\/weenat.com\/cap-precision\/"},"modified":"2026-04-24T10:07:47","modified_gmt":"2026-04-24T08:07:47","slug":"maxima-precisao","status":"publish","type":"page","link":"https:\/\/weenat.com\/pt-pt\/maxima-precisao\/","title":{"rendered":"PT &#8211; Maxima Precisao &#8211; le guide gratuit pour piloter son irrigation"},"content":{"rendered":"<p>[et_pb_section fb_built=&#8221;1&#8243; _builder_version=&#8221;4.17.4&#8243; collapsed=&#8221;off&#8221; global_colors_info=&#8221;{}&#8221;][et_pb_row column_structure=&#8221;2_5,3_5&#8243; _builder_version=&#8221;4.27.5&#8243; width=&#8221;80%&#8221; hover_enabled=&#8221;0&#8243; global_colors_info=&#8221;{}&#8221; sticky_enabled=&#8221;0&#8243;][et_pb_column type=&#8221;2_5&#8243; _builder_version=&#8221;4.27.4&#8243; global_colors_info=&#8221;{}&#8221;][et_pb_image src=&#8221;https:\/\/weenat.com\/wp-content\/uploads\/2026\/04\/Mockup-ebook-irrigation-PT-2026.webp&#8221; alt=&#8221;Mockup-ebook-irrigation-PT-2026&#8243; title_text=&#8221;livre-blanc-irrigation-2&#8243; _builder_version=&#8221;4.27.5&#8243; _module_preset=&#8221;default&#8221; global_colors_info=&#8221;{}&#8221; hover_enabled=&#8221;0&#8243; sticky_enabled=&#8221;0&#8243; border_radii=&#8221;on|10px|10px|10px|10px&#8221; disabled_on=&#8221;on|on|off&#8221;][\/et_pb_image][\/et_pb_column][et_pb_column type=&#8221;3_5&#8243; _builder_version=&#8221;4.16&#8243; global_colors_info=&#8221;{}&#8221;][et_pb_text _builder_version=&#8221;4.27.5&#8243; _dynamic_attributes=&#8221;link_option_url&#8221; _module_preset=&#8221;9b2e0bcf-ed2e-43c7-9b84-aff5d7e930b2&#8243; link_option_url=&#8221;@ET-DC@eyJkeW5hbWljIjp0cnVlLCJjb250ZW50IjoicG9zdF9saW5rX3VybF9wYWdlIiwic2V0dGluZ3MiOnsicG9zdF9pZCI6IjgzMSJ9fQ==@&#8221; hover_enabled=&#8221;0&#8243; global_colors_info=&#8221;{}&#8221; sticky_enabled=&#8221;0&#8243;]<\/p>\n<h1>Diga adeus ao <span style=\"color: #0172A4;\">stress h\u00eddrico<\/span> e \u00e0 <span style=\"color: #0172A4;\">rega desnecess\u00e1ria<\/span><\/h1>\n<p>[\/et_pb_text][et_pb_text _builder_version=&#8221;4.27.5&#8243; _module_preset=&#8221;default&#8221; hover_enabled=&#8221;0&#8243; global_colors_info=&#8221;{}&#8221; sticky_enabled=&#8221;0&#8243;]<\/p>\n<p><strong>Est\u00e1 cansado de tomar decis\u00f5es \u201ca olho\u201d?<\/strong> Descubra como regar menos e melhor com sondas de controlo.<\/p>\n<p><strong>O que poder\u00e1 fazer no final deste guia:<\/strong><\/p>\n<p>\ud83d\ude80 Escolher uma solu\u00e7\u00e3o de gest\u00e3o da rega adaptada \u00e0s suas necessidades.<br \/>\ud83d\udcaa Instalar as suas sondas como um profissional, sem a ajuda de um t\u00e9cnico.<br \/>\ud83c\udf27 Acompanhar o que acontece nos seus solos ap\u00f3s uma chuva ou rega.<br \/>\ud83c\udf31 Compreender melhor as suas plantas e como consomem \u00e1gua.<br \/>\ud83d\udcc9 Poupar tempo, dinheiro e \u00e1gua.<br \/>\ud83d\udca7 E demonstrar, de uma vez por todas, aos seus vizinhos e \u00e0 administra\u00e7\u00e3o que rega exatamente onde \u00e9 necess\u00e1rio e quando \u00e9 necess\u00e1rio.<\/p>\n<p>[\/et_pb_text][et_pb_image src=&#8221;https:\/\/weenat.com\/wp-content\/uploads\/2026\/04\/Mockup-ebook-irrigation-PT-2026.webp&#8221; alt=&#8221;Mockup-ebook-irrigation-PT-2026&#8243; title_text=&#8221;livre-blanc-irrigation-2&#8243; _builder_version=&#8221;4.27.5&#8243; _module_preset=&#8221;default&#8221; global_colors_info=&#8221;{}&#8221; hover_enabled=&#8221;0&#8243; sticky_enabled=&#8221;0&#8243; border_radii=&#8221;on|10px|10px|10px|10px&#8221; disabled_on=&#8221;off|off|on&#8221;][\/et_pb_image][et_pb_button button_url=&#8221;#formulaire&#8221; button_text=&#8221;Quero controlar a minha rega&#8221; _builder_version=&#8221;4.27.5&#8243; _module_preset=&#8221;_initial&#8221; hover_enabled=&#8221;0&#8243; global_colors_info=&#8221;{}&#8221; sticky_enabled=&#8221;0&#8243;][\/et_pb_button][\/et_pb_column][\/et_pb_row][\/et_pb_section][et_pb_section fb_built=&#8221;1&#8243; module_id=&#8221;formulaire&#8221; _builder_version=&#8221;4.27.4&#8243; _module_preset=&#8221;default&#8221; global_colors_info=&#8221;{}&#8221;][et_pb_row _builder_version=&#8221;4.16&#8243; _module_preset=&#8221;default&#8221; global_colors_info=&#8221;{}&#8221;][et_pb_column type=&#8221;4_4&#8243; _builder_version=&#8221;4.16&#8243; _module_preset=&#8221;default&#8221; global_colors_info=&#8221;{}&#8221;][et_pb_text _builder_version=&#8221;4.27.5&#8243; _dynamic_attributes=&#8221;link_option_url&#8221; _module_preset=&#8221;a911bbfb-d5ea-4b1c-a805-a3c8d79268a7&#8243; header_text_align=&#8221;center&#8221; header_line_height=&#8221;1.3em&#8221; background_enable_color=&#8221;off&#8221; module_alignment=&#8221;center&#8221; custom_padding=&#8221;0px|||||&#8221; link_option_url=&#8221;@ET-DC@eyJkeW5hbWljIjp0cnVlLCJjb250ZW50IjoicG9zdF9saW5rX3VybF9wYWdlIiwic2V0dGluZ3MiOnsicG9zdF9pZCI6IjgzMSJ9fQ==@&#8221; hover_enabled=&#8221;0&#8243; global_colors_info=&#8221;{}&#8221; sticky_enabled=&#8221;0&#8243;]<\/p>\n<h2 style=\"text-align: center;\">Receba o seu guia gratuito &#8211; M\u00c1XIMA PRECIS\u00c3O<\/h2>\n<p>[\/et_pb_text][et_pb_text _builder_version=&#8221;4.27.5&#8243; _module_preset=&#8221;default&#8221; hover_enabled=&#8221;0&#8243; locked=&#8221;off&#8221; global_colors_info=&#8221;{}&#8221; sticky_enabled=&#8221;0&#8243;]<\/p>\n<p style=\"text-align: center;\">O \u00fanico m\u00e9todo que lhe explica passo a passo como aumentar o rendimento da sua rega gra\u00e7as \u00e0s sondas de controlo.<\/p>\n<p>[\/et_pb_text][et_pb_code _builder_version=&#8221;4.27.5&#8243; _module_preset=&#8221;default&#8221; min_height=&#8221;535px&#8221; custom_margin=&#8221;3%||||false|false&#8221; hover_enabled=&#8221;0&#8243; border_radii=&#8221;on|10px|10px|10px|10px&#8221; border_width_all=&#8221;1px&#8221; border_color_all=&#8221;#002635&#8243; global_colors_info=&#8221;{}&#8221; sticky_enabled=&#8221;0&#8243;]<script src=\"https:\/\/js-eu1.hsforms.net\/forms\/embed\/145695827.js\" defer><\/script><!-- [et_pb_line_break_holder] --><\/p>\n<div class=\"hs-form-frame\" data-region=\"eu1\" data-form-id=\"945f76cf-9c74-4eb5-9c7d-897dd5535f5e\" data-portal-id=\"145695827\"><\/div>\n<p>[\/et_pb_code][\/et_pb_column][\/et_pb_row][\/et_pb_section][et_pb_section fb_built=&#8221;1&#8243; _builder_version=&#8221;4.27.4&#8243; use_background_color_gradient=&#8221;on&#8221; background_color_gradient_stops=&#8221;rgba(255,255,255,0) 2%|rgba(1,114,164,0.1) 100%&#8221; locked=&#8221;off&#8221; collapsed=&#8221;off&#8221; global_colors_info=&#8221;{}&#8221;][et_pb_row column_structure=&#8221;2_3,1_3&#8243; _builder_version=&#8221;4.27.5&#8243; hover_enabled=&#8221;0&#8243; global_colors_info=&#8221;{}&#8221; sticky_enabled=&#8221;0&#8243;][et_pb_column type=&#8221;2_3&#8243; _builder_version=&#8221;4.27.5&#8243; background_color=&#8221;#FFFFFF&#8221; custom_padding=&#8221;3%|5%|3%|5%|true|true&#8221; hover_enabled=&#8221;0&#8243; border_radii=&#8221;on|10px|10px|10px|10px&#8221; box_shadow_style=&#8221;preset3&#8243; global_colors_info=&#8221;{}&#8221; sticky_enabled=&#8221;0&#8243;][et_pb_text _builder_version=&#8221;4.27.5&#8243; global_colors_info=&#8221;{}&#8221;]<\/p>\n<p><em>Para n\u00f3s, a aplica\u00e7\u00e3o da Weenat \u00e9 fundamental; consultamo-la todos os dias para saber qual foi a efic\u00e1cia das regas, se devemos aumentar as horas, a frequ\u00eancia ou se, pelo contr\u00e1rio, estamos a regar com demasiada frequ\u00eancia.<\/em><\/p>\n<p><strong>Carlos Urzaiz<\/strong><br \/>Diretor t\u00e9cnico da Aceites Artajo<\/p>\n<p>[\/et_pb_text][et_pb_button button_url=&#8221;#formulaire&#8221; button_text=&#8221;Quero controlar a minha rega&#8221; _builder_version=&#8221;4.27.5&#8243; _module_preset=&#8221;_initial&#8221; hover_enabled=&#8221;0&#8243; global_colors_info=&#8221;{}&#8221; sticky_enabled=&#8221;0&#8243; locked=&#8221;off&#8221;][\/et_pb_button][\/et_pb_column][et_pb_column type=&#8221;1_3&#8243; _builder_version=&#8221;4.16&#8243; global_colors_info=&#8221;{}&#8221;][et_pb_image src=&#8221;https:\/\/weenat.com\/wp-content\/uploads\/2023\/09\/Weenat-Artajo-web.jpg&#8221; alt=&#8221;thierry-baillet-agriculteur-aujourdhui&#8221; _builder_version=&#8221;4.27.5&#8243; _module_preset=&#8221;default&#8221; hover_enabled=&#8221;0&#8243; border_radii=&#8221;on|10px|10px|10px|10px&#8221; global_colors_info=&#8221;{}&#8221; sticky_enabled=&#8221;0&#8243;][\/et_pb_image][\/et_pb_column][\/et_pb_row][\/et_pb_section]<\/p>\n","protected":false},"excerpt":{"rendered":"<p>Diga adeus ao stress h\u00eddrico e \u00e0 rega desnecess\u00e1riaEst\u00e1 cansado de tomar decis\u00f5es \u201ca olho\u201d? Descubra como regar menos e melhor com sondas de controlo. O que poder\u00e1 fazer no final deste guia: \ud83d\ude80 Escolher uma solu\u00e7\u00e3o de gest\u00e3o da rega adaptada \u00e0s suas necessidades.\ud83d\udcaa Instalar as suas sondas como um profissional, sem a ajuda [&hellip;]<\/p>\n","protected":false},"author":4,"featured_media":0,"parent":0,"menu_order":0,"comment_status":"closed","ping_status":"closed","template":"","meta":{"_acf_changed":false,"_et_pb_use_builder":"on","_et_pb_old_content":"","_et_gb_content_width":"","footnotes":""},"class_list":["post-298602","page","type-page","status-publish","hentry"],"acf":[],"yoast_head":"<!-- This site is optimized with the Yoast SEO plugin v27.3 - https:\/\/yoast.com\/product\/yoast-seo-wordpress\/ -->\n<title>O guia da rega GRATUITO: M\u00e1xima Precis\u00e3o | Weenat<\/title>\n<meta name=\"description\" content=\"Est\u00e1 farto de tomar decis\u00f5es \u201ca olho\u201d? Descubra neste guia gratuito como regar menos e melhor gra\u00e7as \u00e0s sondas de controlo.\" \/>\n<meta name=\"robots\" content=\"index, follow, max-snippet:-1, max-image-preview:large, max-video-preview:-1\" \/>\n<link rel=\"canonical\" href=\"https:\/\/weenat.com\/pt-pt\/maxima-precisao\/\" \/>\n<meta property=\"og:locale\" content=\"pt_PT\" \/>\n<meta property=\"og:type\" content=\"article\" \/>\n<meta property=\"og:title\" content=\"O guia da rega GRATUITO: M\u00e1xima Precis\u00e3o | Weenat\" \/>\n<meta property=\"og:description\" content=\"Est\u00e1 farto de tomar decis\u00f5es \u201ca olho\u201d? Descubra neste guia gratuito como regar menos e melhor gra\u00e7as \u00e0s sondas de controlo.\" \/>\n<meta property=\"og:url\" content=\"https:\/\/weenat.com\/pt-pt\/maxima-precisao\/\" \/>\n<meta property=\"og:site_name\" content=\"Weenat\" \/>\n<meta property=\"article:publisher\" content=\"https:\/\/www.facebook.com\/weenatcom\/\" \/>\n<meta property=\"article:modified_time\" content=\"2026-04-24T08:07:47+00:00\" \/>\n<meta name=\"twitter:card\" content=\"summary_large_image\" \/>\n<meta name=\"twitter:label1\" content=\"Tempo estimado de leitura\" \/>\n\t<meta name=\"twitter:data1\" content=\"2 minutos\" \/>\n<script type=\"application\/ld+json\" class=\"yoast-schema-graph\">{\"@context\":\"https:\\\/\\\/schema.org\",\"@graph\":[{\"@type\":\"WebPage\",\"@id\":\"https:\\\/\\\/weenat.com\\\/pt-pt\\\/maxima-precisao\\\/\",\"url\":\"https:\\\/\\\/weenat.com\\\/pt-pt\\\/maxima-precisao\\\/\",\"name\":\"O guia da rega GRATUITO: M\u00e1xima Precis\u00e3o | Weenat\",\"isPartOf\":{\"@id\":\"https:\\\/\\\/weenat.com\\\/pt-pt\\\/#website\"},\"datePublished\":\"2021-03-25T16:13:17+00:00\",\"dateModified\":\"2026-04-24T08:07:47+00:00\",\"description\":\"Est\u00e1 farto de tomar decis\u00f5es \u201ca olho\u201d? Descubra neste guia gratuito como regar menos e melhor gra\u00e7as \u00e0s sondas de controlo.\",\"breadcrumb\":{\"@id\":\"https:\\\/\\\/weenat.com\\\/pt-pt\\\/maxima-precisao\\\/#breadcrumb\"},\"inLanguage\":\"pt-PT\",\"potentialAction\":[{\"@type\":\"ReadAction\",\"target\":[\"https:\\\/\\\/weenat.com\\\/pt-pt\\\/maxima-precisao\\\/\"]}]},{\"@type\":\"BreadcrumbList\",\"@id\":\"https:\\\/\\\/weenat.com\\\/pt-pt\\\/maxima-precisao\\\/#breadcrumb\",\"itemListElement\":[{\"@type\":\"ListItem\",\"position\":1,\"name\":\"Weenat\",\"item\":\"https:\\\/\\\/weenat.com\\\/pt-pt\\\/\"},{\"@type\":\"ListItem\",\"position\":2,\"name\":\"M\u00e1xima Precis\u00e3o\"}]},{\"@type\":\"WebSite\",\"@id\":\"https:\\\/\\\/weenat.com\\\/pt-pt\\\/#website\",\"url\":\"https:\\\/\\\/weenat.com\\\/pt-pt\\\/\",\"name\":\"Weenat\",\"description\":\"\",\"publisher\":{\"@id\":\"https:\\\/\\\/weenat.com\\\/pt-pt\\\/#organization\"},\"potentialAction\":[{\"@type\":\"SearchAction\",\"target\":{\"@type\":\"EntryPoint\",\"urlTemplate\":\"https:\\\/\\\/weenat.com\\\/pt-pt\\\/?s={search_term_string}\"},\"query-input\":{\"@type\":\"PropertyValueSpecification\",\"valueRequired\":true,\"valueName\":\"search_term_string\"}}],\"inLanguage\":\"pt-PT\"},{\"@type\":\"Organization\",\"@id\":\"https:\\\/\\\/weenat.com\\\/pt-pt\\\/#organization\",\"name\":\"Weenat\",\"url\":\"https:\\\/\\\/weenat.com\\\/pt-pt\\\/\",\"logo\":{\"@type\":\"ImageObject\",\"inLanguage\":\"pt-PT\",\"@id\":\"https:\\\/\\\/weenat.com\\\/pt-pt\\\/#\\\/schema\\\/logo\\\/image\\\/\",\"url\":\"https:\\\/\\\/weenat.com\\\/wp-content\\\/uploads\\\/2025\\\/11\\\/Logo_Bleu_Weenat.svg\",\"contentUrl\":\"https:\\\/\\\/weenat.com\\\/wp-content\\\/uploads\\\/2025\\\/11\\\/Logo_Bleu_Weenat.svg\",\"width\":753,\"height\":175,\"caption\":\"Weenat\"},\"image\":{\"@id\":\"https:\\\/\\\/weenat.com\\\/pt-pt\\\/#\\\/schema\\\/logo\\\/image\\\/\"},\"sameAs\":[\"https:\\\/\\\/www.facebook.com\\\/weenatcom\\\/\",\"https:\\\/\\\/www.instagram.com\\\/weenat_solutions\\\/\",\"https:\\\/\\\/www.linkedin.com\\\/company\\\/weenat-solutions\"]}]}<\/script>\n<!-- \/ Yoast SEO plugin. -->","yoast_head_json":{"title":"O guia da rega GRATUITO: M\u00e1xima Precis\u00e3o | Weenat","description":"Est\u00e1 farto de tomar decis\u00f5es \u201ca olho\u201d? Descubra neste guia gratuito como regar menos e melhor gra\u00e7as \u00e0s sondas de controlo.","robots":{"index":"index","follow":"follow","max-snippet":"max-snippet:-1","max-image-preview":"max-image-preview:large","max-video-preview":"max-video-preview:-1"},"canonical":"https:\/\/weenat.com\/pt-pt\/maxima-precisao\/","og_locale":"pt_PT","og_type":"article","og_title":"O guia da rega GRATUITO: M\u00e1xima Precis\u00e3o | Weenat","og_description":"Est\u00e1 farto de tomar decis\u00f5es \u201ca olho\u201d? Descubra neste guia gratuito como regar menos e melhor gra\u00e7as \u00e0s sondas de controlo.","og_url":"https:\/\/weenat.com\/pt-pt\/maxima-precisao\/","og_site_name":"Weenat","article_publisher":"https:\/\/www.facebook.com\/weenatcom\/","article_modified_time":"2026-04-24T08:07:47+00:00","twitter_card":"summary_large_image","twitter_misc":{"Tempo estimado de leitura":"2 minutos"},"schema":{"@context":"https:\/\/schema.org","@graph":[{"@type":"WebPage","@id":"https:\/\/weenat.com\/pt-pt\/maxima-precisao\/","url":"https:\/\/weenat.com\/pt-pt\/maxima-precisao\/","name":"O guia da rega GRATUITO: M\u00e1xima Precis\u00e3o | Weenat","isPartOf":{"@id":"https:\/\/weenat.com\/pt-pt\/#website"},"datePublished":"2021-03-25T16:13:17+00:00","dateModified":"2026-04-24T08:07:47+00:00","description":"Est\u00e1 farto de tomar decis\u00f5es \u201ca olho\u201d? Descubra neste guia gratuito como regar menos e melhor gra\u00e7as \u00e0s sondas de controlo.","breadcrumb":{"@id":"https:\/\/weenat.com\/pt-pt\/maxima-precisao\/#breadcrumb"},"inLanguage":"pt-PT","potentialAction":[{"@type":"ReadAction","target":["https:\/\/weenat.com\/pt-pt\/maxima-precisao\/"]}]},{"@type":"BreadcrumbList","@id":"https:\/\/weenat.com\/pt-pt\/maxima-precisao\/#breadcrumb","itemListElement":[{"@type":"ListItem","position":1,"name":"Weenat","item":"https:\/\/weenat.com\/pt-pt\/"},{"@type":"ListItem","position":2,"name":"M\u00e1xima Precis\u00e3o"}]},{"@type":"WebSite","@id":"https:\/\/weenat.com\/pt-pt\/#website","url":"https:\/\/weenat.com\/pt-pt\/","name":"Weenat","description":"","publisher":{"@id":"https:\/\/weenat.com\/pt-pt\/#organization"},"potentialAction":[{"@type":"SearchAction","target":{"@type":"EntryPoint","urlTemplate":"https:\/\/weenat.com\/pt-pt\/?s={search_term_string}"},"query-input":{"@type":"PropertyValueSpecification","valueRequired":true,"valueName":"search_term_string"}}],"inLanguage":"pt-PT"},{"@type":"Organization","@id":"https:\/\/weenat.com\/pt-pt\/#organization","name":"Weenat","url":"https:\/\/weenat.com\/pt-pt\/","logo":{"@type":"ImageObject","inLanguage":"pt-PT","@id":"https:\/\/weenat.com\/pt-pt\/#\/schema\/logo\/image\/","url":"https:\/\/weenat.com\/wp-content\/uploads\/2025\/11\/Logo_Bleu_Weenat.svg","contentUrl":"https:\/\/weenat.com\/wp-content\/uploads\/2025\/11\/Logo_Bleu_Weenat.svg","width":753,"height":175,"caption":"Weenat"},"image":{"@id":"https:\/\/weenat.com\/pt-pt\/#\/schema\/logo\/image\/"},"sameAs":["https:\/\/www.facebook.com\/weenatcom\/","https:\/\/www.instagram.com\/weenat_solutions\/","https:\/\/www.linkedin.com\/company\/weenat-solutions"]}]}},"_links":{"self":[{"href":"https:\/\/weenat.com\/pt-pt\/wp-json\/wp\/v2\/pages\/298602","targetHints":{"allow":["GET"]}}],"collection":[{"href":"https:\/\/weenat.com\/pt-pt\/wp-json\/wp\/v2\/pages"}],"about":[{"href":"https:\/\/weenat.com\/pt-pt\/wp-json\/wp\/v2\/types\/page"}],"author":[{"embeddable":true,"href":"https:\/\/weenat.com\/pt-pt\/wp-json\/wp\/v2\/users\/4"}],"replies":[{"embeddable":true,"href":"https:\/\/weenat.com\/pt-pt\/wp-json\/wp\/v2\/comments?post=298602"}],"version-history":[{"count":10,"href":"https:\/\/weenat.com\/pt-pt\/wp-json\/wp\/v2\/pages\/298602\/revisions"}],"predecessor-version":[{"id":298676,"href":"https:\/\/weenat.com\/pt-pt\/wp-json\/wp\/v2\/pages\/298602\/revisions\/298676"}],"wp:attachment":[{"href":"https:\/\/weenat.com\/pt-pt\/wp-json\/wp\/v2\/media?parent=298602"}],"curies":[{"name":"wp","href":"https:\/\/api.w.org\/{rel}","templated":true}]}}